{"id":4537,"date":"2024-09-16T15:45:29","date_gmt":"2024-09-16T12:45:29","guid":{"rendered":"https:\/\/www.sarfati.co.il\/product\/filet-de-saumon-fume-a-chaud-au-miel\/"},"modified":"2025-03-18T15:47:46","modified_gmt":"2025-03-18T13:47:46","slug":"filet-de-saumon-fume-a-chaud-au-miel","status":"publish","type":"product","link":"https:\/\/www.sarfati.co.il\/fr\/product\/filet-de-saumon-fume-a-chaud-au-miel\/","title":{"rendered":"Filet de saumon fum\u00e9 \u00e0 chaud au miel"},"content":{"rendered":"<p>Qu\u2019est-ce que le saumon fum\u00e9 \u00e0 chaud ?<\/p>\n<p>Le fumage \u00e0 chaud consiste \u00e0 cuire le poisson pendant le processus de fumage, lorsque la temp\u00e9rature atteint 80 degr\u00e9s Celsius.<br \/>\n\u00c9videmment, tout comme le fumage \u00e0 froid, il y aura des \u00e9tapes avant de fumer, comme le sel et l\u2019ajout de divers ingr\u00e9dients qui donneront la saveur souhait\u00e9e au produit final.<\/p>\n<p>Chez nous, la m\u00e9thode de fumage \u00e0 chaud se fait tr\u00e8s doucement afin de conserver une texture douce et savoureuse apr\u00e8s la cuisson.<br \/>\nDans notre fumoir, les capteurs de temp\u00e9rature, qui sont connect\u00e9s au serveur, nous permettent de suivre un cycle de temp\u00e9rature constant pour une augmentation progressive qui atteindra 70 \u00e0 80 degr\u00e9s Celsius. Cela permet au saumon de cuire tout en pr\u00e9servant sa chair rose : c\u2019est pourquoi il fond surtout en bouche et conserve toutes ses propri\u00e9t\u00e9s nutritionnelles.<\/p>\n<p>\u00c0 chaque bouch\u00e9e, vous d\u00e9couvrirez des saveurs parfaitement \u00e9quilibr\u00e9es de sucr\u00e9, de sal\u00e9 et de fum\u00e9 au c\u0153ur d\u2019un saumon parfaitement tendre et rose gr\u00e2ce \u00e0 une cuisson lente juste \u00e0 l\u2019essentiel.<\/p>\n<p>Emball\u00e9 sous vide\/r\u00e9frig\u00e9r\u00e9\/congelable.<\/p>\n<p>Le poids du filet varie de 1,8 \u00e0 1,2 kg<br \/>\n, le prix final sera d\u00e9termin\u00e9 apr\u00e8s la pes\u00e9e et la pr\u00e9paration de la commande.<\/p>\n<p>Casher : Badatz, la communaut\u00e9 ultra-orthodoxe<\/p>\n","protected":false},"excerpt":{"rendered":"<p>Qu\u2019est-ce que le saumon fum\u00e9 \u00e0 chaud ? Le fumage \u00e0 chaud consiste \u00e0 cuire le poisson pendant le processus de fumage, lorsque la temp\u00e9rature atteint 80 degr\u00e9s Celsius. \u00c9videmment, tout comme le fumage \u00e0 froid, il y aura des \u00e9tapes avant de fumer, comme le sel et l\u2019ajout de divers ingr\u00e9dients qui donneront la [&hellip;]<\/p>\n","protected":false},"featured_media":3932,"comment_status":"open","ping_status":"closed","template":"","meta":[],"product_brand":[],"product_cat":[311,147,148,145,146,158],"product_tag":[334],"class_list":{"0":"post-4537","1":"product","2":"type-product","3":"status-publish","4":"has-post-thumbnail","6":"product_cat-casher-pour-pessah-badatz-beit-yossef","7":"product_cat-filets","8":"product_cat-kosher-badatzde-la-eidah-haharedit","9":"product_cat-non-classifiee","10":"product_cat-poisson-fume-a-chaud","11":"product_cat-poisson-fume-et-marine","12":"product_tag-casher-pour-pessah-2","14":"first","15":"instock","16":"shipping-taxable","17":"purchasable","18":"product-type-variable"},"yoast_head":"<!-- This site is optimized with the Yoast SEO plugin v27.3 - https:\/\/yoast.com\/product\/yoast-seo-wordpress\/ -->\n<title>Filet de saumon fum\u00e9 \u00e0 chaud au miel - \u05e6\u05e8\u05e4\u05ea\u05d9 \u05d3\u05d2\u05d9\u05dd \u05de\u05e2\u05d5\u05e9\u05e0\u05d9\u05dd<\/title>\n<meta name=\"robots\" content=\"index, follow, max-snippet:-1, max-image-preview:large, max-video-preview:-1\" \/>\n<link rel=\"canonical\" href=\"https:\/\/www.sarfati.co.il\/fr\/product\/filet-de-saumon-fume-a-chaud-au-miel\/\" \/>\n<meta property=\"og:locale\" content=\"fr_FR\" \/>\n<meta property=\"og:type\" content=\"article\" \/>\n<meta property=\"og:title\" content=\"Filet de saumon fum\u00e9 \u00e0 chaud au miel - \u05e6\u05e8\u05e4\u05ea\u05d9 \u05d3\u05d2\u05d9\u05dd \u05de\u05e2\u05d5\u05e9\u05e0\u05d9\u05dd\" \/>\n<meta property=\"og:description\" content=\"Qu\u2019est-ce que le saumon fum\u00e9 \u00e0 chaud ? Le fumage \u00e0 chaud consiste \u00e0 cuire le poisson pendant le processus de fumage, lorsque la temp\u00e9rature atteint 80 degr\u00e9s Celsius. \u00c9videmment, tout comme le fumage \u00e0 froid, il y aura des \u00e9tapes avant de fumer, comme le sel et l\u2019ajout de divers ingr\u00e9dients qui donneront la [&hellip;]\" \/>\n<meta property=\"og:url\" content=\"https:\/\/www.sarfati.co.il\/fr\/product\/filet-de-saumon-fume-a-chaud-au-miel\/\" \/>\n<meta property=\"og:site_name\" content=\"\u05e6\u05e8\u05e4\u05ea\u05d9 \u05d3\u05d2\u05d9\u05dd \u05de\u05e2\u05d5\u05e9\u05e0\u05d9\u05dd\" \/>\n<meta property=\"article:modified_time\" content=\"2025-03-18T13:47:46+00:00\" \/>\n<meta property=\"og:image\" content=\"https:\/\/www.sarfati.co.il\/wp-content\/uploads\/\u05de\u05e0\u05ea-\u05e1\u05dc\u05de\u05d5\u05df-\u05e2\u05d9\u05e9\u05d5\u05df-\u05d7\u05dd-2.jpg\" \/>\n\t<meta property=\"og:image:width\" content=\"1532\" \/>\n\t<meta property=\"og:image:height\" content=\"1431\" \/>\n\t<meta property=\"og:image:type\" content=\"image\/jpeg\" \/>\n<meta name=\"twitter:card\" content=\"summary_large_image\" \/>\n<meta name=\"twitter:label1\" content=\"Dur\u00e9e de lecture estim\u00e9e\" \/>\n\t<meta name=\"twitter:data1\" content=\"1 minute\" \/>\n<script type=\"application\/ld+json\" class=\"yoast-schema-graph\">{\"@context\":\"https:\\\/\\\/schema.org\",\"@graph\":[{\"@type\":\"WebPage\",\"@id\":\"https:\\\/\\\/www.sarfati.co.il\\\/fr\\\/product\\\/filet-de-saumon-fume-a-chaud-au-miel\\\/\",\"url\":\"https:\\\/\\\/www.sarfati.co.il\\\/fr\\\/product\\\/filet-de-saumon-fume-a-chaud-au-miel\\\/\",\"name\":\"Filet de saumon fum\u00e9 \u00e0 chaud au miel - \u05e6\u05e8\u05e4\u05ea\u05d9 \u05d3\u05d2\u05d9\u05dd \u05de\u05e2\u05d5\u05e9\u05e0\u05d9\u05dd\",\"isPartOf\":{\"@id\":\"https:\\\/\\\/www.sarfati.co.il\\\/fr\\\/#website\"},\"primaryImageOfPage\":{\"@id\":\"https:\\\/\\\/www.sarfati.co.il\\\/fr\\\/product\\\/filet-de-saumon-fume-a-chaud-au-miel\\\/#primaryimage\"},\"image\":{\"@id\":\"https:\\\/\\\/www.sarfati.co.il\\\/fr\\\/product\\\/filet-de-saumon-fume-a-chaud-au-miel\\\/#primaryimage\"},\"thumbnailUrl\":\"https:\\\/\\\/www.sarfati.co.il\\\/wp-content\\\/uploads\\\/\u05de\u05e0\u05ea-\u05e1\u05dc\u05de\u05d5\u05df-\u05e2\u05d9\u05e9\u05d5\u05df-\u05d7\u05dd-2.jpg\",\"datePublished\":\"2024-09-16T12:45:29+00:00\",\"dateModified\":\"2025-03-18T13:47:46+00:00\",\"breadcrumb\":{\"@id\":\"https:\\\/\\\/www.sarfati.co.il\\\/fr\\\/product\\\/filet-de-saumon-fume-a-chaud-au-miel\\\/#breadcrumb\"},\"inLanguage\":\"fr-FR\",\"potentialAction\":[{\"@type\":\"ReadAction\",\"target\":[\"https:\\\/\\\/www.sarfati.co.il\\\/fr\\\/product\\\/filet-de-saumon-fume-a-chaud-au-miel\\\/\"]}]},{\"@type\":\"ImageObject\",\"inLanguage\":\"fr-FR\",\"@id\":\"https:\\\/\\\/www.sarfati.co.il\\\/fr\\\/product\\\/filet-de-saumon-fume-a-chaud-au-miel\\\/#primaryimage\",\"url\":\"https:\\\/\\\/www.sarfati.co.il\\\/wp-content\\\/uploads\\\/\u05de\u05e0\u05ea-\u05e1\u05dc\u05de\u05d5\u05df-\u05e2\u05d9\u05e9\u05d5\u05df-\u05d7\u05dd-2.jpg\",\"contentUrl\":\"https:\\\/\\\/www.sarfati.co.il\\\/wp-content\\\/uploads\\\/\u05de\u05e0\u05ea-\u05e1\u05dc\u05de\u05d5\u05df-\u05e2\u05d9\u05e9\u05d5\u05df-\u05d7\u05dd-2.jpg\",\"width\":1532,\"height\":1431},{\"@type\":\"BreadcrumbList\",\"@id\":\"https:\\\/\\\/www.sarfati.co.il\\\/fr\\\/product\\\/filet-de-saumon-fume-a-chaud-au-miel\\\/#breadcrumb\",\"itemListElement\":[{\"@type\":\"ListItem\",\"position\":1,\"name\":\"\u05d3\u05e3 \u05d4\u05d1\u05d9\u05ea\",\"item\":\"https:\\\/\\\/www.sarfati.co.il\\\/fr\\\/domicile\\\/\"},{\"@type\":\"ListItem\",\"position\":2,\"name\":\"\u05d7\u05e0\u05d5\u05ea\",\"item\":\"https:\\\/\\\/www.sarfati.co.il\\\/shop\\\/\"},{\"@type\":\"ListItem\",\"position\":3,\"name\":\"Filet de saumon fum\u00e9 \u00e0 chaud au miel\"}]},{\"@type\":\"WebSite\",\"@id\":\"https:\\\/\\\/www.sarfati.co.il\\\/fr\\\/#website\",\"url\":\"https:\\\/\\\/www.sarfati.co.il\\\/fr\\\/\",\"name\":\"\u05e6\u05e8\u05e4\u05ea\u05d9 \u05d3\u05d2\u05d9\u05dd \u05de\u05e2\u05d5\u05e9\u05e0\u05d9\u05dd\",\"description\":\"\",\"publisher\":{\"@id\":\"https:\\\/\\\/www.sarfati.co.il\\\/fr\\\/#organization\"},\"potentialAction\":[{\"@type\":\"SearchAction\",\"target\":{\"@type\":\"EntryPoint\",\"urlTemplate\":\"https:\\\/\\\/www.sarfati.co.il\\\/fr\\\/?s={search_term_string}\"},\"query-input\":{\"@type\":\"PropertyValueSpecification\",\"valueRequired\":true,\"valueName\":\"search_term_string\"}}],\"inLanguage\":\"fr-FR\"},{\"@type\":\"Organization\",\"@id\":\"https:\\\/\\\/www.sarfati.co.il\\\/fr\\\/#organization\",\"name\":\"\u05e6\u05e8\u05e4\u05ea\u05d9 \u05d3\u05d2\u05d9\u05dd \u05de\u05e2\u05d5\u05e9\u05e0\u05d9\u05dd\",\"url\":\"https:\\\/\\\/www.sarfati.co.il\\\/fr\\\/\",\"logo\":{\"@type\":\"ImageObject\",\"inLanguage\":\"fr-FR\",\"@id\":\"https:\\\/\\\/www.sarfati.co.il\\\/fr\\\/#\\\/schema\\\/logo\\\/image\\\/\",\"url\":\"https:\\\/\\\/www.sarfati.co.il\\\/wp-content\\\/uploads\\\/2023\\\/06\\\/logo-01.png\",\"contentUrl\":\"https:\\\/\\\/www.sarfati.co.il\\\/wp-content\\\/uploads\\\/2023\\\/06\\\/logo-01.png\",\"width\":376,\"height\":209,\"caption\":\"\u05e6\u05e8\u05e4\u05ea\u05d9 \u05d3\u05d2\u05d9\u05dd \u05de\u05e2\u05d5\u05e9\u05e0\u05d9\u05dd\"},\"image\":{\"@id\":\"https:\\\/\\\/www.sarfati.co.il\\\/fr\\\/#\\\/schema\\\/logo\\\/image\\\/\"}}]}<\/script>\n<!-- \/ Yoast SEO plugin. -->","yoast_head_json":{"title":"Filet de saumon fum\u00e9 \u00e0 chaud au miel - \u05e6\u05e8\u05e4\u05ea\u05d9 \u05d3\u05d2\u05d9\u05dd \u05de\u05e2\u05d5\u05e9\u05e0\u05d9\u05dd","robots":{"index":"index","follow":"follow","max-snippet":"max-snippet:-1","max-image-preview":"max-image-preview:large","max-video-preview":"max-video-preview:-1"},"canonical":"https:\/\/www.sarfati.co.il\/fr\/product\/filet-de-saumon-fume-a-chaud-au-miel\/","og_locale":"fr_FR","og_type":"article","og_title":"Filet de saumon fum\u00e9 \u00e0 chaud au miel - \u05e6\u05e8\u05e4\u05ea\u05d9 \u05d3\u05d2\u05d9\u05dd \u05de\u05e2\u05d5\u05e9\u05e0\u05d9\u05dd","og_description":"Qu\u2019est-ce que le saumon fum\u00e9 \u00e0 chaud ? Le fumage \u00e0 chaud consiste \u00e0 cuire le poisson pendant le processus de fumage, lorsque la temp\u00e9rature atteint 80 degr\u00e9s Celsius. \u00c9videmment, tout comme le fumage \u00e0 froid, il y aura des \u00e9tapes avant de fumer, comme le sel et l\u2019ajout de divers ingr\u00e9dients qui donneront la [&hellip;]","og_url":"https:\/\/www.sarfati.co.il\/fr\/product\/filet-de-saumon-fume-a-chaud-au-miel\/","og_site_name":"\u05e6\u05e8\u05e4\u05ea\u05d9 \u05d3\u05d2\u05d9\u05dd \u05de\u05e2\u05d5\u05e9\u05e0\u05d9\u05dd","article_modified_time":"2025-03-18T13:47:46+00:00","og_image":[{"width":1532,"height":1431,"url":"https:\/\/www.sarfati.co.il\/wp-content\/uploads\/\u05de\u05e0\u05ea-\u05e1\u05dc\u05de\u05d5\u05df-\u05e2\u05d9\u05e9\u05d5\u05df-\u05d7\u05dd-2.jpg","type":"image\/jpeg"}],"twitter_card":"summary_large_image","twitter_misc":{"Dur\u00e9e de lecture estim\u00e9e":"1 minute"},"schema":{"@context":"https:\/\/schema.org","@graph":[{"@type":"WebPage","@id":"https:\/\/www.sarfati.co.il\/fr\/product\/filet-de-saumon-fume-a-chaud-au-miel\/","url":"https:\/\/www.sarfati.co.il\/fr\/product\/filet-de-saumon-fume-a-chaud-au-miel\/","name":"Filet de saumon fum\u00e9 \u00e0 chaud au miel - \u05e6\u05e8\u05e4\u05ea\u05d9 \u05d3\u05d2\u05d9\u05dd \u05de\u05e2\u05d5\u05e9\u05e0\u05d9\u05dd","isPartOf":{"@id":"https:\/\/www.sarfati.co.il\/fr\/#website"},"primaryImageOfPage":{"@id":"https:\/\/www.sarfati.co.il\/fr\/product\/filet-de-saumon-fume-a-chaud-au-miel\/#primaryimage"},"image":{"@id":"https:\/\/www.sarfati.co.il\/fr\/product\/filet-de-saumon-fume-a-chaud-au-miel\/#primaryimage"},"thumbnailUrl":"https:\/\/www.sarfati.co.il\/wp-content\/uploads\/\u05de\u05e0\u05ea-\u05e1\u05dc\u05de\u05d5\u05df-\u05e2\u05d9\u05e9\u05d5\u05df-\u05d7\u05dd-2.jpg","datePublished":"2024-09-16T12:45:29+00:00","dateModified":"2025-03-18T13:47:46+00:00","breadcrumb":{"@id":"https:\/\/www.sarfati.co.il\/fr\/product\/filet-de-saumon-fume-a-chaud-au-miel\/#breadcrumb"},"inLanguage":"fr-FR","potentialAction":[{"@type":"ReadAction","target":["https:\/\/www.sarfati.co.il\/fr\/product\/filet-de-saumon-fume-a-chaud-au-miel\/"]}]},{"@type":"ImageObject","inLanguage":"fr-FR","@id":"https:\/\/www.sarfati.co.il\/fr\/product\/filet-de-saumon-fume-a-chaud-au-miel\/#primaryimage","url":"https:\/\/www.sarfati.co.il\/wp-content\/uploads\/\u05de\u05e0\u05ea-\u05e1\u05dc\u05de\u05d5\u05df-\u05e2\u05d9\u05e9\u05d5\u05df-\u05d7\u05dd-2.jpg","contentUrl":"https:\/\/www.sarfati.co.il\/wp-content\/uploads\/\u05de\u05e0\u05ea-\u05e1\u05dc\u05de\u05d5\u05df-\u05e2\u05d9\u05e9\u05d5\u05df-\u05d7\u05dd-2.jpg","width":1532,"height":1431},{"@type":"BreadcrumbList","@id":"https:\/\/www.sarfati.co.il\/fr\/product\/filet-de-saumon-fume-a-chaud-au-miel\/#breadcrumb","itemListElement":[{"@type":"ListItem","position":1,"name":"\u05d3\u05e3 \u05d4\u05d1\u05d9\u05ea","item":"https:\/\/www.sarfati.co.il\/fr\/domicile\/"},{"@type":"ListItem","position":2,"name":"\u05d7\u05e0\u05d5\u05ea","item":"https:\/\/www.sarfati.co.il\/shop\/"},{"@type":"ListItem","position":3,"name":"Filet de saumon fum\u00e9 \u00e0 chaud au miel"}]},{"@type":"WebSite","@id":"https:\/\/www.sarfati.co.il\/fr\/#website","url":"https:\/\/www.sarfati.co.il\/fr\/","name":"\u05e6\u05e8\u05e4\u05ea\u05d9 \u05d3\u05d2\u05d9\u05dd \u05de\u05e2\u05d5\u05e9\u05e0\u05d9\u05dd","description":"","publisher":{"@id":"https:\/\/www.sarfati.co.il\/fr\/#organization"},"potentialAction":[{"@type":"SearchAction","target":{"@type":"EntryPoint","urlTemplate":"https:\/\/www.sarfati.co.il\/fr\/?s={search_term_string}"},"query-input":{"@type":"PropertyValueSpecification","valueRequired":true,"valueName":"search_term_string"}}],"inLanguage":"fr-FR"},{"@type":"Organization","@id":"https:\/\/www.sarfati.co.il\/fr\/#organization","name":"\u05e6\u05e8\u05e4\u05ea\u05d9 \u05d3\u05d2\u05d9\u05dd \u05de\u05e2\u05d5\u05e9\u05e0\u05d9\u05dd","url":"https:\/\/www.sarfati.co.il\/fr\/","logo":{"@type":"ImageObject","inLanguage":"fr-FR","@id":"https:\/\/www.sarfati.co.il\/fr\/#\/schema\/logo\/image\/","url":"https:\/\/www.sarfati.co.il\/wp-content\/uploads\/2023\/06\/logo-01.png","contentUrl":"https:\/\/www.sarfati.co.il\/wp-content\/uploads\/2023\/06\/logo-01.png","width":376,"height":209,"caption":"\u05e6\u05e8\u05e4\u05ea\u05d9 \u05d3\u05d2\u05d9\u05dd \u05de\u05e2\u05d5\u05e9\u05e0\u05d9\u05dd"},"image":{"@id":"https:\/\/www.sarfati.co.il\/fr\/#\/schema\/logo\/image\/"}}]}},"_links":{"self":[{"href":"https:\/\/www.sarfati.co.il\/fr\/wp-json\/wp\/v2\/product\/4537","targetHints":{"allow":["GET"]}}],"collection":[{"href":"https:\/\/www.sarfati.co.il\/fr\/wp-json\/wp\/v2\/product"}],"about":[{"href":"https:\/\/www.sarfati.co.il\/fr\/wp-json\/wp\/v2\/types\/product"}],"replies":[{"embeddable":true,"href":"https:\/\/www.sarfati.co.il\/fr\/wp-json\/wp\/v2\/comments?post=4537"}],"wp:featuredmedia":[{"embeddable":true,"href":"https:\/\/www.sarfati.co.il\/fr\/wp-json\/wp\/v2\/media\/3932"}],"wp:attachment":[{"href":"https:\/\/www.sarfati.co.il\/fr\/wp-json\/wp\/v2\/media?parent=4537"}],"wp:term":[{"taxonomy":"product_brand","embeddable":true,"href":"https:\/\/www.sarfati.co.il\/fr\/wp-json\/wp\/v2\/product_brand?post=4537"},{"taxonomy":"product_cat","embeddable":true,"href":"https:\/\/www.sarfati.co.il\/fr\/wp-json\/wp\/v2\/product_cat?post=4537"},{"taxonomy":"product_tag","embeddable":true,"href":"https:\/\/www.sarfati.co.il\/fr\/wp-json\/wp\/v2\/product_tag?post=4537"}],"curies":[{"name":"wp","href":"https:\/\/api.w.org\/{rel}","templated":true}]}}