{"id":4573,"date":"2024-09-10T14:11:27","date_gmt":"2024-09-10T11:11:27","guid":{"rendered":"https:\/\/www.sarfati.co.il\/product\/daurade-entiere-congelee-avec-assaisonnement-oriental-500-600-gr\/"},"modified":"2025-01-08T15:07:09","modified_gmt":"2025-01-08T13:07:09","slug":"daurade-entiere-congelee-avec-assaisonnement-oriental-500-600-gr","status":"publish","type":"product","link":"https:\/\/www.sarfati.co.il\/fr\/product\/daurade-entiere-congelee-avec-assaisonnement-oriental-500-600-gr\/","title":{"rendered":"Daurade enti\u00e8re congel\u00e9e avec assaisonnement oriental 500-600 gr"},"content":{"rendered":"<p>&nbsp;<\/p>\n<p>**Dorade enti\u00e8re congel\u00e9e avec assaisonnement oriental**<br \/>\n Dorade enti\u00e8re, fra\u00eeche et congel\u00e9e, assaisonn\u00e9e d\u2019un assaisonnement oriental riche et aromatique, qui donne au poisson des saveurs profondes et puissantes. Le poisson est conserv\u00e9 dans sa jutosit\u00e9 et devient croustillant et d\u00e9licat \u00e0 la cuisson. La daurade peut \u00eatre mise directement dans un four pr\u00e9chauff\u00e9 en mode grill pendant 15 \u00e0 20 minutes, ou dans une friteuse \u00e0 air en mode gril pendant seulement 10 \u00e0 12 minutes.<\/p>\n<p>Il est recommand\u00e9 d\u2019ajouter du jus de citron frais avant de manger pour enrichir les saveurs et apporter une fra\u00eecheur parfaite.<\/p>\n<p>Il est important de noter que le poisson n\u2019est pas \u00e9pic\u00e9.<\/p>\n<p>**Le poids de la daurade varie de 500g \u00e0 600g, et le client sera factur\u00e9 en fonction du poids exact lorsque la commande sera pr\u00eate.**<\/p>\n<p>Kosher : Kosher Badatz, la communaut\u00e9 ultra-orthodoxe<\/p>\n","protected":false},"excerpt":{"rendered":"<p>&nbsp; **Dorade enti\u00e8re congel\u00e9e avec assaisonnement oriental** Dorade enti\u00e8re, fra\u00eeche et congel\u00e9e, assaisonn\u00e9e d\u2019un assaisonnement oriental riche et aromatique, qui donne au poisson des saveurs profondes et puissantes. Le poisson est conserv\u00e9 dans sa jutosit\u00e9 et devient croustillant et d\u00e9licat \u00e0 la cuisson. La daurade peut \u00eatre mise directement dans un four pr\u00e9chauff\u00e9 en mode [&hellip;]<\/p>\n","protected":false},"featured_media":4518,"comment_status":"open","ping_status":"closed","template":"","meta":[],"product_brand":[],"product_cat":[183,148,145,172],"product_tag":[],"class_list":{"0":"post-4573","1":"product","2":"type-product","3":"status-publish","4":"has-post-thumbnail","6":"product_cat-entier","7":"product_cat-kosher-badatzde-la-eidah-haharedit","8":"product_cat-non-classifiee","9":"product_cat-poisson-congele","11":"first","12":"outofstock","13":"shipping-taxable","14":"product-type-simple"},"yoast_head":"<!-- This site is optimized with the Yoast SEO plugin v27.3 - https:\/\/yoast.com\/product\/yoast-seo-wordpress\/ -->\n<title>Daurade enti\u00e8re congel\u00e9e avec assaisonnement oriental 500-600 gr - \u05e6\u05e8\u05e4\u05ea\u05d9 \u05d3\u05d2\u05d9\u05dd \u05de\u05e2\u05d5\u05e9\u05e0\u05d9\u05dd<\/title>\n<meta name=\"robots\" content=\"index, follow, max-snippet:-1, max-image-preview:large, max-video-preview:-1\" \/>\n<link rel=\"canonical\" href=\"https:\/\/www.sarfati.co.il\/fr\/product\/daurade-entiere-congelee-avec-assaisonnement-oriental-500-600-gr\/\" \/>\n<meta property=\"og:locale\" content=\"fr_FR\" \/>\n<meta property=\"og:type\" content=\"article\" \/>\n<meta property=\"og:title\" content=\"Daurade enti\u00e8re congel\u00e9e avec assaisonnement oriental 500-600 gr - \u05e6\u05e8\u05e4\u05ea\u05d9 \u05d3\u05d2\u05d9\u05dd \u05de\u05e2\u05d5\u05e9\u05e0\u05d9\u05dd\" \/>\n<meta property=\"og:description\" content=\"&nbsp; **Dorade enti\u00e8re congel\u00e9e avec assaisonnement oriental** Dorade enti\u00e8re, fra\u00eeche et congel\u00e9e, assaisonn\u00e9e d\u2019un assaisonnement oriental riche et aromatique, qui donne au poisson des saveurs profondes et puissantes. Le poisson est conserv\u00e9 dans sa jutosit\u00e9 et devient croustillant et d\u00e9licat \u00e0 la cuisson. La daurade peut \u00eatre mise directement dans un four pr\u00e9chauff\u00e9 en mode [&hellip;]\" \/>\n<meta property=\"og:url\" content=\"https:\/\/www.sarfati.co.il\/fr\/product\/daurade-entiere-congelee-avec-assaisonnement-oriental-500-600-gr\/\" \/>\n<meta property=\"og:site_name\" content=\"\u05e6\u05e8\u05e4\u05ea\u05d9 \u05d3\u05d2\u05d9\u05dd \u05de\u05e2\u05d5\u05e9\u05e0\u05d9\u05dd\" \/>\n<meta property=\"article:modified_time\" content=\"2025-01-08T13:07:09+00:00\" \/>\n<meta property=\"og:image\" content=\"https:\/\/www.sarfati.co.il\/wp-content\/uploads\/IMG_4975-scaled.jpeg\" \/>\n\t<meta property=\"og:image:width\" content=\"2406\" \/>\n\t<meta property=\"og:image:height\" content=\"2560\" \/>\n\t<meta property=\"og:image:type\" content=\"image\/jpeg\" \/>\n<meta name=\"twitter:card\" content=\"summary_large_image\" \/>\n<meta name=\"twitter:label1\" content=\"Dur\u00e9e de lecture estim\u00e9e\" \/>\n\t<meta name=\"twitter:data1\" content=\"1 minute\" \/>\n<script type=\"application\/ld+json\" class=\"yoast-schema-graph\">{\"@context\":\"https:\\\/\\\/schema.org\",\"@graph\":[{\"@type\":\"WebPage\",\"@id\":\"https:\\\/\\\/www.sarfati.co.il\\\/fr\\\/product\\\/daurade-entiere-congelee-avec-assaisonnement-oriental-500-600-gr\\\/\",\"url\":\"https:\\\/\\\/www.sarfati.co.il\\\/fr\\\/product\\\/daurade-entiere-congelee-avec-assaisonnement-oriental-500-600-gr\\\/\",\"name\":\"Daurade enti\u00e8re congel\u00e9e avec assaisonnement oriental 500-600 gr - \u05e6\u05e8\u05e4\u05ea\u05d9 \u05d3\u05d2\u05d9\u05dd \u05de\u05e2\u05d5\u05e9\u05e0\u05d9\u05dd\",\"isPartOf\":{\"@id\":\"https:\\\/\\\/www.sarfati.co.il\\\/fr\\\/#website\"},\"primaryImageOfPage\":{\"@id\":\"https:\\\/\\\/www.sarfati.co.il\\\/fr\\\/product\\\/daurade-entiere-congelee-avec-assaisonnement-oriental-500-600-gr\\\/#primaryimage\"},\"image\":{\"@id\":\"https:\\\/\\\/www.sarfati.co.il\\\/fr\\\/product\\\/daurade-entiere-congelee-avec-assaisonnement-oriental-500-600-gr\\\/#primaryimage\"},\"thumbnailUrl\":\"https:\\\/\\\/www.sarfati.co.il\\\/wp-content\\\/uploads\\\/IMG_4975-scaled.jpeg\",\"datePublished\":\"2024-09-10T11:11:27+00:00\",\"dateModified\":\"2025-01-08T13:07:09+00:00\",\"breadcrumb\":{\"@id\":\"https:\\\/\\\/www.sarfati.co.il\\\/fr\\\/product\\\/daurade-entiere-congelee-avec-assaisonnement-oriental-500-600-gr\\\/#breadcrumb\"},\"inLanguage\":\"fr-FR\",\"potentialAction\":[{\"@type\":\"ReadAction\",\"target\":[\"https:\\\/\\\/www.sarfati.co.il\\\/fr\\\/product\\\/daurade-entiere-congelee-avec-assaisonnement-oriental-500-600-gr\\\/\"]}]},{\"@type\":\"ImageObject\",\"inLanguage\":\"fr-FR\",\"@id\":\"https:\\\/\\\/www.sarfati.co.il\\\/fr\\\/product\\\/daurade-entiere-congelee-avec-assaisonnement-oriental-500-600-gr\\\/#primaryimage\",\"url\":\"https:\\\/\\\/www.sarfati.co.il\\\/wp-content\\\/uploads\\\/IMG_4975-scaled.jpeg\",\"contentUrl\":\"https:\\\/\\\/www.sarfati.co.il\\\/wp-content\\\/uploads\\\/IMG_4975-scaled.jpeg\",\"width\":2406,\"height\":2560},{\"@type\":\"BreadcrumbList\",\"@id\":\"https:\\\/\\\/www.sarfati.co.il\\\/fr\\\/product\\\/daurade-entiere-congelee-avec-assaisonnement-oriental-500-600-gr\\\/#breadcrumb\",\"itemListElement\":[{\"@type\":\"ListItem\",\"position\":1,\"name\":\"\u05d3\u05e3 \u05d4\u05d1\u05d9\u05ea\",\"item\":\"https:\\\/\\\/www.sarfati.co.il\\\/fr\\\/domicile\\\/\"},{\"@type\":\"ListItem\",\"position\":2,\"name\":\"\u05d7\u05e0\u05d5\u05ea\",\"item\":\"https:\\\/\\\/www.sarfati.co.il\\\/shop\\\/\"},{\"@type\":\"ListItem\",\"position\":3,\"name\":\"Daurade enti\u00e8re congel\u00e9e avec assaisonnement oriental 500-600 gr\"}]},{\"@type\":\"WebSite\",\"@id\":\"https:\\\/\\\/www.sarfati.co.il\\\/fr\\\/#website\",\"url\":\"https:\\\/\\\/www.sarfati.co.il\\\/fr\\\/\",\"name\":\"\u05e6\u05e8\u05e4\u05ea\u05d9 \u05d3\u05d2\u05d9\u05dd \u05de\u05e2\u05d5\u05e9\u05e0\u05d9\u05dd\",\"description\":\"\",\"publisher\":{\"@id\":\"https:\\\/\\\/www.sarfati.co.il\\\/fr\\\/#organization\"},\"potentialAction\":[{\"@type\":\"SearchAction\",\"target\":{\"@type\":\"EntryPoint\",\"urlTemplate\":\"https:\\\/\\\/www.sarfati.co.il\\\/fr\\\/?s={search_term_string}\"},\"query-input\":{\"@type\":\"PropertyValueSpecification\",\"valueRequired\":true,\"valueName\":\"search_term_string\"}}],\"inLanguage\":\"fr-FR\"},{\"@type\":\"Organization\",\"@id\":\"https:\\\/\\\/www.sarfati.co.il\\\/fr\\\/#organization\",\"name\":\"\u05e6\u05e8\u05e4\u05ea\u05d9 \u05d3\u05d2\u05d9\u05dd \u05de\u05e2\u05d5\u05e9\u05e0\u05d9\u05dd\",\"url\":\"https:\\\/\\\/www.sarfati.co.il\\\/fr\\\/\",\"logo\":{\"@type\":\"ImageObject\",\"inLanguage\":\"fr-FR\",\"@id\":\"https:\\\/\\\/www.sarfati.co.il\\\/fr\\\/#\\\/schema\\\/logo\\\/image\\\/\",\"url\":\"https:\\\/\\\/www.sarfati.co.il\\\/wp-content\\\/uploads\\\/2023\\\/06\\\/logo-01.png\",\"contentUrl\":\"https:\\\/\\\/www.sarfati.co.il\\\/wp-content\\\/uploads\\\/2023\\\/06\\\/logo-01.png\",\"width\":376,\"height\":209,\"caption\":\"\u05e6\u05e8\u05e4\u05ea\u05d9 \u05d3\u05d2\u05d9\u05dd \u05de\u05e2\u05d5\u05e9\u05e0\u05d9\u05dd\"},\"image\":{\"@id\":\"https:\\\/\\\/www.sarfati.co.il\\\/fr\\\/#\\\/schema\\\/logo\\\/image\\\/\"}}]}<\/script>\n<!-- \/ Yoast SEO plugin. -->","yoast_head_json":{"title":"Daurade enti\u00e8re congel\u00e9e avec assaisonnement oriental 500-600 gr - \u05e6\u05e8\u05e4\u05ea\u05d9 \u05d3\u05d2\u05d9\u05dd \u05de\u05e2\u05d5\u05e9\u05e0\u05d9\u05dd","robots":{"index":"index","follow":"follow","max-snippet":"max-snippet:-1","max-image-preview":"max-image-preview:large","max-video-preview":"max-video-preview:-1"},"canonical":"https:\/\/www.sarfati.co.il\/fr\/product\/daurade-entiere-congelee-avec-assaisonnement-oriental-500-600-gr\/","og_locale":"fr_FR","og_type":"article","og_title":"Daurade enti\u00e8re congel\u00e9e avec assaisonnement oriental 500-600 gr - \u05e6\u05e8\u05e4\u05ea\u05d9 \u05d3\u05d2\u05d9\u05dd \u05de\u05e2\u05d5\u05e9\u05e0\u05d9\u05dd","og_description":"&nbsp; **Dorade enti\u00e8re congel\u00e9e avec assaisonnement oriental** Dorade enti\u00e8re, fra\u00eeche et congel\u00e9e, assaisonn\u00e9e d\u2019un assaisonnement oriental riche et aromatique, qui donne au poisson des saveurs profondes et puissantes. Le poisson est conserv\u00e9 dans sa jutosit\u00e9 et devient croustillant et d\u00e9licat \u00e0 la cuisson. La daurade peut \u00eatre mise directement dans un four pr\u00e9chauff\u00e9 en mode [&hellip;]","og_url":"https:\/\/www.sarfati.co.il\/fr\/product\/daurade-entiere-congelee-avec-assaisonnement-oriental-500-600-gr\/","og_site_name":"\u05e6\u05e8\u05e4\u05ea\u05d9 \u05d3\u05d2\u05d9\u05dd \u05de\u05e2\u05d5\u05e9\u05e0\u05d9\u05dd","article_modified_time":"2025-01-08T13:07:09+00:00","og_image":[{"width":2406,"height":2560,"url":"https:\/\/www.sarfati.co.il\/wp-content\/uploads\/IMG_4975-scaled.jpeg","type":"image\/jpeg"}],"twitter_card":"summary_large_image","twitter_misc":{"Dur\u00e9e de lecture estim\u00e9e":"1 minute"},"schema":{"@context":"https:\/\/schema.org","@graph":[{"@type":"WebPage","@id":"https:\/\/www.sarfati.co.il\/fr\/product\/daurade-entiere-congelee-avec-assaisonnement-oriental-500-600-gr\/","url":"https:\/\/www.sarfati.co.il\/fr\/product\/daurade-entiere-congelee-avec-assaisonnement-oriental-500-600-gr\/","name":"Daurade enti\u00e8re congel\u00e9e avec assaisonnement oriental 500-600 gr - \u05e6\u05e8\u05e4\u05ea\u05d9 \u05d3\u05d2\u05d9\u05dd \u05de\u05e2\u05d5\u05e9\u05e0\u05d9\u05dd","isPartOf":{"@id":"https:\/\/www.sarfati.co.il\/fr\/#website"},"primaryImageOfPage":{"@id":"https:\/\/www.sarfati.co.il\/fr\/product\/daurade-entiere-congelee-avec-assaisonnement-oriental-500-600-gr\/#primaryimage"},"image":{"@id":"https:\/\/www.sarfati.co.il\/fr\/product\/daurade-entiere-congelee-avec-assaisonnement-oriental-500-600-gr\/#primaryimage"},"thumbnailUrl":"https:\/\/www.sarfati.co.il\/wp-content\/uploads\/IMG_4975-scaled.jpeg","datePublished":"2024-09-10T11:11:27+00:00","dateModified":"2025-01-08T13:07:09+00:00","breadcrumb":{"@id":"https:\/\/www.sarfati.co.il\/fr\/product\/daurade-entiere-congelee-avec-assaisonnement-oriental-500-600-gr\/#breadcrumb"},"inLanguage":"fr-FR","potentialAction":[{"@type":"ReadAction","target":["https:\/\/www.sarfati.co.il\/fr\/product\/daurade-entiere-congelee-avec-assaisonnement-oriental-500-600-gr\/"]}]},{"@type":"ImageObject","inLanguage":"fr-FR","@id":"https:\/\/www.sarfati.co.il\/fr\/product\/daurade-entiere-congelee-avec-assaisonnement-oriental-500-600-gr\/#primaryimage","url":"https:\/\/www.sarfati.co.il\/wp-content\/uploads\/IMG_4975-scaled.jpeg","contentUrl":"https:\/\/www.sarfati.co.il\/wp-content\/uploads\/IMG_4975-scaled.jpeg","width":2406,"height":2560},{"@type":"BreadcrumbList","@id":"https:\/\/www.sarfati.co.il\/fr\/product\/daurade-entiere-congelee-avec-assaisonnement-oriental-500-600-gr\/#breadcrumb","itemListElement":[{"@type":"ListItem","position":1,"name":"\u05d3\u05e3 \u05d4\u05d1\u05d9\u05ea","item":"https:\/\/www.sarfati.co.il\/fr\/domicile\/"},{"@type":"ListItem","position":2,"name":"\u05d7\u05e0\u05d5\u05ea","item":"https:\/\/www.sarfati.co.il\/shop\/"},{"@type":"ListItem","position":3,"name":"Daurade enti\u00e8re congel\u00e9e avec assaisonnement oriental 500-600 gr"}]},{"@type":"WebSite","@id":"https:\/\/www.sarfati.co.il\/fr\/#website","url":"https:\/\/www.sarfati.co.il\/fr\/","name":"\u05e6\u05e8\u05e4\u05ea\u05d9 \u05d3\u05d2\u05d9\u05dd \u05de\u05e2\u05d5\u05e9\u05e0\u05d9\u05dd","description":"","publisher":{"@id":"https:\/\/www.sarfati.co.il\/fr\/#organization"},"potentialAction":[{"@type":"SearchAction","target":{"@type":"EntryPoint","urlTemplate":"https:\/\/www.sarfati.co.il\/fr\/?s={search_term_string}"},"query-input":{"@type":"PropertyValueSpecification","valueRequired":true,"valueName":"search_term_string"}}],"inLanguage":"fr-FR"},{"@type":"Organization","@id":"https:\/\/www.sarfati.co.il\/fr\/#organization","name":"\u05e6\u05e8\u05e4\u05ea\u05d9 \u05d3\u05d2\u05d9\u05dd \u05de\u05e2\u05d5\u05e9\u05e0\u05d9\u05dd","url":"https:\/\/www.sarfati.co.il\/fr\/","logo":{"@type":"ImageObject","inLanguage":"fr-FR","@id":"https:\/\/www.sarfati.co.il\/fr\/#\/schema\/logo\/image\/","url":"https:\/\/www.sarfati.co.il\/wp-content\/uploads\/2023\/06\/logo-01.png","contentUrl":"https:\/\/www.sarfati.co.il\/wp-content\/uploads\/2023\/06\/logo-01.png","width":376,"height":209,"caption":"\u05e6\u05e8\u05e4\u05ea\u05d9 \u05d3\u05d2\u05d9\u05dd \u05de\u05e2\u05d5\u05e9\u05e0\u05d9\u05dd"},"image":{"@id":"https:\/\/www.sarfati.co.il\/fr\/#\/schema\/logo\/image\/"}}]}},"_links":{"self":[{"href":"https:\/\/www.sarfati.co.il\/fr\/wp-json\/wp\/v2\/product\/4573","targetHints":{"allow":["GET"]}}],"collection":[{"href":"https:\/\/www.sarfati.co.il\/fr\/wp-json\/wp\/v2\/product"}],"about":[{"href":"https:\/\/www.sarfati.co.il\/fr\/wp-json\/wp\/v2\/types\/product"}],"replies":[{"embeddable":true,"href":"https:\/\/www.sarfati.co.il\/fr\/wp-json\/wp\/v2\/comments?post=4573"}],"wp:featuredmedia":[{"embeddable":true,"href":"https:\/\/www.sarfati.co.il\/fr\/wp-json\/wp\/v2\/media\/4518"}],"wp:attachment":[{"href":"https:\/\/www.sarfati.co.il\/fr\/wp-json\/wp\/v2\/media?parent=4573"}],"wp:term":[{"taxonomy":"product_brand","embeddable":true,"href":"https:\/\/www.sarfati.co.il\/fr\/wp-json\/wp\/v2\/product_brand?post=4573"},{"taxonomy":"product_cat","embeddable":true,"href":"https:\/\/www.sarfati.co.il\/fr\/wp-json\/wp\/v2\/product_cat?post=4573"},{"taxonomy":"product_tag","embeddable":true,"href":"https:\/\/www.sarfati.co.il\/fr\/wp-json\/wp\/v2\/product_tag?post=4573"}],"curies":[{"name":"wp","href":"https:\/\/api.w.org\/{rel}","templated":true}]}}