{"id":4574,"date":"2024-09-10T12:32:53","date_gmt":"2024-09-10T09:32:53","guid":{"rendered":"https:\/\/www.sarfati.co.il\/product\/filet-de-bar-surgele-avec-assaisonnement-oriental-250g-350g\/"},"modified":"2025-01-08T15:07:10","modified_gmt":"2025-01-08T13:07:10","slug":"filet-de-bar-surgele-avec-assaisonnement-oriental-250g-350g","status":"publish","type":"product","link":"https:\/\/www.sarfati.co.il\/fr\/product\/filet-de-bar-surgele-avec-assaisonnement-oriental-250g-350g\/","title":{"rendered":"Filet de bar surgel\u00e9 avec assaisonnement oriental 250g &#8211; 350g"},"content":{"rendered":"<p>&nbsp;<\/p>\n<p>**Filet d\u2019agneau assaisonn\u00e9 \u00e0 l\u2019orientale**<br \/>\nLe filet oriental frais et assaisonn\u00e9 combine des \u00e9pices traditionnelles pour des saveurs chaudes et profondes. Le poisson est juteux et d\u00e9licat, et ce filet de qualit\u00e9 sup\u00e9rieure est parfait au four ou \u00e0 la friteuse \u00e0 air pour une pr\u00e9paration rapide et d\u00e9licieuse. Livr\u00e9 congel\u00e9 et peut \u00eatre plac\u00e9 directement dans le four pr\u00e9chauff\u00e9 en mode gril pendant 15 minutes, ou m\u00e9lang\u00e9 dans une friteuse \u00e0 air en mode gril pendant seulement 10 minutes. Parfait comme plat principal savoureux avec des ar\u00f4mes all\u00e9chants. Le jus de citron est recommand\u00e9 Frais avant d\u2019\u00eatre consomm\u00e9 pour enrichir les saveurs et apporter une fra\u00eecheur parfaite.Il est important de noter que le plat n\u2019est pas \u00e9pic\u00e9. **Le poids du filet varie de 250 grammes \u00e0 350 grammes, et le client sera factur\u00e9 en fonction du poids exact lorsque la commande sera pr\u00eate.** Casher : Kosher Badatz, la communaut\u00e9 ultra-orthodoxe.   <\/p>\n","protected":false},"excerpt":{"rendered":"<p>&nbsp; **Filet d\u2019agneau assaisonn\u00e9 \u00e0 l\u2019orientale** Le filet oriental frais et assaisonn\u00e9 combine des \u00e9pices traditionnelles pour des saveurs chaudes et profondes. Le poisson est juteux et d\u00e9licat, et ce filet de qualit\u00e9 sup\u00e9rieure est parfait au four ou \u00e0 la friteuse \u00e0 air pour une pr\u00e9paration rapide et d\u00e9licieuse. Livr\u00e9 congel\u00e9 et peut \u00eatre [&hellip;]<\/p>\n","protected":false},"featured_media":4514,"comment_status":"open","ping_status":"closed","template":"","meta":[],"product_brand":[],"product_cat":[147,148,145,172],"product_tag":[],"class_list":{"0":"post-4574","1":"product","2":"type-product","3":"status-publish","4":"has-post-thumbnail","6":"product_cat-filets","7":"product_cat-kosher-badatzde-la-eidah-haharedit","8":"product_cat-non-classifiee","9":"product_cat-poisson-congele","11":"first","12":"outofstock","13":"shipping-taxable","14":"purchasable","15":"product-type-variable"},"yoast_head":"<!-- This site is optimized with the Yoast SEO plugin v27.3 - https:\/\/yoast.com\/product\/yoast-seo-wordpress\/ -->\n<title>Filet de bar surgel\u00e9 avec assaisonnement oriental 250g - 350g - \u05e6\u05e8\u05e4\u05ea\u05d9 \u05d3\u05d2\u05d9\u05dd \u05de\u05e2\u05d5\u05e9\u05e0\u05d9\u05dd<\/title>\n<meta name=\"robots\" content=\"index, follow, max-snippet:-1, max-image-preview:large, max-video-preview:-1\" \/>\n<link rel=\"canonical\" href=\"https:\/\/www.sarfati.co.il\/fr\/product\/filet-de-bar-surgele-avec-assaisonnement-oriental-250g-350g\/\" \/>\n<meta property=\"og:locale\" content=\"fr_FR\" \/>\n<meta property=\"og:type\" content=\"article\" \/>\n<meta property=\"og:title\" content=\"Filet de bar surgel\u00e9 avec assaisonnement oriental 250g - 350g - \u05e6\u05e8\u05e4\u05ea\u05d9 \u05d3\u05d2\u05d9\u05dd \u05de\u05e2\u05d5\u05e9\u05e0\u05d9\u05dd\" \/>\n<meta property=\"og:description\" content=\"&nbsp; **Filet d\u2019agneau assaisonn\u00e9 \u00e0 l\u2019orientale** Le filet oriental frais et assaisonn\u00e9 combine des \u00e9pices traditionnelles pour des saveurs chaudes et profondes. Le poisson est juteux et d\u00e9licat, et ce filet de qualit\u00e9 sup\u00e9rieure est parfait au four ou \u00e0 la friteuse \u00e0 air pour une pr\u00e9paration rapide et d\u00e9licieuse. Livr\u00e9 congel\u00e9 et peut \u00eatre [&hellip;]\" \/>\n<meta property=\"og:url\" content=\"https:\/\/www.sarfati.co.il\/fr\/product\/filet-de-bar-surgele-avec-assaisonnement-oriental-250g-350g\/\" \/>\n<meta property=\"og:site_name\" content=\"\u05e6\u05e8\u05e4\u05ea\u05d9 \u05d3\u05d2\u05d9\u05dd \u05de\u05e2\u05d5\u05e9\u05e0\u05d9\u05dd\" \/>\n<meta property=\"article:modified_time\" content=\"2025-01-08T13:07:10+00:00\" \/>\n<meta property=\"og:image\" content=\"https:\/\/www.sarfati.co.il\/wp-content\/uploads\/IMG_5024.jpeg\" \/>\n\t<meta property=\"og:image:width\" content=\"2519\" \/>\n\t<meta property=\"og:image:height\" content=\"2519\" \/>\n\t<meta property=\"og:image:type\" content=\"image\/jpeg\" \/>\n<meta name=\"twitter:card\" content=\"summary_large_image\" \/>\n<meta name=\"twitter:label1\" content=\"Dur\u00e9e de lecture estim\u00e9e\" \/>\n\t<meta name=\"twitter:data1\" content=\"1 minute\" \/>\n<script type=\"application\/ld+json\" class=\"yoast-schema-graph\">{\"@context\":\"https:\\\/\\\/schema.org\",\"@graph\":[{\"@type\":\"WebPage\",\"@id\":\"https:\\\/\\\/www.sarfati.co.il\\\/fr\\\/product\\\/filet-de-bar-surgele-avec-assaisonnement-oriental-250g-350g\\\/\",\"url\":\"https:\\\/\\\/www.sarfati.co.il\\\/fr\\\/product\\\/filet-de-bar-surgele-avec-assaisonnement-oriental-250g-350g\\\/\",\"name\":\"Filet de bar surgel\u00e9 avec assaisonnement oriental 250g - 350g - \u05e6\u05e8\u05e4\u05ea\u05d9 \u05d3\u05d2\u05d9\u05dd \u05de\u05e2\u05d5\u05e9\u05e0\u05d9\u05dd\",\"isPartOf\":{\"@id\":\"https:\\\/\\\/www.sarfati.co.il\\\/fr\\\/#website\"},\"primaryImageOfPage\":{\"@id\":\"https:\\\/\\\/www.sarfati.co.il\\\/fr\\\/product\\\/filet-de-bar-surgele-avec-assaisonnement-oriental-250g-350g\\\/#primaryimage\"},\"image\":{\"@id\":\"https:\\\/\\\/www.sarfati.co.il\\\/fr\\\/product\\\/filet-de-bar-surgele-avec-assaisonnement-oriental-250g-350g\\\/#primaryimage\"},\"thumbnailUrl\":\"https:\\\/\\\/www.sarfati.co.il\\\/wp-content\\\/uploads\\\/IMG_5024.jpeg\",\"datePublished\":\"2024-09-10T09:32:53+00:00\",\"dateModified\":\"2025-01-08T13:07:10+00:00\",\"breadcrumb\":{\"@id\":\"https:\\\/\\\/www.sarfati.co.il\\\/fr\\\/product\\\/filet-de-bar-surgele-avec-assaisonnement-oriental-250g-350g\\\/#breadcrumb\"},\"inLanguage\":\"fr-FR\",\"potentialAction\":[{\"@type\":\"ReadAction\",\"target\":[\"https:\\\/\\\/www.sarfati.co.il\\\/fr\\\/product\\\/filet-de-bar-surgele-avec-assaisonnement-oriental-250g-350g\\\/\"]}]},{\"@type\":\"ImageObject\",\"inLanguage\":\"fr-FR\",\"@id\":\"https:\\\/\\\/www.sarfati.co.il\\\/fr\\\/product\\\/filet-de-bar-surgele-avec-assaisonnement-oriental-250g-350g\\\/#primaryimage\",\"url\":\"https:\\\/\\\/www.sarfati.co.il\\\/wp-content\\\/uploads\\\/IMG_5024.jpeg\",\"contentUrl\":\"https:\\\/\\\/www.sarfati.co.il\\\/wp-content\\\/uploads\\\/IMG_5024.jpeg\",\"width\":2519,\"height\":2519},{\"@type\":\"BreadcrumbList\",\"@id\":\"https:\\\/\\\/www.sarfati.co.il\\\/fr\\\/product\\\/filet-de-bar-surgele-avec-assaisonnement-oriental-250g-350g\\\/#breadcrumb\",\"itemListElement\":[{\"@type\":\"ListItem\",\"position\":1,\"name\":\"\u05d3\u05e3 \u05d4\u05d1\u05d9\u05ea\",\"item\":\"https:\\\/\\\/www.sarfati.co.il\\\/fr\\\/domicile\\\/\"},{\"@type\":\"ListItem\",\"position\":2,\"name\":\"\u05d7\u05e0\u05d5\u05ea\",\"item\":\"https:\\\/\\\/www.sarfati.co.il\\\/shop\\\/\"},{\"@type\":\"ListItem\",\"position\":3,\"name\":\"Filet de bar surgel\u00e9 avec assaisonnement oriental 250g &#8211; 350g\"}]},{\"@type\":\"WebSite\",\"@id\":\"https:\\\/\\\/www.sarfati.co.il\\\/fr\\\/#website\",\"url\":\"https:\\\/\\\/www.sarfati.co.il\\\/fr\\\/\",\"name\":\"\u05e6\u05e8\u05e4\u05ea\u05d9 \u05d3\u05d2\u05d9\u05dd \u05de\u05e2\u05d5\u05e9\u05e0\u05d9\u05dd\",\"description\":\"\",\"publisher\":{\"@id\":\"https:\\\/\\\/www.sarfati.co.il\\\/fr\\\/#organization\"},\"potentialAction\":[{\"@type\":\"SearchAction\",\"target\":{\"@type\":\"EntryPoint\",\"urlTemplate\":\"https:\\\/\\\/www.sarfati.co.il\\\/fr\\\/?s={search_term_string}\"},\"query-input\":{\"@type\":\"PropertyValueSpecification\",\"valueRequired\":true,\"valueName\":\"search_term_string\"}}],\"inLanguage\":\"fr-FR\"},{\"@type\":\"Organization\",\"@id\":\"https:\\\/\\\/www.sarfati.co.il\\\/fr\\\/#organization\",\"name\":\"\u05e6\u05e8\u05e4\u05ea\u05d9 \u05d3\u05d2\u05d9\u05dd \u05de\u05e2\u05d5\u05e9\u05e0\u05d9\u05dd\",\"url\":\"https:\\\/\\\/www.sarfati.co.il\\\/fr\\\/\",\"logo\":{\"@type\":\"ImageObject\",\"inLanguage\":\"fr-FR\",\"@id\":\"https:\\\/\\\/www.sarfati.co.il\\\/fr\\\/#\\\/schema\\\/logo\\\/image\\\/\",\"url\":\"https:\\\/\\\/www.sarfati.co.il\\\/wp-content\\\/uploads\\\/2023\\\/06\\\/logo-01.png\",\"contentUrl\":\"https:\\\/\\\/www.sarfati.co.il\\\/wp-content\\\/uploads\\\/2023\\\/06\\\/logo-01.png\",\"width\":376,\"height\":209,\"caption\":\"\u05e6\u05e8\u05e4\u05ea\u05d9 \u05d3\u05d2\u05d9\u05dd \u05de\u05e2\u05d5\u05e9\u05e0\u05d9\u05dd\"},\"image\":{\"@id\":\"https:\\\/\\\/www.sarfati.co.il\\\/fr\\\/#\\\/schema\\\/logo\\\/image\\\/\"}}]}<\/script>\n<!-- \/ Yoast SEO plugin. -->","yoast_head_json":{"title":"Filet de bar surgel\u00e9 avec assaisonnement oriental 250g - 350g - \u05e6\u05e8\u05e4\u05ea\u05d9 \u05d3\u05d2\u05d9\u05dd \u05de\u05e2\u05d5\u05e9\u05e0\u05d9\u05dd","robots":{"index":"index","follow":"follow","max-snippet":"max-snippet:-1","max-image-preview":"max-image-preview:large","max-video-preview":"max-video-preview:-1"},"canonical":"https:\/\/www.sarfati.co.il\/fr\/product\/filet-de-bar-surgele-avec-assaisonnement-oriental-250g-350g\/","og_locale":"fr_FR","og_type":"article","og_title":"Filet de bar surgel\u00e9 avec assaisonnement oriental 250g - 350g - \u05e6\u05e8\u05e4\u05ea\u05d9 \u05d3\u05d2\u05d9\u05dd \u05de\u05e2\u05d5\u05e9\u05e0\u05d9\u05dd","og_description":"&nbsp; **Filet d\u2019agneau assaisonn\u00e9 \u00e0 l\u2019orientale** Le filet oriental frais et assaisonn\u00e9 combine des \u00e9pices traditionnelles pour des saveurs chaudes et profondes. Le poisson est juteux et d\u00e9licat, et ce filet de qualit\u00e9 sup\u00e9rieure est parfait au four ou \u00e0 la friteuse \u00e0 air pour une pr\u00e9paration rapide et d\u00e9licieuse. Livr\u00e9 congel\u00e9 et peut \u00eatre [&hellip;]","og_url":"https:\/\/www.sarfati.co.il\/fr\/product\/filet-de-bar-surgele-avec-assaisonnement-oriental-250g-350g\/","og_site_name":"\u05e6\u05e8\u05e4\u05ea\u05d9 \u05d3\u05d2\u05d9\u05dd \u05de\u05e2\u05d5\u05e9\u05e0\u05d9\u05dd","article_modified_time":"2025-01-08T13:07:10+00:00","og_image":[{"width":2519,"height":2519,"url":"https:\/\/www.sarfati.co.il\/wp-content\/uploads\/IMG_5024.jpeg","type":"image\/jpeg"}],"twitter_card":"summary_large_image","twitter_misc":{"Dur\u00e9e de lecture estim\u00e9e":"1 minute"},"schema":{"@context":"https:\/\/schema.org","@graph":[{"@type":"WebPage","@id":"https:\/\/www.sarfati.co.il\/fr\/product\/filet-de-bar-surgele-avec-assaisonnement-oriental-250g-350g\/","url":"https:\/\/www.sarfati.co.il\/fr\/product\/filet-de-bar-surgele-avec-assaisonnement-oriental-250g-350g\/","name":"Filet de bar surgel\u00e9 avec assaisonnement oriental 250g - 350g - \u05e6\u05e8\u05e4\u05ea\u05d9 \u05d3\u05d2\u05d9\u05dd \u05de\u05e2\u05d5\u05e9\u05e0\u05d9\u05dd","isPartOf":{"@id":"https:\/\/www.sarfati.co.il\/fr\/#website"},"primaryImageOfPage":{"@id":"https:\/\/www.sarfati.co.il\/fr\/product\/filet-de-bar-surgele-avec-assaisonnement-oriental-250g-350g\/#primaryimage"},"image":{"@id":"https:\/\/www.sarfati.co.il\/fr\/product\/filet-de-bar-surgele-avec-assaisonnement-oriental-250g-350g\/#primaryimage"},"thumbnailUrl":"https:\/\/www.sarfati.co.il\/wp-content\/uploads\/IMG_5024.jpeg","datePublished":"2024-09-10T09:32:53+00:00","dateModified":"2025-01-08T13:07:10+00:00","breadcrumb":{"@id":"https:\/\/www.sarfati.co.il\/fr\/product\/filet-de-bar-surgele-avec-assaisonnement-oriental-250g-350g\/#breadcrumb"},"inLanguage":"fr-FR","potentialAction":[{"@type":"ReadAction","target":["https:\/\/www.sarfati.co.il\/fr\/product\/filet-de-bar-surgele-avec-assaisonnement-oriental-250g-350g\/"]}]},{"@type":"ImageObject","inLanguage":"fr-FR","@id":"https:\/\/www.sarfati.co.il\/fr\/product\/filet-de-bar-surgele-avec-assaisonnement-oriental-250g-350g\/#primaryimage","url":"https:\/\/www.sarfati.co.il\/wp-content\/uploads\/IMG_5024.jpeg","contentUrl":"https:\/\/www.sarfati.co.il\/wp-content\/uploads\/IMG_5024.jpeg","width":2519,"height":2519},{"@type":"BreadcrumbList","@id":"https:\/\/www.sarfati.co.il\/fr\/product\/filet-de-bar-surgele-avec-assaisonnement-oriental-250g-350g\/#breadcrumb","itemListElement":[{"@type":"ListItem","position":1,"name":"\u05d3\u05e3 \u05d4\u05d1\u05d9\u05ea","item":"https:\/\/www.sarfati.co.il\/fr\/domicile\/"},{"@type":"ListItem","position":2,"name":"\u05d7\u05e0\u05d5\u05ea","item":"https:\/\/www.sarfati.co.il\/shop\/"},{"@type":"ListItem","position":3,"name":"Filet de bar surgel\u00e9 avec assaisonnement oriental 250g &#8211; 350g"}]},{"@type":"WebSite","@id":"https:\/\/www.sarfati.co.il\/fr\/#website","url":"https:\/\/www.sarfati.co.il\/fr\/","name":"\u05e6\u05e8\u05e4\u05ea\u05d9 \u05d3\u05d2\u05d9\u05dd \u05de\u05e2\u05d5\u05e9\u05e0\u05d9\u05dd","description":"","publisher":{"@id":"https:\/\/www.sarfati.co.il\/fr\/#organization"},"potentialAction":[{"@type":"SearchAction","target":{"@type":"EntryPoint","urlTemplate":"https:\/\/www.sarfati.co.il\/fr\/?s={search_term_string}"},"query-input":{"@type":"PropertyValueSpecification","valueRequired":true,"valueName":"search_term_string"}}],"inLanguage":"fr-FR"},{"@type":"Organization","@id":"https:\/\/www.sarfati.co.il\/fr\/#organization","name":"\u05e6\u05e8\u05e4\u05ea\u05d9 \u05d3\u05d2\u05d9\u05dd \u05de\u05e2\u05d5\u05e9\u05e0\u05d9\u05dd","url":"https:\/\/www.sarfati.co.il\/fr\/","logo":{"@type":"ImageObject","inLanguage":"fr-FR","@id":"https:\/\/www.sarfati.co.il\/fr\/#\/schema\/logo\/image\/","url":"https:\/\/www.sarfati.co.il\/wp-content\/uploads\/2023\/06\/logo-01.png","contentUrl":"https:\/\/www.sarfati.co.il\/wp-content\/uploads\/2023\/06\/logo-01.png","width":376,"height":209,"caption":"\u05e6\u05e8\u05e4\u05ea\u05d9 \u05d3\u05d2\u05d9\u05dd \u05de\u05e2\u05d5\u05e9\u05e0\u05d9\u05dd"},"image":{"@id":"https:\/\/www.sarfati.co.il\/fr\/#\/schema\/logo\/image\/"}}]}},"_links":{"self":[{"href":"https:\/\/www.sarfati.co.il\/fr\/wp-json\/wp\/v2\/product\/4574","targetHints":{"allow":["GET"]}}],"collection":[{"href":"https:\/\/www.sarfati.co.il\/fr\/wp-json\/wp\/v2\/product"}],"about":[{"href":"https:\/\/www.sarfati.co.il\/fr\/wp-json\/wp\/v2\/types\/product"}],"replies":[{"embeddable":true,"href":"https:\/\/www.sarfati.co.il\/fr\/wp-json\/wp\/v2\/comments?post=4574"}],"wp:featuredmedia":[{"embeddable":true,"href":"https:\/\/www.sarfati.co.il\/fr\/wp-json\/wp\/v2\/media\/4514"}],"wp:attachment":[{"href":"https:\/\/www.sarfati.co.il\/fr\/wp-json\/wp\/v2\/media?parent=4574"}],"wp:term":[{"taxonomy":"product_brand","embeddable":true,"href":"https:\/\/www.sarfati.co.il\/fr\/wp-json\/wp\/v2\/product_brand?post=4574"},{"taxonomy":"product_cat","embeddable":true,"href":"https:\/\/www.sarfati.co.il\/fr\/wp-json\/wp\/v2\/product_cat?post=4574"},{"taxonomy":"product_tag","embeddable":true,"href":"https:\/\/www.sarfati.co.il\/fr\/wp-json\/wp\/v2\/product_tag?post=4574"}],"curies":[{"name":"wp","href":"https:\/\/api.w.org\/{rel}","templated":true}]}}