{"id":4584,"date":"2024-09-10T13:21:53","date_gmt":"2024-09-10T10:21:53","guid":{"rendered":"https:\/\/www.sarfati.co.il\/product\/daurade-entiere-surgelee-assaisonnee-de-thym-et-dhuile-dolive-500-600-gr\/"},"modified":"2025-01-08T15:07:16","modified_gmt":"2025-01-08T13:07:16","slug":"daurade-entiere-surgelee-assaisonnee-de-thym-et-dhuile-dolive-500-600-gr","status":"publish","type":"product","link":"https:\/\/www.sarfati.co.il\/fr\/product\/daurade-entiere-surgelee-assaisonnee-de-thym-et-dhuile-dolive-500-600-gr\/","title":{"rendered":"Daurade enti\u00e8re surgel\u00e9e assaisonn\u00e9e de thym et d\u2019huile d\u2019olive 500-600 gr"},"content":{"rendered":"<p>&nbsp;<\/p>\n<p>**Daurade enti\u00e8re congel\u00e9e avec assaisonnement au thym et \u00e0 l\u2019huile d\u2019olive**<br \/>\nFra\u00eeche et congel\u00e9e, la daurade enti\u00e8re assaisonn\u00e9e de thym et d\u2019huile d\u2019olive extra vierge, donne au poisson des saveurs profondes et aromatiques de la cuisine m\u00e9diterran\u00e9enne. Le poisson conserve sa jutosit\u00e9 et devient croustillant et tendre \u00e0 la cuisson. La daurade peut \u00eatre mise directement dans le four pr\u00e9chauff\u00e9 en mode gril pendant 15-20 minutes, ou dans la friteuse \u00e0 air en mode gril pendant seulement 15-18 minutes. Parfait comme plat principal avec des saveurs riches pour enrichir n\u2019importe quel repas.Il est recommand\u00e9 d\u2019ajouter du jus de citron frais avant de manger pour enrichir les saveurs et apporter une fra\u00eecheur parfaite. **Le poids de la dorade varie de 500 grammes \u00e0 600 grammes, et le client sera factur\u00e9 en fonction du poids exact lorsque la commande sera pr\u00eate.** Casher : <input id=\"in-product_cat-29\" name=\"tax_input[product_cat][]\" type=\"checkbox\" value=\"29\"> Kosher Badatz de la communaut\u00e9 ultra-orthodoxe   <\/p>\n","protected":false},"excerpt":{"rendered":"<p>&nbsp; **Daurade enti\u00e8re congel\u00e9e avec assaisonnement au thym et \u00e0 l\u2019huile d\u2019olive** Fra\u00eeche et congel\u00e9e, la daurade enti\u00e8re assaisonn\u00e9e de thym et d\u2019huile d\u2019olive extra vierge, donne au poisson des saveurs profondes et aromatiques de la cuisine m\u00e9diterran\u00e9enne. Le poisson conserve sa jutosit\u00e9 et devient croustillant et tendre \u00e0 la cuisson. La daurade peut \u00eatre [&hellip;]<\/p>\n","protected":false},"featured_media":4516,"comment_status":"open","ping_status":"closed","template":"","meta":[],"product_brand":[],"product_cat":[183,148,145,172],"product_tag":[],"class_list":{"0":"post-4584","1":"product","2":"type-product","3":"status-publish","4":"has-post-thumbnail","6":"product_cat-entier","7":"product_cat-kosher-badatzde-la-eidah-haharedit","8":"product_cat-non-classifiee","9":"product_cat-poisson-congele","11":"first","12":"outofstock","13":"shipping-taxable","14":"purchasable","15":"product-type-variable"},"yoast_head":"<!-- This site is optimized with the Yoast SEO plugin v27.3 - https:\/\/yoast.com\/product\/yoast-seo-wordpress\/ -->\n<title>Daurade enti\u00e8re surgel\u00e9e assaisonn\u00e9e de thym et d\u2019huile d\u2019olive 500-600 gr - \u05e6\u05e8\u05e4\u05ea\u05d9 \u05d3\u05d2\u05d9\u05dd \u05de\u05e2\u05d5\u05e9\u05e0\u05d9\u05dd<\/title>\n<meta name=\"robots\" content=\"index, follow, max-snippet:-1, max-image-preview:large, max-video-preview:-1\" \/>\n<link rel=\"canonical\" href=\"https:\/\/www.sarfati.co.il\/fr\/product\/daurade-entiere-surgelee-assaisonnee-de-thym-et-dhuile-dolive-500-600-gr\/\" \/>\n<meta property=\"og:locale\" content=\"fr_FR\" \/>\n<meta property=\"og:type\" content=\"article\" \/>\n<meta property=\"og:title\" content=\"Daurade enti\u00e8re surgel\u00e9e assaisonn\u00e9e de thym et d\u2019huile d\u2019olive 500-600 gr - \u05e6\u05e8\u05e4\u05ea\u05d9 \u05d3\u05d2\u05d9\u05dd \u05de\u05e2\u05d5\u05e9\u05e0\u05d9\u05dd\" \/>\n<meta property=\"og:description\" content=\"&nbsp; **Daurade enti\u00e8re congel\u00e9e avec assaisonnement au thym et \u00e0 l\u2019huile d\u2019olive** Fra\u00eeche et congel\u00e9e, la daurade enti\u00e8re assaisonn\u00e9e de thym et d\u2019huile d\u2019olive extra vierge, donne au poisson des saveurs profondes et aromatiques de la cuisine m\u00e9diterran\u00e9enne. Le poisson conserve sa jutosit\u00e9 et devient croustillant et tendre \u00e0 la cuisson. La daurade peut \u00eatre [&hellip;]\" \/>\n<meta property=\"og:url\" content=\"https:\/\/www.sarfati.co.il\/fr\/product\/daurade-entiere-surgelee-assaisonnee-de-thym-et-dhuile-dolive-500-600-gr\/\" \/>\n<meta property=\"og:site_name\" content=\"\u05e6\u05e8\u05e4\u05ea\u05d9 \u05d3\u05d2\u05d9\u05dd \u05de\u05e2\u05d5\u05e9\u05e0\u05d9\u05dd\" \/>\n<meta property=\"article:modified_time\" content=\"2025-01-08T13:07:16+00:00\" \/>\n<meta property=\"og:image\" content=\"https:\/\/www.sarfati.co.il\/wp-content\/uploads\/IMG_4970-scaled.jpeg\" \/>\n\t<meta property=\"og:image:width\" content=\"2560\" \/>\n\t<meta property=\"og:image:height\" content=\"2533\" \/>\n\t<meta property=\"og:image:type\" content=\"image\/jpeg\" \/>\n<meta name=\"twitter:card\" content=\"summary_large_image\" \/>\n<meta name=\"twitter:label1\" content=\"Dur\u00e9e de lecture estim\u00e9e\" \/>\n\t<meta name=\"twitter:data1\" content=\"1 minute\" \/>\n<script type=\"application\/ld+json\" class=\"yoast-schema-graph\">{\"@context\":\"https:\\\/\\\/schema.org\",\"@graph\":[{\"@type\":\"WebPage\",\"@id\":\"https:\\\/\\\/www.sarfati.co.il\\\/fr\\\/product\\\/daurade-entiere-surgelee-assaisonnee-de-thym-et-dhuile-dolive-500-600-gr\\\/\",\"url\":\"https:\\\/\\\/www.sarfati.co.il\\\/fr\\\/product\\\/daurade-entiere-surgelee-assaisonnee-de-thym-et-dhuile-dolive-500-600-gr\\\/\",\"name\":\"Daurade enti\u00e8re surgel\u00e9e assaisonn\u00e9e de thym et d\u2019huile d\u2019olive 500-600 gr - \u05e6\u05e8\u05e4\u05ea\u05d9 \u05d3\u05d2\u05d9\u05dd \u05de\u05e2\u05d5\u05e9\u05e0\u05d9\u05dd\",\"isPartOf\":{\"@id\":\"https:\\\/\\\/www.sarfati.co.il\\\/fr\\\/#website\"},\"primaryImageOfPage\":{\"@id\":\"https:\\\/\\\/www.sarfati.co.il\\\/fr\\\/product\\\/daurade-entiere-surgelee-assaisonnee-de-thym-et-dhuile-dolive-500-600-gr\\\/#primaryimage\"},\"image\":{\"@id\":\"https:\\\/\\\/www.sarfati.co.il\\\/fr\\\/product\\\/daurade-entiere-surgelee-assaisonnee-de-thym-et-dhuile-dolive-500-600-gr\\\/#primaryimage\"},\"thumbnailUrl\":\"https:\\\/\\\/www.sarfati.co.il\\\/wp-content\\\/uploads\\\/IMG_4970-scaled.jpeg\",\"datePublished\":\"2024-09-10T10:21:53+00:00\",\"dateModified\":\"2025-01-08T13:07:16+00:00\",\"breadcrumb\":{\"@id\":\"https:\\\/\\\/www.sarfati.co.il\\\/fr\\\/product\\\/daurade-entiere-surgelee-assaisonnee-de-thym-et-dhuile-dolive-500-600-gr\\\/#breadcrumb\"},\"inLanguage\":\"fr-FR\",\"potentialAction\":[{\"@type\":\"ReadAction\",\"target\":[\"https:\\\/\\\/www.sarfati.co.il\\\/fr\\\/product\\\/daurade-entiere-surgelee-assaisonnee-de-thym-et-dhuile-dolive-500-600-gr\\\/\"]}]},{\"@type\":\"ImageObject\",\"inLanguage\":\"fr-FR\",\"@id\":\"https:\\\/\\\/www.sarfati.co.il\\\/fr\\\/product\\\/daurade-entiere-surgelee-assaisonnee-de-thym-et-dhuile-dolive-500-600-gr\\\/#primaryimage\",\"url\":\"https:\\\/\\\/www.sarfati.co.il\\\/wp-content\\\/uploads\\\/IMG_4970-scaled.jpeg\",\"contentUrl\":\"https:\\\/\\\/www.sarfati.co.il\\\/wp-content\\\/uploads\\\/IMG_4970-scaled.jpeg\",\"width\":2560,\"height\":2533},{\"@type\":\"BreadcrumbList\",\"@id\":\"https:\\\/\\\/www.sarfati.co.il\\\/fr\\\/product\\\/daurade-entiere-surgelee-assaisonnee-de-thym-et-dhuile-dolive-500-600-gr\\\/#breadcrumb\",\"itemListElement\":[{\"@type\":\"ListItem\",\"position\":1,\"name\":\"\u05d3\u05e3 \u05d4\u05d1\u05d9\u05ea\",\"item\":\"https:\\\/\\\/www.sarfati.co.il\\\/fr\\\/domicile\\\/\"},{\"@type\":\"ListItem\",\"position\":2,\"name\":\"\u05d7\u05e0\u05d5\u05ea\",\"item\":\"https:\\\/\\\/www.sarfati.co.il\\\/shop\\\/\"},{\"@type\":\"ListItem\",\"position\":3,\"name\":\"Daurade enti\u00e8re surgel\u00e9e assaisonn\u00e9e de thym et d\u2019huile d\u2019olive 500-600 gr\"}]},{\"@type\":\"WebSite\",\"@id\":\"https:\\\/\\\/www.sarfati.co.il\\\/fr\\\/#website\",\"url\":\"https:\\\/\\\/www.sarfati.co.il\\\/fr\\\/\",\"name\":\"\u05e6\u05e8\u05e4\u05ea\u05d9 \u05d3\u05d2\u05d9\u05dd \u05de\u05e2\u05d5\u05e9\u05e0\u05d9\u05dd\",\"description\":\"\",\"publisher\":{\"@id\":\"https:\\\/\\\/www.sarfati.co.il\\\/fr\\\/#organization\"},\"potentialAction\":[{\"@type\":\"SearchAction\",\"target\":{\"@type\":\"EntryPoint\",\"urlTemplate\":\"https:\\\/\\\/www.sarfati.co.il\\\/fr\\\/?s={search_term_string}\"},\"query-input\":{\"@type\":\"PropertyValueSpecification\",\"valueRequired\":true,\"valueName\":\"search_term_string\"}}],\"inLanguage\":\"fr-FR\"},{\"@type\":\"Organization\",\"@id\":\"https:\\\/\\\/www.sarfati.co.il\\\/fr\\\/#organization\",\"name\":\"\u05e6\u05e8\u05e4\u05ea\u05d9 \u05d3\u05d2\u05d9\u05dd \u05de\u05e2\u05d5\u05e9\u05e0\u05d9\u05dd\",\"url\":\"https:\\\/\\\/www.sarfati.co.il\\\/fr\\\/\",\"logo\":{\"@type\":\"ImageObject\",\"inLanguage\":\"fr-FR\",\"@id\":\"https:\\\/\\\/www.sarfati.co.il\\\/fr\\\/#\\\/schema\\\/logo\\\/image\\\/\",\"url\":\"https:\\\/\\\/www.sarfati.co.il\\\/wp-content\\\/uploads\\\/2023\\\/06\\\/logo-01.png\",\"contentUrl\":\"https:\\\/\\\/www.sarfati.co.il\\\/wp-content\\\/uploads\\\/2023\\\/06\\\/logo-01.png\",\"width\":376,\"height\":209,\"caption\":\"\u05e6\u05e8\u05e4\u05ea\u05d9 \u05d3\u05d2\u05d9\u05dd \u05de\u05e2\u05d5\u05e9\u05e0\u05d9\u05dd\"},\"image\":{\"@id\":\"https:\\\/\\\/www.sarfati.co.il\\\/fr\\\/#\\\/schema\\\/logo\\\/image\\\/\"}}]}<\/script>\n<!-- \/ Yoast SEO plugin. -->","yoast_head_json":{"title":"Daurade enti\u00e8re surgel\u00e9e assaisonn\u00e9e de thym et d\u2019huile d\u2019olive 500-600 gr - \u05e6\u05e8\u05e4\u05ea\u05d9 \u05d3\u05d2\u05d9\u05dd \u05de\u05e2\u05d5\u05e9\u05e0\u05d9\u05dd","robots":{"index":"index","follow":"follow","max-snippet":"max-snippet:-1","max-image-preview":"max-image-preview:large","max-video-preview":"max-video-preview:-1"},"canonical":"https:\/\/www.sarfati.co.il\/fr\/product\/daurade-entiere-surgelee-assaisonnee-de-thym-et-dhuile-dolive-500-600-gr\/","og_locale":"fr_FR","og_type":"article","og_title":"Daurade enti\u00e8re surgel\u00e9e assaisonn\u00e9e de thym et d\u2019huile d\u2019olive 500-600 gr - \u05e6\u05e8\u05e4\u05ea\u05d9 \u05d3\u05d2\u05d9\u05dd \u05de\u05e2\u05d5\u05e9\u05e0\u05d9\u05dd","og_description":"&nbsp; **Daurade enti\u00e8re congel\u00e9e avec assaisonnement au thym et \u00e0 l\u2019huile d\u2019olive** Fra\u00eeche et congel\u00e9e, la daurade enti\u00e8re assaisonn\u00e9e de thym et d\u2019huile d\u2019olive extra vierge, donne au poisson des saveurs profondes et aromatiques de la cuisine m\u00e9diterran\u00e9enne. Le poisson conserve sa jutosit\u00e9 et devient croustillant et tendre \u00e0 la cuisson. La daurade peut \u00eatre [&hellip;]","og_url":"https:\/\/www.sarfati.co.il\/fr\/product\/daurade-entiere-surgelee-assaisonnee-de-thym-et-dhuile-dolive-500-600-gr\/","og_site_name":"\u05e6\u05e8\u05e4\u05ea\u05d9 \u05d3\u05d2\u05d9\u05dd \u05de\u05e2\u05d5\u05e9\u05e0\u05d9\u05dd","article_modified_time":"2025-01-08T13:07:16+00:00","og_image":[{"width":2560,"height":2533,"url":"https:\/\/www.sarfati.co.il\/wp-content\/uploads\/IMG_4970-scaled.jpeg","type":"image\/jpeg"}],"twitter_card":"summary_large_image","twitter_misc":{"Dur\u00e9e de lecture estim\u00e9e":"1 minute"},"schema":{"@context":"https:\/\/schema.org","@graph":[{"@type":"WebPage","@id":"https:\/\/www.sarfati.co.il\/fr\/product\/daurade-entiere-surgelee-assaisonnee-de-thym-et-dhuile-dolive-500-600-gr\/","url":"https:\/\/www.sarfati.co.il\/fr\/product\/daurade-entiere-surgelee-assaisonnee-de-thym-et-dhuile-dolive-500-600-gr\/","name":"Daurade enti\u00e8re surgel\u00e9e assaisonn\u00e9e de thym et d\u2019huile d\u2019olive 500-600 gr - \u05e6\u05e8\u05e4\u05ea\u05d9 \u05d3\u05d2\u05d9\u05dd \u05de\u05e2\u05d5\u05e9\u05e0\u05d9\u05dd","isPartOf":{"@id":"https:\/\/www.sarfati.co.il\/fr\/#website"},"primaryImageOfPage":{"@id":"https:\/\/www.sarfati.co.il\/fr\/product\/daurade-entiere-surgelee-assaisonnee-de-thym-et-dhuile-dolive-500-600-gr\/#primaryimage"},"image":{"@id":"https:\/\/www.sarfati.co.il\/fr\/product\/daurade-entiere-surgelee-assaisonnee-de-thym-et-dhuile-dolive-500-600-gr\/#primaryimage"},"thumbnailUrl":"https:\/\/www.sarfati.co.il\/wp-content\/uploads\/IMG_4970-scaled.jpeg","datePublished":"2024-09-10T10:21:53+00:00","dateModified":"2025-01-08T13:07:16+00:00","breadcrumb":{"@id":"https:\/\/www.sarfati.co.il\/fr\/product\/daurade-entiere-surgelee-assaisonnee-de-thym-et-dhuile-dolive-500-600-gr\/#breadcrumb"},"inLanguage":"fr-FR","potentialAction":[{"@type":"ReadAction","target":["https:\/\/www.sarfati.co.il\/fr\/product\/daurade-entiere-surgelee-assaisonnee-de-thym-et-dhuile-dolive-500-600-gr\/"]}]},{"@type":"ImageObject","inLanguage":"fr-FR","@id":"https:\/\/www.sarfati.co.il\/fr\/product\/daurade-entiere-surgelee-assaisonnee-de-thym-et-dhuile-dolive-500-600-gr\/#primaryimage","url":"https:\/\/www.sarfati.co.il\/wp-content\/uploads\/IMG_4970-scaled.jpeg","contentUrl":"https:\/\/www.sarfati.co.il\/wp-content\/uploads\/IMG_4970-scaled.jpeg","width":2560,"height":2533},{"@type":"BreadcrumbList","@id":"https:\/\/www.sarfati.co.il\/fr\/product\/daurade-entiere-surgelee-assaisonnee-de-thym-et-dhuile-dolive-500-600-gr\/#breadcrumb","itemListElement":[{"@type":"ListItem","position":1,"name":"\u05d3\u05e3 \u05d4\u05d1\u05d9\u05ea","item":"https:\/\/www.sarfati.co.il\/fr\/domicile\/"},{"@type":"ListItem","position":2,"name":"\u05d7\u05e0\u05d5\u05ea","item":"https:\/\/www.sarfati.co.il\/shop\/"},{"@type":"ListItem","position":3,"name":"Daurade enti\u00e8re surgel\u00e9e assaisonn\u00e9e de thym et d\u2019huile d\u2019olive 500-600 gr"}]},{"@type":"WebSite","@id":"https:\/\/www.sarfati.co.il\/fr\/#website","url":"https:\/\/www.sarfati.co.il\/fr\/","name":"\u05e6\u05e8\u05e4\u05ea\u05d9 \u05d3\u05d2\u05d9\u05dd \u05de\u05e2\u05d5\u05e9\u05e0\u05d9\u05dd","description":"","publisher":{"@id":"https:\/\/www.sarfati.co.il\/fr\/#organization"},"potentialAction":[{"@type":"SearchAction","target":{"@type":"EntryPoint","urlTemplate":"https:\/\/www.sarfati.co.il\/fr\/?s={search_term_string}"},"query-input":{"@type":"PropertyValueSpecification","valueRequired":true,"valueName":"search_term_string"}}],"inLanguage":"fr-FR"},{"@type":"Organization","@id":"https:\/\/www.sarfati.co.il\/fr\/#organization","name":"\u05e6\u05e8\u05e4\u05ea\u05d9 \u05d3\u05d2\u05d9\u05dd \u05de\u05e2\u05d5\u05e9\u05e0\u05d9\u05dd","url":"https:\/\/www.sarfati.co.il\/fr\/","logo":{"@type":"ImageObject","inLanguage":"fr-FR","@id":"https:\/\/www.sarfati.co.il\/fr\/#\/schema\/logo\/image\/","url":"https:\/\/www.sarfati.co.il\/wp-content\/uploads\/2023\/06\/logo-01.png","contentUrl":"https:\/\/www.sarfati.co.il\/wp-content\/uploads\/2023\/06\/logo-01.png","width":376,"height":209,"caption":"\u05e6\u05e8\u05e4\u05ea\u05d9 \u05d3\u05d2\u05d9\u05dd \u05de\u05e2\u05d5\u05e9\u05e0\u05d9\u05dd"},"image":{"@id":"https:\/\/www.sarfati.co.il\/fr\/#\/schema\/logo\/image\/"}}]}},"_links":{"self":[{"href":"https:\/\/www.sarfati.co.il\/fr\/wp-json\/wp\/v2\/product\/4584","targetHints":{"allow":["GET"]}}],"collection":[{"href":"https:\/\/www.sarfati.co.il\/fr\/wp-json\/wp\/v2\/product"}],"about":[{"href":"https:\/\/www.sarfati.co.il\/fr\/wp-json\/wp\/v2\/types\/product"}],"replies":[{"embeddable":true,"href":"https:\/\/www.sarfati.co.il\/fr\/wp-json\/wp\/v2\/comments?post=4584"}],"wp:featuredmedia":[{"embeddable":true,"href":"https:\/\/www.sarfati.co.il\/fr\/wp-json\/wp\/v2\/media\/4516"}],"wp:attachment":[{"href":"https:\/\/www.sarfati.co.il\/fr\/wp-json\/wp\/v2\/media?parent=4584"}],"wp:term":[{"taxonomy":"product_brand","embeddable":true,"href":"https:\/\/www.sarfati.co.il\/fr\/wp-json\/wp\/v2\/product_brand?post=4584"},{"taxonomy":"product_cat","embeddable":true,"href":"https:\/\/www.sarfati.co.il\/fr\/wp-json\/wp\/v2\/product_cat?post=4584"},{"taxonomy":"product_tag","embeddable":true,"href":"https:\/\/www.sarfati.co.il\/fr\/wp-json\/wp\/v2\/product_tag?post=4584"}],"curies":[{"name":"wp","href":"https:\/\/api.w.org\/{rel}","templated":true}]}}