{"id":4647,"date":"2024-06-10T16:07:39","date_gmt":"2024-06-10T13:07:39","guid":{"rendered":"https:\/\/www.sarfati.co.il\/product\/filet-danchois-sale-a-lhuile-dolive-48g\/"},"modified":"2026-03-19T10:04:53","modified_gmt":"2026-03-19T08:04:53","slug":"filet-danchois-sale-a-lhuile-dolive-48g","status":"publish","type":"product","link":"https:\/\/www.sarfati.co.il\/fr\/product\/filet-danchois-sale-a-lhuile-dolive-48g\/","title":{"rendered":"Filet d\u2019anchois de Cantabrie sal\u00e9 dans de l\u2019huile d\u2019olive vierge 48g"},"content":{"rendered":"<p>La marque Le P\u00eacheur convient aux anchois gastronomiques, dans leur point de sel, avec un traitement artistique, et s\u00e9lectionn\u00e9e parmi les meilleurs p\u00eacheurs de la c\u00f4te de Cantabrie.<\/p>\n<p>Vous avez la petite bo\u00eete (48 grammes) pour vous faire plaisir seul ou en compagnie. Si ce que vous cherchez, c\u2019est partager ce plaisir avec plus de personnes, vous pouvez essayer la bo\u00eete de 110 grammes. Cela d\u00e9pend de l\u2019\u00e9v\u00e9nement.<br \/>\nN\u2019oubliez pas que vous pouvez utiliser des anchois pour pr\u00e9parer de d\u00e9licieuses brochettes et <del>recettes.<\/del><br \/>\nLes anchois le p\u00eacheur sont tr\u00e8s sp\u00e9ciaux et exquis, pr\u00e9par\u00e9s avec amour pour les occasions uniques.  <\/p>\n","protected":false},"excerpt":{"rendered":"<p>La marque Le P\u00eacheur convient aux anchois gastronomiques, dans leur point de sel, avec un traitement artistique, et s\u00e9lectionn\u00e9e parmi les meilleurs p\u00eacheurs de la c\u00f4te de Cantabrie. Vous avez la petite bo\u00eete (48 grammes) pour vous faire plaisir seul ou en compagnie. Si ce que vous cherchez, c\u2019est partager ce plaisir avec plus de [&hellip;]<\/p>\n","protected":false},"featured_media":6277,"comment_status":"open","ping_status":"closed","template":"","meta":[],"product_brand":[],"product_cat":[174,311,200],"product_tag":[334],"class_list":{"0":"post-4647","1":"product","2":"type-product","3":"status-publish","4":"has-post-thumbnail","6":"product_cat-badatz-beit-yosef","7":"product_cat-casher-pour-pessah-badatz-beit-yossef","8":"product_cat-produits-speciaux-haut-de-gamme","9":"product_tag-casher-pour-pessah-2","11":"first","12":"instock","13":"shipping-taxable","14":"purchasable","15":"product-type-simple"},"yoast_head":"<!-- This site is optimized with the Yoast SEO plugin v27.3 - https:\/\/yoast.com\/product\/yoast-seo-wordpress\/ -->\n<title>Filet d\u2019anchois de Cantabrie sal\u00e9 dans de l\u2019huile d\u2019olive vierge 48g - \u05e6\u05e8\u05e4\u05ea\u05d9 \u05d3\u05d2\u05d9\u05dd \u05de\u05e2\u05d5\u05e9\u05e0\u05d9\u05dd<\/title>\n<meta name=\"robots\" content=\"index, follow, max-snippet:-1, max-image-preview:large, max-video-preview:-1\" \/>\n<link rel=\"canonical\" href=\"https:\/\/www.sarfati.co.il\/fr\/product\/filet-danchois-sale-a-lhuile-dolive-48g\/\" \/>\n<meta property=\"og:locale\" content=\"fr_FR\" \/>\n<meta property=\"og:type\" content=\"article\" \/>\n<meta property=\"og:title\" content=\"Filet d\u2019anchois de Cantabrie sal\u00e9 dans de l\u2019huile d\u2019olive vierge 48g - \u05e6\u05e8\u05e4\u05ea\u05d9 \u05d3\u05d2\u05d9\u05dd \u05de\u05e2\u05d5\u05e9\u05e0\u05d9\u05dd\" \/>\n<meta property=\"og:description\" content=\"La marque Le P\u00eacheur convient aux anchois gastronomiques, dans leur point de sel, avec un traitement artistique, et s\u00e9lectionn\u00e9e parmi les meilleurs p\u00eacheurs de la c\u00f4te de Cantabrie. Vous avez la petite bo\u00eete (48 grammes) pour vous faire plaisir seul ou en compagnie. Si ce que vous cherchez, c\u2019est partager ce plaisir avec plus de [&hellip;]\" \/>\n<meta property=\"og:url\" content=\"https:\/\/www.sarfati.co.il\/fr\/product\/filet-danchois-sale-a-lhuile-dolive-48g\/\" \/>\n<meta property=\"og:site_name\" content=\"\u05e6\u05e8\u05e4\u05ea\u05d9 \u05d3\u05d2\u05d9\u05dd \u05de\u05e2\u05d5\u05e9\u05e0\u05d9\u05dd\" \/>\n<meta property=\"article:modified_time\" content=\"2026-03-19T08:04:53+00:00\" \/>\n<meta property=\"og:image\" content=\"https:\/\/www.sarfati.co.il\/wp-content\/uploads\/IMG_9052.jpeg\" \/>\n\t<meta property=\"og:image:width\" content=\"1506\" \/>\n\t<meta property=\"og:image:height\" content=\"2134\" \/>\n\t<meta property=\"og:image:type\" content=\"image\/jpeg\" \/>\n<meta name=\"twitter:card\" content=\"summary_large_image\" \/>\n<meta name=\"twitter:label1\" content=\"Dur\u00e9e de lecture estim\u00e9e\" \/>\n\t<meta name=\"twitter:data1\" content=\"1 minute\" \/>\n<script type=\"application\/ld+json\" class=\"yoast-schema-graph\">{\"@context\":\"https:\\\/\\\/schema.org\",\"@graph\":[{\"@type\":\"WebPage\",\"@id\":\"https:\\\/\\\/www.sarfati.co.il\\\/fr\\\/product\\\/filet-danchois-sale-a-lhuile-dolive-48g\\\/\",\"url\":\"https:\\\/\\\/www.sarfati.co.il\\\/fr\\\/product\\\/filet-danchois-sale-a-lhuile-dolive-48g\\\/\",\"name\":\"Filet d\u2019anchois de Cantabrie sal\u00e9 dans de l\u2019huile d\u2019olive vierge 48g - \u05e6\u05e8\u05e4\u05ea\u05d9 \u05d3\u05d2\u05d9\u05dd \u05de\u05e2\u05d5\u05e9\u05e0\u05d9\u05dd\",\"isPartOf\":{\"@id\":\"https:\\\/\\\/www.sarfati.co.il\\\/fr\\\/#website\"},\"primaryImageOfPage\":{\"@id\":\"https:\\\/\\\/www.sarfati.co.il\\\/fr\\\/product\\\/filet-danchois-sale-a-lhuile-dolive-48g\\\/#primaryimage\"},\"image\":{\"@id\":\"https:\\\/\\\/www.sarfati.co.il\\\/fr\\\/product\\\/filet-danchois-sale-a-lhuile-dolive-48g\\\/#primaryimage\"},\"thumbnailUrl\":\"https:\\\/\\\/www.sarfati.co.il\\\/wp-content\\\/uploads\\\/IMG_9052.jpeg\",\"datePublished\":\"2024-06-10T13:07:39+00:00\",\"dateModified\":\"2026-03-19T08:04:53+00:00\",\"breadcrumb\":{\"@id\":\"https:\\\/\\\/www.sarfati.co.il\\\/fr\\\/product\\\/filet-danchois-sale-a-lhuile-dolive-48g\\\/#breadcrumb\"},\"inLanguage\":\"fr-FR\",\"potentialAction\":[{\"@type\":\"ReadAction\",\"target\":[\"https:\\\/\\\/www.sarfati.co.il\\\/fr\\\/product\\\/filet-danchois-sale-a-lhuile-dolive-48g\\\/\"]}]},{\"@type\":\"ImageObject\",\"inLanguage\":\"fr-FR\",\"@id\":\"https:\\\/\\\/www.sarfati.co.il\\\/fr\\\/product\\\/filet-danchois-sale-a-lhuile-dolive-48g\\\/#primaryimage\",\"url\":\"https:\\\/\\\/www.sarfati.co.il\\\/wp-content\\\/uploads\\\/IMG_9052.jpeg\",\"contentUrl\":\"https:\\\/\\\/www.sarfati.co.il\\\/wp-content\\\/uploads\\\/IMG_9052.jpeg\",\"width\":1506,\"height\":2134},{\"@type\":\"BreadcrumbList\",\"@id\":\"https:\\\/\\\/www.sarfati.co.il\\\/fr\\\/product\\\/filet-danchois-sale-a-lhuile-dolive-48g\\\/#breadcrumb\",\"itemListElement\":[{\"@type\":\"ListItem\",\"position\":1,\"name\":\"\u05d3\u05e3 \u05d4\u05d1\u05d9\u05ea\",\"item\":\"https:\\\/\\\/www.sarfati.co.il\\\/fr\\\/domicile\\\/\"},{\"@type\":\"ListItem\",\"position\":2,\"name\":\"\u05d7\u05e0\u05d5\u05ea\",\"item\":\"https:\\\/\\\/www.sarfati.co.il\\\/shop\\\/\"},{\"@type\":\"ListItem\",\"position\":3,\"name\":\"Filet d\u2019anchois de Cantabrie sal\u00e9 dans de l\u2019huile d\u2019olive vierge 48g\"}]},{\"@type\":\"WebSite\",\"@id\":\"https:\\\/\\\/www.sarfati.co.il\\\/fr\\\/#website\",\"url\":\"https:\\\/\\\/www.sarfati.co.il\\\/fr\\\/\",\"name\":\"\u05e6\u05e8\u05e4\u05ea\u05d9 \u05d3\u05d2\u05d9\u05dd \u05de\u05e2\u05d5\u05e9\u05e0\u05d9\u05dd\",\"description\":\"\",\"publisher\":{\"@id\":\"https:\\\/\\\/www.sarfati.co.il\\\/fr\\\/#organization\"},\"potentialAction\":[{\"@type\":\"SearchAction\",\"target\":{\"@type\":\"EntryPoint\",\"urlTemplate\":\"https:\\\/\\\/www.sarfati.co.il\\\/fr\\\/?s={search_term_string}\"},\"query-input\":{\"@type\":\"PropertyValueSpecification\",\"valueRequired\":true,\"valueName\":\"search_term_string\"}}],\"inLanguage\":\"fr-FR\"},{\"@type\":\"Organization\",\"@id\":\"https:\\\/\\\/www.sarfati.co.il\\\/fr\\\/#organization\",\"name\":\"\u05e6\u05e8\u05e4\u05ea\u05d9 \u05d3\u05d2\u05d9\u05dd \u05de\u05e2\u05d5\u05e9\u05e0\u05d9\u05dd\",\"url\":\"https:\\\/\\\/www.sarfati.co.il\\\/fr\\\/\",\"logo\":{\"@type\":\"ImageObject\",\"inLanguage\":\"fr-FR\",\"@id\":\"https:\\\/\\\/www.sarfati.co.il\\\/fr\\\/#\\\/schema\\\/logo\\\/image\\\/\",\"url\":\"https:\\\/\\\/www.sarfati.co.il\\\/wp-content\\\/uploads\\\/2023\\\/06\\\/logo-01.png\",\"contentUrl\":\"https:\\\/\\\/www.sarfati.co.il\\\/wp-content\\\/uploads\\\/2023\\\/06\\\/logo-01.png\",\"width\":376,\"height\":209,\"caption\":\"\u05e6\u05e8\u05e4\u05ea\u05d9 \u05d3\u05d2\u05d9\u05dd \u05de\u05e2\u05d5\u05e9\u05e0\u05d9\u05dd\"},\"image\":{\"@id\":\"https:\\\/\\\/www.sarfati.co.il\\\/fr\\\/#\\\/schema\\\/logo\\\/image\\\/\"}}]}<\/script>\n<!-- \/ Yoast SEO plugin. -->","yoast_head_json":{"title":"Filet d\u2019anchois de Cantabrie sal\u00e9 dans de l\u2019huile d\u2019olive vierge 48g - \u05e6\u05e8\u05e4\u05ea\u05d9 \u05d3\u05d2\u05d9\u05dd \u05de\u05e2\u05d5\u05e9\u05e0\u05d9\u05dd","robots":{"index":"index","follow":"follow","max-snippet":"max-snippet:-1","max-image-preview":"max-image-preview:large","max-video-preview":"max-video-preview:-1"},"canonical":"https:\/\/www.sarfati.co.il\/fr\/product\/filet-danchois-sale-a-lhuile-dolive-48g\/","og_locale":"fr_FR","og_type":"article","og_title":"Filet d\u2019anchois de Cantabrie sal\u00e9 dans de l\u2019huile d\u2019olive vierge 48g - \u05e6\u05e8\u05e4\u05ea\u05d9 \u05d3\u05d2\u05d9\u05dd \u05de\u05e2\u05d5\u05e9\u05e0\u05d9\u05dd","og_description":"La marque Le P\u00eacheur convient aux anchois gastronomiques, dans leur point de sel, avec un traitement artistique, et s\u00e9lectionn\u00e9e parmi les meilleurs p\u00eacheurs de la c\u00f4te de Cantabrie. Vous avez la petite bo\u00eete (48 grammes) pour vous faire plaisir seul ou en compagnie. Si ce que vous cherchez, c\u2019est partager ce plaisir avec plus de [&hellip;]","og_url":"https:\/\/www.sarfati.co.il\/fr\/product\/filet-danchois-sale-a-lhuile-dolive-48g\/","og_site_name":"\u05e6\u05e8\u05e4\u05ea\u05d9 \u05d3\u05d2\u05d9\u05dd \u05de\u05e2\u05d5\u05e9\u05e0\u05d9\u05dd","article_modified_time":"2026-03-19T08:04:53+00:00","og_image":[{"width":1506,"height":2134,"url":"https:\/\/www.sarfati.co.il\/wp-content\/uploads\/IMG_9052.jpeg","type":"image\/jpeg"}],"twitter_card":"summary_large_image","twitter_misc":{"Dur\u00e9e de lecture estim\u00e9e":"1 minute"},"schema":{"@context":"https:\/\/schema.org","@graph":[{"@type":"WebPage","@id":"https:\/\/www.sarfati.co.il\/fr\/product\/filet-danchois-sale-a-lhuile-dolive-48g\/","url":"https:\/\/www.sarfati.co.il\/fr\/product\/filet-danchois-sale-a-lhuile-dolive-48g\/","name":"Filet d\u2019anchois de Cantabrie sal\u00e9 dans de l\u2019huile d\u2019olive vierge 48g - \u05e6\u05e8\u05e4\u05ea\u05d9 \u05d3\u05d2\u05d9\u05dd \u05de\u05e2\u05d5\u05e9\u05e0\u05d9\u05dd","isPartOf":{"@id":"https:\/\/www.sarfati.co.il\/fr\/#website"},"primaryImageOfPage":{"@id":"https:\/\/www.sarfati.co.il\/fr\/product\/filet-danchois-sale-a-lhuile-dolive-48g\/#primaryimage"},"image":{"@id":"https:\/\/www.sarfati.co.il\/fr\/product\/filet-danchois-sale-a-lhuile-dolive-48g\/#primaryimage"},"thumbnailUrl":"https:\/\/www.sarfati.co.il\/wp-content\/uploads\/IMG_9052.jpeg","datePublished":"2024-06-10T13:07:39+00:00","dateModified":"2026-03-19T08:04:53+00:00","breadcrumb":{"@id":"https:\/\/www.sarfati.co.il\/fr\/product\/filet-danchois-sale-a-lhuile-dolive-48g\/#breadcrumb"},"inLanguage":"fr-FR","potentialAction":[{"@type":"ReadAction","target":["https:\/\/www.sarfati.co.il\/fr\/product\/filet-danchois-sale-a-lhuile-dolive-48g\/"]}]},{"@type":"ImageObject","inLanguage":"fr-FR","@id":"https:\/\/www.sarfati.co.il\/fr\/product\/filet-danchois-sale-a-lhuile-dolive-48g\/#primaryimage","url":"https:\/\/www.sarfati.co.il\/wp-content\/uploads\/IMG_9052.jpeg","contentUrl":"https:\/\/www.sarfati.co.il\/wp-content\/uploads\/IMG_9052.jpeg","width":1506,"height":2134},{"@type":"BreadcrumbList","@id":"https:\/\/www.sarfati.co.il\/fr\/product\/filet-danchois-sale-a-lhuile-dolive-48g\/#breadcrumb","itemListElement":[{"@type":"ListItem","position":1,"name":"\u05d3\u05e3 \u05d4\u05d1\u05d9\u05ea","item":"https:\/\/www.sarfati.co.il\/fr\/domicile\/"},{"@type":"ListItem","position":2,"name":"\u05d7\u05e0\u05d5\u05ea","item":"https:\/\/www.sarfati.co.il\/shop\/"},{"@type":"ListItem","position":3,"name":"Filet d\u2019anchois de Cantabrie sal\u00e9 dans de l\u2019huile d\u2019olive vierge 48g"}]},{"@type":"WebSite","@id":"https:\/\/www.sarfati.co.il\/fr\/#website","url":"https:\/\/www.sarfati.co.il\/fr\/","name":"\u05e6\u05e8\u05e4\u05ea\u05d9 \u05d3\u05d2\u05d9\u05dd \u05de\u05e2\u05d5\u05e9\u05e0\u05d9\u05dd","description":"","publisher":{"@id":"https:\/\/www.sarfati.co.il\/fr\/#organization"},"potentialAction":[{"@type":"SearchAction","target":{"@type":"EntryPoint","urlTemplate":"https:\/\/www.sarfati.co.il\/fr\/?s={search_term_string}"},"query-input":{"@type":"PropertyValueSpecification","valueRequired":true,"valueName":"search_term_string"}}],"inLanguage":"fr-FR"},{"@type":"Organization","@id":"https:\/\/www.sarfati.co.il\/fr\/#organization","name":"\u05e6\u05e8\u05e4\u05ea\u05d9 \u05d3\u05d2\u05d9\u05dd \u05de\u05e2\u05d5\u05e9\u05e0\u05d9\u05dd","url":"https:\/\/www.sarfati.co.il\/fr\/","logo":{"@type":"ImageObject","inLanguage":"fr-FR","@id":"https:\/\/www.sarfati.co.il\/fr\/#\/schema\/logo\/image\/","url":"https:\/\/www.sarfati.co.il\/wp-content\/uploads\/2023\/06\/logo-01.png","contentUrl":"https:\/\/www.sarfati.co.il\/wp-content\/uploads\/2023\/06\/logo-01.png","width":376,"height":209,"caption":"\u05e6\u05e8\u05e4\u05ea\u05d9 \u05d3\u05d2\u05d9\u05dd \u05de\u05e2\u05d5\u05e9\u05e0\u05d9\u05dd"},"image":{"@id":"https:\/\/www.sarfati.co.il\/fr\/#\/schema\/logo\/image\/"}}]}},"_links":{"self":[{"href":"https:\/\/www.sarfati.co.il\/fr\/wp-json\/wp\/v2\/product\/4647","targetHints":{"allow":["GET"]}}],"collection":[{"href":"https:\/\/www.sarfati.co.il\/fr\/wp-json\/wp\/v2\/product"}],"about":[{"href":"https:\/\/www.sarfati.co.il\/fr\/wp-json\/wp\/v2\/types\/product"}],"replies":[{"embeddable":true,"href":"https:\/\/www.sarfati.co.il\/fr\/wp-json\/wp\/v2\/comments?post=4647"}],"wp:featuredmedia":[{"embeddable":true,"href":"https:\/\/www.sarfati.co.il\/fr\/wp-json\/wp\/v2\/media\/6277"}],"wp:attachment":[{"href":"https:\/\/www.sarfati.co.il\/fr\/wp-json\/wp\/v2\/media?parent=4647"}],"wp:term":[{"taxonomy":"product_brand","embeddable":true,"href":"https:\/\/www.sarfati.co.il\/fr\/wp-json\/wp\/v2\/product_brand?post=4647"},{"taxonomy":"product_cat","embeddable":true,"href":"https:\/\/www.sarfati.co.il\/fr\/wp-json\/wp\/v2\/product_cat?post=4647"},{"taxonomy":"product_tag","embeddable":true,"href":"https:\/\/www.sarfati.co.il\/fr\/wp-json\/wp\/v2\/product_tag?post=4647"}],"curies":[{"name":"wp","href":"https:\/\/api.w.org\/{rel}","templated":true}]}}