{"id":4693,"date":"2024-03-13T15:26:57","date_gmt":"2024-03-13T13:26:57","guid":{"rendered":"https:\/\/www.sarfati.co.il\/?post_type=product&#038;p=4693"},"modified":"2025-02-28T04:40:37","modified_gmt":"2025-02-28T02:40:37","slug":"plateau-de-saumon-fume-entier-concu","status":"publish","type":"product","link":"https:\/\/www.sarfati.co.il\/fr\/product\/plateau-de-saumon-fume-entier-concu\/","title":{"rendered":"Plateau de saumon fum\u00e9 entier con\u00e7u"},"content":{"rendered":"<p>Un plateau entier de saumon fum\u00e9 est un article impressionnant et esth\u00e9tique qui peut \u00eatre servi pour des occasions sp\u00e9ciales ou des r\u00e9unions de famille.<\/p>\n<p>Ce plateau met en sc\u00e8ne un saumon entier pesant de 2,5 \u00e0 3,5 kg avant cuisson.<\/p>\n<p>La palette parfaite pour les occasions sp\u00e9ciales.<\/p>\n<p>Ce plateau doit \u00eatre command\u00e9 10 jours \u00e0 l\u2019avance 08-6825888<\/p>\n<p>Kosher : Badatz de la communaut\u00e9 ultra-orthodoxe.<\/p>\n","protected":false},"excerpt":{"rendered":"<p>Un plateau entier de saumon fum\u00e9 est un article impressionnant et esth\u00e9tique qui peut \u00eatre servi pour des occasions sp\u00e9ciales ou des r\u00e9unions de famille. Ce plateau met en sc\u00e8ne un saumon entier pesant de 2,5 \u00e0 3,5 kg avant cuisson. La palette parfaite pour les occasions sp\u00e9ciales. Ce plateau doit \u00eatre command\u00e9 10 jours [&hellip;]<\/p>\n","protected":false},"featured_media":4164,"comment_status":"open","ping_status":"closed","template":"","meta":[],"product_brand":[],"product_cat":[196,311,148,145,220,146,158],"product_tag":[334],"class_list":{"0":"post-4693","1":"product","2":"type-product","3":"status-publish","4":"has-post-thumbnail","6":"product_cat-cadeaux","7":"product_cat-casher-pour-pessah-badatz-beit-yossef","8":"product_cat-kosher-badatzde-la-eidah-haharedit","9":"product_cat-non-classifiee","10":"product_cat-plateaux-de-poisson-fume","11":"product_cat-poisson-fume-a-chaud","12":"product_cat-poisson-fume-et-marine","13":"product_tag-casher-pour-pessah-2","15":"first","16":"instock","17":"shipping-taxable","18":"purchasable","19":"product-type-simple"},"yoast_head":"<!-- This site is optimized with the Yoast SEO plugin v27.3 - https:\/\/yoast.com\/product\/yoast-seo-wordpress\/ -->\n<title>Plateau de saumon fum\u00e9 entier con\u00e7u - \u05e6\u05e8\u05e4\u05ea\u05d9 \u05d3\u05d2\u05d9\u05dd \u05de\u05e2\u05d5\u05e9\u05e0\u05d9\u05dd<\/title>\n<meta name=\"robots\" content=\"index, follow, max-snippet:-1, max-image-preview:large, max-video-preview:-1\" \/>\n<link rel=\"canonical\" href=\"https:\/\/www.sarfati.co.il\/fr\/product\/plateau-de-saumon-fume-entier-concu\/\" \/>\n<meta property=\"og:locale\" content=\"fr_FR\" \/>\n<meta property=\"og:type\" content=\"article\" \/>\n<meta property=\"og:title\" content=\"Plateau de saumon fum\u00e9 entier con\u00e7u - \u05e6\u05e8\u05e4\u05ea\u05d9 \u05d3\u05d2\u05d9\u05dd \u05de\u05e2\u05d5\u05e9\u05e0\u05d9\u05dd\" \/>\n<meta property=\"og:description\" content=\"Un plateau entier de saumon fum\u00e9 est un article impressionnant et esth\u00e9tique qui peut \u00eatre servi pour des occasions sp\u00e9ciales ou des r\u00e9unions de famille. Ce plateau met en sc\u00e8ne un saumon entier pesant de 2,5 \u00e0 3,5 kg avant cuisson. La palette parfaite pour les occasions sp\u00e9ciales. Ce plateau doit \u00eatre command\u00e9 10 jours [&hellip;]\" \/>\n<meta property=\"og:url\" content=\"https:\/\/www.sarfati.co.il\/fr\/product\/plateau-de-saumon-fume-entier-concu\/\" \/>\n<meta property=\"og:site_name\" content=\"\u05e6\u05e8\u05e4\u05ea\u05d9 \u05d3\u05d2\u05d9\u05dd \u05de\u05e2\u05d5\u05e9\u05e0\u05d9\u05dd\" \/>\n<meta property=\"article:modified_time\" content=\"2025-02-28T02:40:37+00:00\" \/>\n<meta name=\"twitter:card\" content=\"summary_large_image\" \/>\n<script type=\"application\/ld+json\" class=\"yoast-schema-graph\">{\"@context\":\"https:\\\/\\\/schema.org\",\"@graph\":[{\"@type\":\"WebPage\",\"@id\":\"https:\\\/\\\/www.sarfati.co.il\\\/fr\\\/product\\\/plateau-de-saumon-fume-entier-concu\\\/\",\"url\":\"https:\\\/\\\/www.sarfati.co.il\\\/fr\\\/product\\\/plateau-de-saumon-fume-entier-concu\\\/\",\"name\":\"Plateau de saumon fum\u00e9 entier con\u00e7u - \u05e6\u05e8\u05e4\u05ea\u05d9 \u05d3\u05d2\u05d9\u05dd \u05de\u05e2\u05d5\u05e9\u05e0\u05d9\u05dd\",\"isPartOf\":{\"@id\":\"https:\\\/\\\/www.sarfati.co.il\\\/fr\\\/#website\"},\"primaryImageOfPage\":{\"@id\":\"https:\\\/\\\/www.sarfati.co.il\\\/fr\\\/product\\\/plateau-de-saumon-fume-entier-concu\\\/#primaryimage\"},\"image\":{\"@id\":\"https:\\\/\\\/www.sarfati.co.il\\\/fr\\\/product\\\/plateau-de-saumon-fume-entier-concu\\\/#primaryimage\"},\"thumbnailUrl\":\"https:\\\/\\\/www.sarfati.co.il\\\/wp-content\\\/uploads\\\/209_25022024204848.jpg\",\"datePublished\":\"2024-03-13T13:26:57+00:00\",\"dateModified\":\"2025-02-28T02:40:37+00:00\",\"breadcrumb\":{\"@id\":\"https:\\\/\\\/www.sarfati.co.il\\\/fr\\\/product\\\/plateau-de-saumon-fume-entier-concu\\\/#breadcrumb\"},\"inLanguage\":\"fr-FR\",\"potentialAction\":[{\"@type\":\"ReadAction\",\"target\":[\"https:\\\/\\\/www.sarfati.co.il\\\/fr\\\/product\\\/plateau-de-saumon-fume-entier-concu\\\/\"]}]},{\"@type\":\"ImageObject\",\"inLanguage\":\"fr-FR\",\"@id\":\"https:\\\/\\\/www.sarfati.co.il\\\/fr\\\/product\\\/plateau-de-saumon-fume-entier-concu\\\/#primaryimage\",\"url\":\"https:\\\/\\\/www.sarfati.co.il\\\/wp-content\\\/uploads\\\/209_25022024204848.jpg\",\"contentUrl\":\"https:\\\/\\\/www.sarfati.co.il\\\/wp-content\\\/uploads\\\/209_25022024204848.jpg\",\"width\":640,\"height\":480},{\"@type\":\"BreadcrumbList\",\"@id\":\"https:\\\/\\\/www.sarfati.co.il\\\/fr\\\/product\\\/plateau-de-saumon-fume-entier-concu\\\/#breadcrumb\",\"itemListElement\":[{\"@type\":\"ListItem\",\"position\":1,\"name\":\"\u05d3\u05e3 \u05d4\u05d1\u05d9\u05ea\",\"item\":\"https:\\\/\\\/www.sarfati.co.il\\\/fr\\\/domicile\\\/\"},{\"@type\":\"ListItem\",\"position\":2,\"name\":\"\u05d7\u05e0\u05d5\u05ea\",\"item\":\"https:\\\/\\\/www.sarfati.co.il\\\/shop\\\/\"},{\"@type\":\"ListItem\",\"position\":3,\"name\":\"Plateau de saumon fum\u00e9 entier con\u00e7u\"}]},{\"@type\":\"WebSite\",\"@id\":\"https:\\\/\\\/www.sarfati.co.il\\\/fr\\\/#website\",\"url\":\"https:\\\/\\\/www.sarfati.co.il\\\/fr\\\/\",\"name\":\"\u05e6\u05e8\u05e4\u05ea\u05d9 \u05d3\u05d2\u05d9\u05dd \u05de\u05e2\u05d5\u05e9\u05e0\u05d9\u05dd\",\"description\":\"\",\"publisher\":{\"@id\":\"https:\\\/\\\/www.sarfati.co.il\\\/fr\\\/#organization\"},\"potentialAction\":[{\"@type\":\"SearchAction\",\"target\":{\"@type\":\"EntryPoint\",\"urlTemplate\":\"https:\\\/\\\/www.sarfati.co.il\\\/fr\\\/?s={search_term_string}\"},\"query-input\":{\"@type\":\"PropertyValueSpecification\",\"valueRequired\":true,\"valueName\":\"search_term_string\"}}],\"inLanguage\":\"fr-FR\"},{\"@type\":\"Organization\",\"@id\":\"https:\\\/\\\/www.sarfati.co.il\\\/fr\\\/#organization\",\"name\":\"\u05e6\u05e8\u05e4\u05ea\u05d9 \u05d3\u05d2\u05d9\u05dd \u05de\u05e2\u05d5\u05e9\u05e0\u05d9\u05dd\",\"url\":\"https:\\\/\\\/www.sarfati.co.il\\\/fr\\\/\",\"logo\":{\"@type\":\"ImageObject\",\"inLanguage\":\"fr-FR\",\"@id\":\"https:\\\/\\\/www.sarfati.co.il\\\/fr\\\/#\\\/schema\\\/logo\\\/image\\\/\",\"url\":\"https:\\\/\\\/www.sarfati.co.il\\\/wp-content\\\/uploads\\\/2023\\\/06\\\/logo-01.png\",\"contentUrl\":\"https:\\\/\\\/www.sarfati.co.il\\\/wp-content\\\/uploads\\\/2023\\\/06\\\/logo-01.png\",\"width\":376,\"height\":209,\"caption\":\"\u05e6\u05e8\u05e4\u05ea\u05d9 \u05d3\u05d2\u05d9\u05dd \u05de\u05e2\u05d5\u05e9\u05e0\u05d9\u05dd\"},\"image\":{\"@id\":\"https:\\\/\\\/www.sarfati.co.il\\\/fr\\\/#\\\/schema\\\/logo\\\/image\\\/\"}}]}<\/script>\n<!-- \/ Yoast SEO plugin. -->","yoast_head_json":{"title":"Plateau de saumon fum\u00e9 entier con\u00e7u - \u05e6\u05e8\u05e4\u05ea\u05d9 \u05d3\u05d2\u05d9\u05dd \u05de\u05e2\u05d5\u05e9\u05e0\u05d9\u05dd","robots":{"index":"index","follow":"follow","max-snippet":"max-snippet:-1","max-image-preview":"max-image-preview:large","max-video-preview":"max-video-preview:-1"},"canonical":"https:\/\/www.sarfati.co.il\/fr\/product\/plateau-de-saumon-fume-entier-concu\/","og_locale":"fr_FR","og_type":"article","og_title":"Plateau de saumon fum\u00e9 entier con\u00e7u - \u05e6\u05e8\u05e4\u05ea\u05d9 \u05d3\u05d2\u05d9\u05dd \u05de\u05e2\u05d5\u05e9\u05e0\u05d9\u05dd","og_description":"Un plateau entier de saumon fum\u00e9 est un article impressionnant et esth\u00e9tique qui peut \u00eatre servi pour des occasions sp\u00e9ciales ou des r\u00e9unions de famille. Ce plateau met en sc\u00e8ne un saumon entier pesant de 2,5 \u00e0 3,5 kg avant cuisson. La palette parfaite pour les occasions sp\u00e9ciales. Ce plateau doit \u00eatre command\u00e9 10 jours [&hellip;]","og_url":"https:\/\/www.sarfati.co.il\/fr\/product\/plateau-de-saumon-fume-entier-concu\/","og_site_name":"\u05e6\u05e8\u05e4\u05ea\u05d9 \u05d3\u05d2\u05d9\u05dd \u05de\u05e2\u05d5\u05e9\u05e0\u05d9\u05dd","article_modified_time":"2025-02-28T02:40:37+00:00","twitter_card":"summary_large_image","schema":{"@context":"https:\/\/schema.org","@graph":[{"@type":"WebPage","@id":"https:\/\/www.sarfati.co.il\/fr\/product\/plateau-de-saumon-fume-entier-concu\/","url":"https:\/\/www.sarfati.co.il\/fr\/product\/plateau-de-saumon-fume-entier-concu\/","name":"Plateau de saumon fum\u00e9 entier con\u00e7u - \u05e6\u05e8\u05e4\u05ea\u05d9 \u05d3\u05d2\u05d9\u05dd \u05de\u05e2\u05d5\u05e9\u05e0\u05d9\u05dd","isPartOf":{"@id":"https:\/\/www.sarfati.co.il\/fr\/#website"},"primaryImageOfPage":{"@id":"https:\/\/www.sarfati.co.il\/fr\/product\/plateau-de-saumon-fume-entier-concu\/#primaryimage"},"image":{"@id":"https:\/\/www.sarfati.co.il\/fr\/product\/plateau-de-saumon-fume-entier-concu\/#primaryimage"},"thumbnailUrl":"https:\/\/www.sarfati.co.il\/wp-content\/uploads\/209_25022024204848.jpg","datePublished":"2024-03-13T13:26:57+00:00","dateModified":"2025-02-28T02:40:37+00:00","breadcrumb":{"@id":"https:\/\/www.sarfati.co.il\/fr\/product\/plateau-de-saumon-fume-entier-concu\/#breadcrumb"},"inLanguage":"fr-FR","potentialAction":[{"@type":"ReadAction","target":["https:\/\/www.sarfati.co.il\/fr\/product\/plateau-de-saumon-fume-entier-concu\/"]}]},{"@type":"ImageObject","inLanguage":"fr-FR","@id":"https:\/\/www.sarfati.co.il\/fr\/product\/plateau-de-saumon-fume-entier-concu\/#primaryimage","url":"https:\/\/www.sarfati.co.il\/wp-content\/uploads\/209_25022024204848.jpg","contentUrl":"https:\/\/www.sarfati.co.il\/wp-content\/uploads\/209_25022024204848.jpg","width":640,"height":480},{"@type":"BreadcrumbList","@id":"https:\/\/www.sarfati.co.il\/fr\/product\/plateau-de-saumon-fume-entier-concu\/#breadcrumb","itemListElement":[{"@type":"ListItem","position":1,"name":"\u05d3\u05e3 \u05d4\u05d1\u05d9\u05ea","item":"https:\/\/www.sarfati.co.il\/fr\/domicile\/"},{"@type":"ListItem","position":2,"name":"\u05d7\u05e0\u05d5\u05ea","item":"https:\/\/www.sarfati.co.il\/shop\/"},{"@type":"ListItem","position":3,"name":"Plateau de saumon fum\u00e9 entier con\u00e7u"}]},{"@type":"WebSite","@id":"https:\/\/www.sarfati.co.il\/fr\/#website","url":"https:\/\/www.sarfati.co.il\/fr\/","name":"\u05e6\u05e8\u05e4\u05ea\u05d9 \u05d3\u05d2\u05d9\u05dd \u05de\u05e2\u05d5\u05e9\u05e0\u05d9\u05dd","description":"","publisher":{"@id":"https:\/\/www.sarfati.co.il\/fr\/#organization"},"potentialAction":[{"@type":"SearchAction","target":{"@type":"EntryPoint","urlTemplate":"https:\/\/www.sarfati.co.il\/fr\/?s={search_term_string}"},"query-input":{"@type":"PropertyValueSpecification","valueRequired":true,"valueName":"search_term_string"}}],"inLanguage":"fr-FR"},{"@type":"Organization","@id":"https:\/\/www.sarfati.co.il\/fr\/#organization","name":"\u05e6\u05e8\u05e4\u05ea\u05d9 \u05d3\u05d2\u05d9\u05dd \u05de\u05e2\u05d5\u05e9\u05e0\u05d9\u05dd","url":"https:\/\/www.sarfati.co.il\/fr\/","logo":{"@type":"ImageObject","inLanguage":"fr-FR","@id":"https:\/\/www.sarfati.co.il\/fr\/#\/schema\/logo\/image\/","url":"https:\/\/www.sarfati.co.il\/wp-content\/uploads\/2023\/06\/logo-01.png","contentUrl":"https:\/\/www.sarfati.co.il\/wp-content\/uploads\/2023\/06\/logo-01.png","width":376,"height":209,"caption":"\u05e6\u05e8\u05e4\u05ea\u05d9 \u05d3\u05d2\u05d9\u05dd \u05de\u05e2\u05d5\u05e9\u05e0\u05d9\u05dd"},"image":{"@id":"https:\/\/www.sarfati.co.il\/fr\/#\/schema\/logo\/image\/"}}]}},"_links":{"self":[{"href":"https:\/\/www.sarfati.co.il\/fr\/wp-json\/wp\/v2\/product\/4693","targetHints":{"allow":["GET"]}}],"collection":[{"href":"https:\/\/www.sarfati.co.il\/fr\/wp-json\/wp\/v2\/product"}],"about":[{"href":"https:\/\/www.sarfati.co.il\/fr\/wp-json\/wp\/v2\/types\/product"}],"replies":[{"embeddable":true,"href":"https:\/\/www.sarfati.co.il\/fr\/wp-json\/wp\/v2\/comments?post=4693"}],"wp:featuredmedia":[{"embeddable":true,"href":"https:\/\/www.sarfati.co.il\/fr\/wp-json\/wp\/v2\/media\/4164"}],"wp:attachment":[{"href":"https:\/\/www.sarfati.co.il\/fr\/wp-json\/wp\/v2\/media?parent=4693"}],"wp:term":[{"taxonomy":"product_brand","embeddable":true,"href":"https:\/\/www.sarfati.co.il\/fr\/wp-json\/wp\/v2\/product_brand?post=4693"},{"taxonomy":"product_cat","embeddable":true,"href":"https:\/\/www.sarfati.co.il\/fr\/wp-json\/wp\/v2\/product_cat?post=4693"},{"taxonomy":"product_tag","embeddable":true,"href":"https:\/\/www.sarfati.co.il\/fr\/wp-json\/wp\/v2\/product_tag?post=4693"}],"curies":[{"name":"wp","href":"https:\/\/api.w.org\/{rel}","templated":true}]}}