{"id":4736,"date":"2024-06-10T16:25:39","date_gmt":"2024-06-10T13:25:39","guid":{"rendered":"https:\/\/www.sarfati.co.il\/product\/filet-danchois-sale-aux-clous-de-girofle-dolive-110-g\/"},"modified":"2026-03-19T10:04:47","modified_gmt":"2026-03-19T08:04:47","slug":"filet-danchois-sale-aux-clous-de-girofle-dolive-110-g","status":"publish","type":"product","link":"https:\/\/www.sarfati.co.il\/fr\/product\/filet-danchois-sale-aux-clous-de-girofle-dolive-110-g\/","title":{"rendered":"Filet d\u2019anchois de Cantabrie sal\u00e9 dans un clou de girofle d\u2019olive, 110 g"},"content":{"rendered":"<p>Anchois gourmands<br \/>\nCette gamme est un filet d\u2019anchois \u00e0 l\u2019huile d\u2019olive de Cantaberry Coastal Fishing, le meilleur de la p\u00eache aux anchois. Il est fabriqu\u00e9 de la mani\u00e8re la plus traditionnelle dans les installations situ\u00e9es dans le village de p\u00eacheurs de Sentonia. <\/p>\n","protected":false},"excerpt":{"rendered":"<p>Anchois gourmands Cette gamme est un filet d\u2019anchois \u00e0 l\u2019huile d\u2019olive de Cantaberry Coastal Fishing, le meilleur de la p\u00eache aux anchois. Il est fabriqu\u00e9 de la mani\u00e8re la plus traditionnelle dans les installations situ\u00e9es dans le village de p\u00eacheurs de Sentonia.<\/p>\n","protected":false},"featured_media":6271,"comment_status":"open","ping_status":"closed","template":"","meta":[],"product_brand":[],"product_cat":[174,311,200],"product_tag":[334],"class_list":{"0":"post-4736","1":"product","2":"type-product","3":"status-publish","4":"has-post-thumbnail","6":"product_cat-badatz-beit-yosef","7":"product_cat-casher-pour-pessah-badatz-beit-yossef","8":"product_cat-produits-speciaux-haut-de-gamme","9":"product_tag-casher-pour-pessah-2","11":"first","12":"instock","13":"shipping-taxable","14":"purchasable","15":"product-type-simple"},"yoast_head":"<!-- This site is optimized with the Yoast SEO plugin v27.3 - https:\/\/yoast.com\/product\/yoast-seo-wordpress\/ -->\n<title>Filet d\u2019anchois de Cantabrie sal\u00e9 dans un clou de girofle d\u2019olive, 110 g - \u05e6\u05e8\u05e4\u05ea\u05d9 \u05d3\u05d2\u05d9\u05dd \u05de\u05e2\u05d5\u05e9\u05e0\u05d9\u05dd<\/title>\n<meta name=\"robots\" content=\"index, follow, max-snippet:-1, max-image-preview:large, max-video-preview:-1\" \/>\n<link rel=\"canonical\" href=\"https:\/\/www.sarfati.co.il\/fr\/product\/filet-danchois-sale-aux-clous-de-girofle-dolive-110-g\/\" \/>\n<meta property=\"og:locale\" content=\"fr_FR\" \/>\n<meta property=\"og:type\" content=\"article\" \/>\n<meta property=\"og:title\" content=\"Filet d\u2019anchois de Cantabrie sal\u00e9 dans un clou de girofle d\u2019olive, 110 g - \u05e6\u05e8\u05e4\u05ea\u05d9 \u05d3\u05d2\u05d9\u05dd \u05de\u05e2\u05d5\u05e9\u05e0\u05d9\u05dd\" \/>\n<meta property=\"og:description\" content=\"Anchois gourmands Cette gamme est un filet d\u2019anchois \u00e0 l\u2019huile d\u2019olive de Cantaberry Coastal Fishing, le meilleur de la p\u00eache aux anchois. Il est fabriqu\u00e9 de la mani\u00e8re la plus traditionnelle dans les installations situ\u00e9es dans le village de p\u00eacheurs de Sentonia.\" \/>\n<meta property=\"og:url\" content=\"https:\/\/www.sarfati.co.il\/fr\/product\/filet-danchois-sale-aux-clous-de-girofle-dolive-110-g\/\" \/>\n<meta property=\"og:site_name\" content=\"\u05e6\u05e8\u05e4\u05ea\u05d9 \u05d3\u05d2\u05d9\u05dd \u05de\u05e2\u05d5\u05e9\u05e0\u05d9\u05dd\" \/>\n<meta property=\"article:modified_time\" content=\"2026-03-19T08:04:47+00:00\" \/>\n<meta property=\"og:image\" content=\"https:\/\/www.sarfati.co.il\/wp-content\/uploads\/IMG_9050.jpeg\" \/>\n\t<meta property=\"og:image:width\" content=\"1764\" \/>\n\t<meta property=\"og:image:height\" content=\"1949\" \/>\n\t<meta property=\"og:image:type\" content=\"image\/jpeg\" \/>\n<meta name=\"twitter:card\" content=\"summary_large_image\" \/>\n<script type=\"application\/ld+json\" class=\"yoast-schema-graph\">{\"@context\":\"https:\\\/\\\/schema.org\",\"@graph\":[{\"@type\":\"WebPage\",\"@id\":\"https:\\\/\\\/www.sarfati.co.il\\\/fr\\\/product\\\/filet-danchois-sale-aux-clous-de-girofle-dolive-110-g\\\/\",\"url\":\"https:\\\/\\\/www.sarfati.co.il\\\/fr\\\/product\\\/filet-danchois-sale-aux-clous-de-girofle-dolive-110-g\\\/\",\"name\":\"Filet d\u2019anchois de Cantabrie sal\u00e9 dans un clou de girofle d\u2019olive, 110 g - \u05e6\u05e8\u05e4\u05ea\u05d9 \u05d3\u05d2\u05d9\u05dd \u05de\u05e2\u05d5\u05e9\u05e0\u05d9\u05dd\",\"isPartOf\":{\"@id\":\"https:\\\/\\\/www.sarfati.co.il\\\/fr\\\/#website\"},\"primaryImageOfPage\":{\"@id\":\"https:\\\/\\\/www.sarfati.co.il\\\/fr\\\/product\\\/filet-danchois-sale-aux-clous-de-girofle-dolive-110-g\\\/#primaryimage\"},\"image\":{\"@id\":\"https:\\\/\\\/www.sarfati.co.il\\\/fr\\\/product\\\/filet-danchois-sale-aux-clous-de-girofle-dolive-110-g\\\/#primaryimage\"},\"thumbnailUrl\":\"https:\\\/\\\/www.sarfati.co.il\\\/wp-content\\\/uploads\\\/IMG_9050.jpeg\",\"datePublished\":\"2024-06-10T13:25:39+00:00\",\"dateModified\":\"2026-03-19T08:04:47+00:00\",\"breadcrumb\":{\"@id\":\"https:\\\/\\\/www.sarfati.co.il\\\/fr\\\/product\\\/filet-danchois-sale-aux-clous-de-girofle-dolive-110-g\\\/#breadcrumb\"},\"inLanguage\":\"fr-FR\",\"potentialAction\":[{\"@type\":\"ReadAction\",\"target\":[\"https:\\\/\\\/www.sarfati.co.il\\\/fr\\\/product\\\/filet-danchois-sale-aux-clous-de-girofle-dolive-110-g\\\/\"]}]},{\"@type\":\"ImageObject\",\"inLanguage\":\"fr-FR\",\"@id\":\"https:\\\/\\\/www.sarfati.co.il\\\/fr\\\/product\\\/filet-danchois-sale-aux-clous-de-girofle-dolive-110-g\\\/#primaryimage\",\"url\":\"https:\\\/\\\/www.sarfati.co.il\\\/wp-content\\\/uploads\\\/IMG_9050.jpeg\",\"contentUrl\":\"https:\\\/\\\/www.sarfati.co.il\\\/wp-content\\\/uploads\\\/IMG_9050.jpeg\",\"width\":1764,\"height\":1949},{\"@type\":\"BreadcrumbList\",\"@id\":\"https:\\\/\\\/www.sarfati.co.il\\\/fr\\\/product\\\/filet-danchois-sale-aux-clous-de-girofle-dolive-110-g\\\/#breadcrumb\",\"itemListElement\":[{\"@type\":\"ListItem\",\"position\":1,\"name\":\"\u05d3\u05e3 \u05d4\u05d1\u05d9\u05ea\",\"item\":\"https:\\\/\\\/www.sarfati.co.il\\\/fr\\\/domicile\\\/\"},{\"@type\":\"ListItem\",\"position\":2,\"name\":\"\u05d7\u05e0\u05d5\u05ea\",\"item\":\"https:\\\/\\\/www.sarfati.co.il\\\/shop\\\/\"},{\"@type\":\"ListItem\",\"position\":3,\"name\":\"Filet d\u2019anchois de Cantabrie sal\u00e9 dans un clou de girofle d\u2019olive, 110 g\"}]},{\"@type\":\"WebSite\",\"@id\":\"https:\\\/\\\/www.sarfati.co.il\\\/fr\\\/#website\",\"url\":\"https:\\\/\\\/www.sarfati.co.il\\\/fr\\\/\",\"name\":\"\u05e6\u05e8\u05e4\u05ea\u05d9 \u05d3\u05d2\u05d9\u05dd \u05de\u05e2\u05d5\u05e9\u05e0\u05d9\u05dd\",\"description\":\"\",\"publisher\":{\"@id\":\"https:\\\/\\\/www.sarfati.co.il\\\/fr\\\/#organization\"},\"potentialAction\":[{\"@type\":\"SearchAction\",\"target\":{\"@type\":\"EntryPoint\",\"urlTemplate\":\"https:\\\/\\\/www.sarfati.co.il\\\/fr\\\/?s={search_term_string}\"},\"query-input\":{\"@type\":\"PropertyValueSpecification\",\"valueRequired\":true,\"valueName\":\"search_term_string\"}}],\"inLanguage\":\"fr-FR\"},{\"@type\":\"Organization\",\"@id\":\"https:\\\/\\\/www.sarfati.co.il\\\/fr\\\/#organization\",\"name\":\"\u05e6\u05e8\u05e4\u05ea\u05d9 \u05d3\u05d2\u05d9\u05dd \u05de\u05e2\u05d5\u05e9\u05e0\u05d9\u05dd\",\"url\":\"https:\\\/\\\/www.sarfati.co.il\\\/fr\\\/\",\"logo\":{\"@type\":\"ImageObject\",\"inLanguage\":\"fr-FR\",\"@id\":\"https:\\\/\\\/www.sarfati.co.il\\\/fr\\\/#\\\/schema\\\/logo\\\/image\\\/\",\"url\":\"https:\\\/\\\/www.sarfati.co.il\\\/wp-content\\\/uploads\\\/2023\\\/06\\\/logo-01.png\",\"contentUrl\":\"https:\\\/\\\/www.sarfati.co.il\\\/wp-content\\\/uploads\\\/2023\\\/06\\\/logo-01.png\",\"width\":376,\"height\":209,\"caption\":\"\u05e6\u05e8\u05e4\u05ea\u05d9 \u05d3\u05d2\u05d9\u05dd \u05de\u05e2\u05d5\u05e9\u05e0\u05d9\u05dd\"},\"image\":{\"@id\":\"https:\\\/\\\/www.sarfati.co.il\\\/fr\\\/#\\\/schema\\\/logo\\\/image\\\/\"}}]}<\/script>\n<!-- \/ Yoast SEO plugin. -->","yoast_head_json":{"title":"Filet d\u2019anchois de Cantabrie sal\u00e9 dans un clou de girofle d\u2019olive, 110 g - \u05e6\u05e8\u05e4\u05ea\u05d9 \u05d3\u05d2\u05d9\u05dd \u05de\u05e2\u05d5\u05e9\u05e0\u05d9\u05dd","robots":{"index":"index","follow":"follow","max-snippet":"max-snippet:-1","max-image-preview":"max-image-preview:large","max-video-preview":"max-video-preview:-1"},"canonical":"https:\/\/www.sarfati.co.il\/fr\/product\/filet-danchois-sale-aux-clous-de-girofle-dolive-110-g\/","og_locale":"fr_FR","og_type":"article","og_title":"Filet d\u2019anchois de Cantabrie sal\u00e9 dans un clou de girofle d\u2019olive, 110 g - \u05e6\u05e8\u05e4\u05ea\u05d9 \u05d3\u05d2\u05d9\u05dd \u05de\u05e2\u05d5\u05e9\u05e0\u05d9\u05dd","og_description":"Anchois gourmands Cette gamme est un filet d\u2019anchois \u00e0 l\u2019huile d\u2019olive de Cantaberry Coastal Fishing, le meilleur de la p\u00eache aux anchois. Il est fabriqu\u00e9 de la mani\u00e8re la plus traditionnelle dans les installations situ\u00e9es dans le village de p\u00eacheurs de Sentonia.","og_url":"https:\/\/www.sarfati.co.il\/fr\/product\/filet-danchois-sale-aux-clous-de-girofle-dolive-110-g\/","og_site_name":"\u05e6\u05e8\u05e4\u05ea\u05d9 \u05d3\u05d2\u05d9\u05dd \u05de\u05e2\u05d5\u05e9\u05e0\u05d9\u05dd","article_modified_time":"2026-03-19T08:04:47+00:00","og_image":[{"width":1764,"height":1949,"url":"https:\/\/www.sarfati.co.il\/wp-content\/uploads\/IMG_9050.jpeg","type":"image\/jpeg"}],"twitter_card":"summary_large_image","schema":{"@context":"https:\/\/schema.org","@graph":[{"@type":"WebPage","@id":"https:\/\/www.sarfati.co.il\/fr\/product\/filet-danchois-sale-aux-clous-de-girofle-dolive-110-g\/","url":"https:\/\/www.sarfati.co.il\/fr\/product\/filet-danchois-sale-aux-clous-de-girofle-dolive-110-g\/","name":"Filet d\u2019anchois de Cantabrie sal\u00e9 dans un clou de girofle d\u2019olive, 110 g - \u05e6\u05e8\u05e4\u05ea\u05d9 \u05d3\u05d2\u05d9\u05dd \u05de\u05e2\u05d5\u05e9\u05e0\u05d9\u05dd","isPartOf":{"@id":"https:\/\/www.sarfati.co.il\/fr\/#website"},"primaryImageOfPage":{"@id":"https:\/\/www.sarfati.co.il\/fr\/product\/filet-danchois-sale-aux-clous-de-girofle-dolive-110-g\/#primaryimage"},"image":{"@id":"https:\/\/www.sarfati.co.il\/fr\/product\/filet-danchois-sale-aux-clous-de-girofle-dolive-110-g\/#primaryimage"},"thumbnailUrl":"https:\/\/www.sarfati.co.il\/wp-content\/uploads\/IMG_9050.jpeg","datePublished":"2024-06-10T13:25:39+00:00","dateModified":"2026-03-19T08:04:47+00:00","breadcrumb":{"@id":"https:\/\/www.sarfati.co.il\/fr\/product\/filet-danchois-sale-aux-clous-de-girofle-dolive-110-g\/#breadcrumb"},"inLanguage":"fr-FR","potentialAction":[{"@type":"ReadAction","target":["https:\/\/www.sarfati.co.il\/fr\/product\/filet-danchois-sale-aux-clous-de-girofle-dolive-110-g\/"]}]},{"@type":"ImageObject","inLanguage":"fr-FR","@id":"https:\/\/www.sarfati.co.il\/fr\/product\/filet-danchois-sale-aux-clous-de-girofle-dolive-110-g\/#primaryimage","url":"https:\/\/www.sarfati.co.il\/wp-content\/uploads\/IMG_9050.jpeg","contentUrl":"https:\/\/www.sarfati.co.il\/wp-content\/uploads\/IMG_9050.jpeg","width":1764,"height":1949},{"@type":"BreadcrumbList","@id":"https:\/\/www.sarfati.co.il\/fr\/product\/filet-danchois-sale-aux-clous-de-girofle-dolive-110-g\/#breadcrumb","itemListElement":[{"@type":"ListItem","position":1,"name":"\u05d3\u05e3 \u05d4\u05d1\u05d9\u05ea","item":"https:\/\/www.sarfati.co.il\/fr\/domicile\/"},{"@type":"ListItem","position":2,"name":"\u05d7\u05e0\u05d5\u05ea","item":"https:\/\/www.sarfati.co.il\/shop\/"},{"@type":"ListItem","position":3,"name":"Filet d\u2019anchois de Cantabrie sal\u00e9 dans un clou de girofle d\u2019olive, 110 g"}]},{"@type":"WebSite","@id":"https:\/\/www.sarfati.co.il\/fr\/#website","url":"https:\/\/www.sarfati.co.il\/fr\/","name":"\u05e6\u05e8\u05e4\u05ea\u05d9 \u05d3\u05d2\u05d9\u05dd \u05de\u05e2\u05d5\u05e9\u05e0\u05d9\u05dd","description":"","publisher":{"@id":"https:\/\/www.sarfati.co.il\/fr\/#organization"},"potentialAction":[{"@type":"SearchAction","target":{"@type":"EntryPoint","urlTemplate":"https:\/\/www.sarfati.co.il\/fr\/?s={search_term_string}"},"query-input":{"@type":"PropertyValueSpecification","valueRequired":true,"valueName":"search_term_string"}}],"inLanguage":"fr-FR"},{"@type":"Organization","@id":"https:\/\/www.sarfati.co.il\/fr\/#organization","name":"\u05e6\u05e8\u05e4\u05ea\u05d9 \u05d3\u05d2\u05d9\u05dd \u05de\u05e2\u05d5\u05e9\u05e0\u05d9\u05dd","url":"https:\/\/www.sarfati.co.il\/fr\/","logo":{"@type":"ImageObject","inLanguage":"fr-FR","@id":"https:\/\/www.sarfati.co.il\/fr\/#\/schema\/logo\/image\/","url":"https:\/\/www.sarfati.co.il\/wp-content\/uploads\/2023\/06\/logo-01.png","contentUrl":"https:\/\/www.sarfati.co.il\/wp-content\/uploads\/2023\/06\/logo-01.png","width":376,"height":209,"caption":"\u05e6\u05e8\u05e4\u05ea\u05d9 \u05d3\u05d2\u05d9\u05dd \u05de\u05e2\u05d5\u05e9\u05e0\u05d9\u05dd"},"image":{"@id":"https:\/\/www.sarfati.co.il\/fr\/#\/schema\/logo\/image\/"}}]}},"_links":{"self":[{"href":"https:\/\/www.sarfati.co.il\/fr\/wp-json\/wp\/v2\/product\/4736","targetHints":{"allow":["GET"]}}],"collection":[{"href":"https:\/\/www.sarfati.co.il\/fr\/wp-json\/wp\/v2\/product"}],"about":[{"href":"https:\/\/www.sarfati.co.il\/fr\/wp-json\/wp\/v2\/types\/product"}],"replies":[{"embeddable":true,"href":"https:\/\/www.sarfati.co.il\/fr\/wp-json\/wp\/v2\/comments?post=4736"}],"wp:featuredmedia":[{"embeddable":true,"href":"https:\/\/www.sarfati.co.il\/fr\/wp-json\/wp\/v2\/media\/6271"}],"wp:attachment":[{"href":"https:\/\/www.sarfati.co.il\/fr\/wp-json\/wp\/v2\/media?parent=4736"}],"wp:term":[{"taxonomy":"product_brand","embeddable":true,"href":"https:\/\/www.sarfati.co.il\/fr\/wp-json\/wp\/v2\/product_brand?post=4736"},{"taxonomy":"product_cat","embeddable":true,"href":"https:\/\/www.sarfati.co.il\/fr\/wp-json\/wp\/v2\/product_cat?post=4736"},{"taxonomy":"product_tag","embeddable":true,"href":"https:\/\/www.sarfati.co.il\/fr\/wp-json\/wp\/v2\/product_tag?post=4736"}],"curies":[{"name":"wp","href":"https:\/\/api.w.org\/{rel}","templated":true}]}}