{"id":4781,"date":"2024-02-29T12:20:46","date_gmt":"2024-02-29T10:20:46","guid":{"rendered":"https:\/\/www.sarfati.co.il\/product\/cocktail-citron-lime-combine-a-un-arc-delicat\/"},"modified":"2026-02-18T18:52:17","modified_gmt":"2026-02-18T16:52:17","slug":"cocktail-citron-lime-combine-a-un-arc-delicat","status":"publish","type":"product","link":"https:\/\/www.sarfati.co.il\/fr\/product\/cocktail-citron-lime-combine-a-un-arc-delicat\/","title":{"rendered":"Cocktail citron-lime combin\u00e9 \u00e0 un arc d\u00e9licat"},"content":{"rendered":"","protected":false},"excerpt":{"rendered":"","protected":false},"featured_media":4076,"comment_status":"open","ping_status":"closed","template":"","meta":[],"product_brand":[],"product_cat":[205,174,203],"product_tag":[],"class_list":{"0":"post-4781","1":"product","2":"type-product","3":"status-publish","4":"has-post-thumbnail","6":"product_cat-alcool","7":"product_cat-badatz-beit-yosef","8":"product_cat-cocktails-a-l-arak","10":"first","11":"instock","12":"shipping-taxable","13":"purchasable","14":"product-type-simple"},"yoast_head":"<!-- This site is optimized with the Yoast SEO plugin v27.3 - https:\/\/yoast.com\/product\/yoast-seo-wordpress\/ -->\n<title>Cocktail Arak de Brocca citron vert \u2013 % seulement d\u00e9licat et rafra\u00eechissant (750 ml) |<\/title>\n<meta name=\"description\" content=\"Arak de Brocca Lemon Lime : Un cocktail rafra\u00eechissant qui allie arc d\u00e9licat et acidit\u00e9 agrume. Une boisson pr\u00eate \u00e0 boire haut de gamme, casher et parfaite, avec beaucoup de glace pour chaque h\u00e9bergement. R\u00e9servez d\u00e8s maintenant pour seulement 79 \u20aa &gt;&gt;\" \/>\n<meta name=\"robots\" content=\"index, follow, max-snippet:-1, max-image-preview:large, max-video-preview:-1\" \/>\n<link rel=\"canonical\" href=\"https:\/\/www.sarfati.co.il\/fr\/product\/cocktail-citron-lime-combine-a-un-arc-delicat\/\" \/>\n<meta property=\"og:locale\" content=\"fr_FR\" \/>\n<meta property=\"og:type\" content=\"article\" \/>\n<meta property=\"og:title\" content=\"Cocktail Arak de Brocca citron vert \u2013 % seulement d\u00e9licat et rafra\u00eechissant (750 ml) |\" \/>\n<meta property=\"og:description\" content=\"Arak de Brocca Lemon Lime : Un cocktail rafra\u00eechissant qui allie arc d\u00e9licat et acidit\u00e9 agrume. Une boisson pr\u00eate \u00e0 boire haut de gamme, casher et parfaite, avec beaucoup de glace pour chaque h\u00e9bergement. R\u00e9servez d\u00e8s maintenant pour seulement 79 \u20aa &gt;&gt;\" \/>\n<meta property=\"og:url\" content=\"https:\/\/www.sarfati.co.il\/fr\/product\/cocktail-citron-lime-combine-a-un-arc-delicat\/\" \/>\n<meta property=\"og:site_name\" content=\"\u05e6\u05e8\u05e4\u05ea\u05d9 \u05d3\u05d2\u05d9\u05dd \u05de\u05e2\u05d5\u05e9\u05e0\u05d9\u05dd\" \/>\n<meta property=\"article:modified_time\" content=\"2026-02-18T16:52:17+00:00\" \/>\n<meta property=\"og:image\" content=\"https:\/\/www.sarfati.co.il\/wp-content\/uploads\/\u05e7\u05d5\u05e7\u05d8\u05d9\u05d9\u05dc-\u05dc\u05d9\u05de\u05d5\u05df-\u05dc\u05d9\u05d9\u05dd-\u05d1\u05e9\u05d9\u05dc\u05d5\u05d1-\u05d0\u05e8\u05e7-\u05e2\u05d3\u05d9\u05df-79\u20aa.jpg\" \/>\n\t<meta property=\"og:image:width\" content=\"800\" \/>\n\t<meta property=\"og:image:height\" content=\"600\" \/>\n\t<meta property=\"og:image:type\" content=\"image\/jpeg\" \/>\n<meta name=\"twitter:card\" content=\"summary_large_image\" \/>\n<script type=\"application\/ld+json\" class=\"yoast-schema-graph\">{\"@context\":\"https:\\\/\\\/schema.org\",\"@graph\":[{\"@type\":\"WebPage\",\"@id\":\"https:\\\/\\\/www.sarfati.co.il\\\/fr\\\/product\\\/cocktail-citron-lime-combine-a-un-arc-delicat\\\/\",\"url\":\"https:\\\/\\\/www.sarfati.co.il\\\/fr\\\/product\\\/cocktail-citron-lime-combine-a-un-arc-delicat\\\/\",\"name\":\"Cocktail Arak de Brocca citron vert \u2013 % seulement d\u00e9licat et rafra\u00eechissant (750 ml) |\",\"isPartOf\":{\"@id\":\"https:\\\/\\\/www.sarfati.co.il\\\/fr\\\/#website\"},\"primaryImageOfPage\":{\"@id\":\"https:\\\/\\\/www.sarfati.co.il\\\/fr\\\/product\\\/cocktail-citron-lime-combine-a-un-arc-delicat\\\/#primaryimage\"},\"image\":{\"@id\":\"https:\\\/\\\/www.sarfati.co.il\\\/fr\\\/product\\\/cocktail-citron-lime-combine-a-un-arc-delicat\\\/#primaryimage\"},\"thumbnailUrl\":\"https:\\\/\\\/www.sarfati.co.il\\\/wp-content\\\/uploads\\\/\u05e7\u05d5\u05e7\u05d8\u05d9\u05d9\u05dc-\u05dc\u05d9\u05de\u05d5\u05df-\u05dc\u05d9\u05d9\u05dd-\u05d1\u05e9\u05d9\u05dc\u05d5\u05d1-\u05d0\u05e8\u05e7-\u05e2\u05d3\u05d9\u05df-79\u20aa.jpg\",\"datePublished\":\"2024-02-29T10:20:46+00:00\",\"dateModified\":\"2026-02-18T16:52:17+00:00\",\"description\":\"Arak de Brocca Lemon Lime : Un cocktail rafra\u00eechissant qui allie arc d\u00e9licat et acidit\u00e9 agrume. Une boisson pr\u00eate \u00e0 boire haut de gamme, casher et parfaite, avec beaucoup de glace pour chaque h\u00e9bergement. R\u00e9servez d\u00e8s maintenant pour seulement 79 \u20aa >>\",\"breadcrumb\":{\"@id\":\"https:\\\/\\\/www.sarfati.co.il\\\/fr\\\/product\\\/cocktail-citron-lime-combine-a-un-arc-delicat\\\/#breadcrumb\"},\"inLanguage\":\"fr-FR\",\"potentialAction\":[{\"@type\":\"ReadAction\",\"target\":[\"https:\\\/\\\/www.sarfati.co.il\\\/fr\\\/product\\\/cocktail-citron-lime-combine-a-un-arc-delicat\\\/\"]}]},{\"@type\":\"ImageObject\",\"inLanguage\":\"fr-FR\",\"@id\":\"https:\\\/\\\/www.sarfati.co.il\\\/fr\\\/product\\\/cocktail-citron-lime-combine-a-un-arc-delicat\\\/#primaryimage\",\"url\":\"https:\\\/\\\/www.sarfati.co.il\\\/wp-content\\\/uploads\\\/\u05e7\u05d5\u05e7\u05d8\u05d9\u05d9\u05dc-\u05dc\u05d9\u05de\u05d5\u05df-\u05dc\u05d9\u05d9\u05dd-\u05d1\u05e9\u05d9\u05dc\u05d5\u05d1-\u05d0\u05e8\u05e7-\u05e2\u05d3\u05d9\u05df-79\u20aa.jpg\",\"contentUrl\":\"https:\\\/\\\/www.sarfati.co.il\\\/wp-content\\\/uploads\\\/\u05e7\u05d5\u05e7\u05d8\u05d9\u05d9\u05dc-\u05dc\u05d9\u05de\u05d5\u05df-\u05dc\u05d9\u05d9\u05dd-\u05d1\u05e9\u05d9\u05dc\u05d5\u05d1-\u05d0\u05e8\u05e7-\u05e2\u05d3\u05d9\u05df-79\u20aa.jpg\",\"width\":800,\"height\":600,\"caption\":\"\u05e2\u05e8\u05e7 \u05de\u05d1\u05e8\u05d5\u05e7\u05d4 - \u05e7\u05d5\u05e7\u05d8\u05d9\u05d9\u05dc \u05dc\u05d9\u05de\u05d5\u05df \u05dc\u05d9\u05d9\u05dd \u05d1\u05e9\u05d9\u05dc\u05d5\u05d1 \u05d0\u05e8\u05e7 \u05e2\u05d3\u05d9\u05df\"},{\"@type\":\"BreadcrumbList\",\"@id\":\"https:\\\/\\\/www.sarfati.co.il\\\/fr\\\/product\\\/cocktail-citron-lime-combine-a-un-arc-delicat\\\/#breadcrumb\",\"itemListElement\":[{\"@type\":\"ListItem\",\"position\":1,\"name\":\"\u05d3\u05e3 \u05d4\u05d1\u05d9\u05ea\",\"item\":\"https:\\\/\\\/www.sarfati.co.il\\\/fr\\\/domicile\\\/\"},{\"@type\":\"ListItem\",\"position\":2,\"name\":\"\u05d7\u05e0\u05d5\u05ea\",\"item\":\"https:\\\/\\\/www.sarfati.co.il\\\/shop\\\/\"},{\"@type\":\"ListItem\",\"position\":3,\"name\":\"Cocktail citron-lime combin\u00e9 \u00e0 un arc d\u00e9licat\"}]},{\"@type\":\"WebSite\",\"@id\":\"https:\\\/\\\/www.sarfati.co.il\\\/fr\\\/#website\",\"url\":\"https:\\\/\\\/www.sarfati.co.il\\\/fr\\\/\",\"name\":\"\u05e6\u05e8\u05e4\u05ea\u05d9 \u05d3\u05d2\u05d9\u05dd \u05de\u05e2\u05d5\u05e9\u05e0\u05d9\u05dd\",\"description\":\"\",\"publisher\":{\"@id\":\"https:\\\/\\\/www.sarfati.co.il\\\/fr\\\/#organization\"},\"potentialAction\":[{\"@type\":\"SearchAction\",\"target\":{\"@type\":\"EntryPoint\",\"urlTemplate\":\"https:\\\/\\\/www.sarfati.co.il\\\/fr\\\/?s={search_term_string}\"},\"query-input\":{\"@type\":\"PropertyValueSpecification\",\"valueRequired\":true,\"valueName\":\"search_term_string\"}}],\"inLanguage\":\"fr-FR\"},{\"@type\":\"Organization\",\"@id\":\"https:\\\/\\\/www.sarfati.co.il\\\/fr\\\/#organization\",\"name\":\"\u05e6\u05e8\u05e4\u05ea\u05d9 \u05d3\u05d2\u05d9\u05dd \u05de\u05e2\u05d5\u05e9\u05e0\u05d9\u05dd\",\"url\":\"https:\\\/\\\/www.sarfati.co.il\\\/fr\\\/\",\"logo\":{\"@type\":\"ImageObject\",\"inLanguage\":\"fr-FR\",\"@id\":\"https:\\\/\\\/www.sarfati.co.il\\\/fr\\\/#\\\/schema\\\/logo\\\/image\\\/\",\"url\":\"https:\\\/\\\/www.sarfati.co.il\\\/wp-content\\\/uploads\\\/2023\\\/06\\\/logo-01.png\",\"contentUrl\":\"https:\\\/\\\/www.sarfati.co.il\\\/wp-content\\\/uploads\\\/2023\\\/06\\\/logo-01.png\",\"width\":376,\"height\":209,\"caption\":\"\u05e6\u05e8\u05e4\u05ea\u05d9 \u05d3\u05d2\u05d9\u05dd \u05de\u05e2\u05d5\u05e9\u05e0\u05d9\u05dd\"},\"image\":{\"@id\":\"https:\\\/\\\/www.sarfati.co.il\\\/fr\\\/#\\\/schema\\\/logo\\\/image\\\/\"}}]}<\/script>\n<!-- \/ Yoast SEO plugin. -->","yoast_head_json":{"title":"Cocktail Arak de Brocca citron vert \u2013 % seulement d\u00e9licat et rafra\u00eechissant (750 ml) |","description":"Arak de Brocca Lemon Lime : Un cocktail rafra\u00eechissant qui allie arc d\u00e9licat et acidit\u00e9 agrume. Une boisson pr\u00eate \u00e0 boire haut de gamme, casher et parfaite, avec beaucoup de glace pour chaque h\u00e9bergement. R\u00e9servez d\u00e8s maintenant pour seulement 79 \u20aa >>","robots":{"index":"index","follow":"follow","max-snippet":"max-snippet:-1","max-image-preview":"max-image-preview:large","max-video-preview":"max-video-preview:-1"},"canonical":"https:\/\/www.sarfati.co.il\/fr\/product\/cocktail-citron-lime-combine-a-un-arc-delicat\/","og_locale":"fr_FR","og_type":"article","og_title":"Cocktail Arak de Brocca citron vert \u2013 % seulement d\u00e9licat et rafra\u00eechissant (750 ml) |","og_description":"Arak de Brocca Lemon Lime : Un cocktail rafra\u00eechissant qui allie arc d\u00e9licat et acidit\u00e9 agrume. Une boisson pr\u00eate \u00e0 boire haut de gamme, casher et parfaite, avec beaucoup de glace pour chaque h\u00e9bergement. R\u00e9servez d\u00e8s maintenant pour seulement 79 \u20aa >>","og_url":"https:\/\/www.sarfati.co.il\/fr\/product\/cocktail-citron-lime-combine-a-un-arc-delicat\/","og_site_name":"\u05e6\u05e8\u05e4\u05ea\u05d9 \u05d3\u05d2\u05d9\u05dd \u05de\u05e2\u05d5\u05e9\u05e0\u05d9\u05dd","article_modified_time":"2026-02-18T16:52:17+00:00","og_image":[{"width":800,"height":600,"url":"https:\/\/www.sarfati.co.il\/wp-content\/uploads\/\u05e7\u05d5\u05e7\u05d8\u05d9\u05d9\u05dc-\u05dc\u05d9\u05de\u05d5\u05df-\u05dc\u05d9\u05d9\u05dd-\u05d1\u05e9\u05d9\u05dc\u05d5\u05d1-\u05d0\u05e8\u05e7-\u05e2\u05d3\u05d9\u05df-79\u20aa.jpg","type":"image\/jpeg"}],"twitter_card":"summary_large_image","schema":{"@context":"https:\/\/schema.org","@graph":[{"@type":"WebPage","@id":"https:\/\/www.sarfati.co.il\/fr\/product\/cocktail-citron-lime-combine-a-un-arc-delicat\/","url":"https:\/\/www.sarfati.co.il\/fr\/product\/cocktail-citron-lime-combine-a-un-arc-delicat\/","name":"Cocktail Arak de Brocca citron vert \u2013 % seulement d\u00e9licat et rafra\u00eechissant (750 ml) |","isPartOf":{"@id":"https:\/\/www.sarfati.co.il\/fr\/#website"},"primaryImageOfPage":{"@id":"https:\/\/www.sarfati.co.il\/fr\/product\/cocktail-citron-lime-combine-a-un-arc-delicat\/#primaryimage"},"image":{"@id":"https:\/\/www.sarfati.co.il\/fr\/product\/cocktail-citron-lime-combine-a-un-arc-delicat\/#primaryimage"},"thumbnailUrl":"https:\/\/www.sarfati.co.il\/wp-content\/uploads\/\u05e7\u05d5\u05e7\u05d8\u05d9\u05d9\u05dc-\u05dc\u05d9\u05de\u05d5\u05df-\u05dc\u05d9\u05d9\u05dd-\u05d1\u05e9\u05d9\u05dc\u05d5\u05d1-\u05d0\u05e8\u05e7-\u05e2\u05d3\u05d9\u05df-79\u20aa.jpg","datePublished":"2024-02-29T10:20:46+00:00","dateModified":"2026-02-18T16:52:17+00:00","description":"Arak de Brocca Lemon Lime : Un cocktail rafra\u00eechissant qui allie arc d\u00e9licat et acidit\u00e9 agrume. Une boisson pr\u00eate \u00e0 boire haut de gamme, casher et parfaite, avec beaucoup de glace pour chaque h\u00e9bergement. R\u00e9servez d\u00e8s maintenant pour seulement 79 \u20aa >>","breadcrumb":{"@id":"https:\/\/www.sarfati.co.il\/fr\/product\/cocktail-citron-lime-combine-a-un-arc-delicat\/#breadcrumb"},"inLanguage":"fr-FR","potentialAction":[{"@type":"ReadAction","target":["https:\/\/www.sarfati.co.il\/fr\/product\/cocktail-citron-lime-combine-a-un-arc-delicat\/"]}]},{"@type":"ImageObject","inLanguage":"fr-FR","@id":"https:\/\/www.sarfati.co.il\/fr\/product\/cocktail-citron-lime-combine-a-un-arc-delicat\/#primaryimage","url":"https:\/\/www.sarfati.co.il\/wp-content\/uploads\/\u05e7\u05d5\u05e7\u05d8\u05d9\u05d9\u05dc-\u05dc\u05d9\u05de\u05d5\u05df-\u05dc\u05d9\u05d9\u05dd-\u05d1\u05e9\u05d9\u05dc\u05d5\u05d1-\u05d0\u05e8\u05e7-\u05e2\u05d3\u05d9\u05df-79\u20aa.jpg","contentUrl":"https:\/\/www.sarfati.co.il\/wp-content\/uploads\/\u05e7\u05d5\u05e7\u05d8\u05d9\u05d9\u05dc-\u05dc\u05d9\u05de\u05d5\u05df-\u05dc\u05d9\u05d9\u05dd-\u05d1\u05e9\u05d9\u05dc\u05d5\u05d1-\u05d0\u05e8\u05e7-\u05e2\u05d3\u05d9\u05df-79\u20aa.jpg","width":800,"height":600,"caption":"\u05e2\u05e8\u05e7 \u05de\u05d1\u05e8\u05d5\u05e7\u05d4 - \u05e7\u05d5\u05e7\u05d8\u05d9\u05d9\u05dc \u05dc\u05d9\u05de\u05d5\u05df \u05dc\u05d9\u05d9\u05dd \u05d1\u05e9\u05d9\u05dc\u05d5\u05d1 \u05d0\u05e8\u05e7 \u05e2\u05d3\u05d9\u05df"},{"@type":"BreadcrumbList","@id":"https:\/\/www.sarfati.co.il\/fr\/product\/cocktail-citron-lime-combine-a-un-arc-delicat\/#breadcrumb","itemListElement":[{"@type":"ListItem","position":1,"name":"\u05d3\u05e3 \u05d4\u05d1\u05d9\u05ea","item":"https:\/\/www.sarfati.co.il\/fr\/domicile\/"},{"@type":"ListItem","position":2,"name":"\u05d7\u05e0\u05d5\u05ea","item":"https:\/\/www.sarfati.co.il\/shop\/"},{"@type":"ListItem","position":3,"name":"Cocktail citron-lime combin\u00e9 \u00e0 un arc d\u00e9licat"}]},{"@type":"WebSite","@id":"https:\/\/www.sarfati.co.il\/fr\/#website","url":"https:\/\/www.sarfati.co.il\/fr\/","name":"\u05e6\u05e8\u05e4\u05ea\u05d9 \u05d3\u05d2\u05d9\u05dd \u05de\u05e2\u05d5\u05e9\u05e0\u05d9\u05dd","description":"","publisher":{"@id":"https:\/\/www.sarfati.co.il\/fr\/#organization"},"potentialAction":[{"@type":"SearchAction","target":{"@type":"EntryPoint","urlTemplate":"https:\/\/www.sarfati.co.il\/fr\/?s={search_term_string}"},"query-input":{"@type":"PropertyValueSpecification","valueRequired":true,"valueName":"search_term_string"}}],"inLanguage":"fr-FR"},{"@type":"Organization","@id":"https:\/\/www.sarfati.co.il\/fr\/#organization","name":"\u05e6\u05e8\u05e4\u05ea\u05d9 \u05d3\u05d2\u05d9\u05dd \u05de\u05e2\u05d5\u05e9\u05e0\u05d9\u05dd","url":"https:\/\/www.sarfati.co.il\/fr\/","logo":{"@type":"ImageObject","inLanguage":"fr-FR","@id":"https:\/\/www.sarfati.co.il\/fr\/#\/schema\/logo\/image\/","url":"https:\/\/www.sarfati.co.il\/wp-content\/uploads\/2023\/06\/logo-01.png","contentUrl":"https:\/\/www.sarfati.co.il\/wp-content\/uploads\/2023\/06\/logo-01.png","width":376,"height":209,"caption":"\u05e6\u05e8\u05e4\u05ea\u05d9 \u05d3\u05d2\u05d9\u05dd \u05de\u05e2\u05d5\u05e9\u05e0\u05d9\u05dd"},"image":{"@id":"https:\/\/www.sarfati.co.il\/fr\/#\/schema\/logo\/image\/"}}]}},"_links":{"self":[{"href":"https:\/\/www.sarfati.co.il\/fr\/wp-json\/wp\/v2\/product\/4781","targetHints":{"allow":["GET"]}}],"collection":[{"href":"https:\/\/www.sarfati.co.il\/fr\/wp-json\/wp\/v2\/product"}],"about":[{"href":"https:\/\/www.sarfati.co.il\/fr\/wp-json\/wp\/v2\/types\/product"}],"replies":[{"embeddable":true,"href":"https:\/\/www.sarfati.co.il\/fr\/wp-json\/wp\/v2\/comments?post=4781"}],"wp:featuredmedia":[{"embeddable":true,"href":"https:\/\/www.sarfati.co.il\/fr\/wp-json\/wp\/v2\/media\/4076"}],"wp:attachment":[{"href":"https:\/\/www.sarfati.co.il\/fr\/wp-json\/wp\/v2\/media?parent=4781"}],"wp:term":[{"taxonomy":"product_brand","embeddable":true,"href":"https:\/\/www.sarfati.co.il\/fr\/wp-json\/wp\/v2\/product_brand?post=4781"},{"taxonomy":"product_cat","embeddable":true,"href":"https:\/\/www.sarfati.co.il\/fr\/wp-json\/wp\/v2\/product_cat?post=4781"},{"taxonomy":"product_tag","embeddable":true,"href":"https:\/\/www.sarfati.co.il\/fr\/wp-json\/wp\/v2\/product_tag?post=4781"}],"curies":[{"name":"wp","href":"https:\/\/api.w.org\/{rel}","templated":true}]}}