{"id":4782,"date":"2023-09-05T10:07:32","date_gmt":"2023-09-05T07:07:32","guid":{"rendered":"https:\/\/www.sarfati.co.il\/product\/saumon-fume-betterave-200g\/"},"modified":"2026-03-11T12:46:13","modified_gmt":"2026-03-11T10:46:13","slug":"saumon-fume-betterave-200g","status":"publish","type":"product","link":"https:\/\/www.sarfati.co.il\/fr\/product\/saumon-fume-betterave-200g\/","title":{"rendered":"Saumon fum\u00e9 betterave 100g"},"content":{"rendered":"<p>Soigneusement s\u00e9lectionn\u00e9 et sublim\u00e9 avec d\u00e9licatesse et inventivit\u00e9 dans sa marinade de betterave pendant pr\u00e8s de 72 heures, le saumon est issu d\u2019une recette unique de SARFATI.<\/p>\n<p>Sa couleur rouge et orange d\u00e9corera votre plateau.<\/p>\n","protected":false},"excerpt":{"rendered":"<p>Soigneusement s\u00e9lectionn\u00e9 et sublim\u00e9 avec d\u00e9licatesse et inventivit\u00e9 dans sa marinade de betterave pendant pr\u00e8s de 72 heures, le saumon est issu d\u2019une recette unique de SARFATI. Sa couleur rouge et orange d\u00e9corera votre plateau.<\/p>\n","protected":false},"featured_media":3978,"comment_status":"open","ping_status":"closed","template":"","meta":[],"product_brand":[],"product_cat":[311,148,194,158],"product_tag":[334],"class_list":{"0":"post-4782","1":"product","2":"type-product","3":"status-publish","4":"has-post-thumbnail","6":"product_cat-casher-pour-pessah-badatz-beit-yossef","7":"product_cat-kosher-badatzde-la-eidah-haharedit","8":"product_cat-poisson-fume-a-froid","9":"product_cat-poisson-fume-et-marine","10":"product_tag-casher-pour-pessah-2","12":"first","13":"instock","14":"shipping-taxable","15":"purchasable","16":"product-type-variable"},"yoast_head":"<!-- This site is optimized with the Yoast SEO plugin v27.3 - https:\/\/yoast.com\/product\/yoast-seo-wordpress\/ -->\n<title>Saumon fum\u00e9 betterave 100g - \u05e6\u05e8\u05e4\u05ea\u05d9 \u05d3\u05d2\u05d9\u05dd \u05de\u05e2\u05d5\u05e9\u05e0\u05d9\u05dd<\/title>\n<meta name=\"robots\" content=\"index, follow, max-snippet:-1, max-image-preview:large, max-video-preview:-1\" \/>\n<link rel=\"canonical\" href=\"https:\/\/www.sarfati.co.il\/fr\/product\/saumon-fume-betterave-200g\/\" \/>\n<meta property=\"og:locale\" content=\"fr_FR\" \/>\n<meta property=\"og:type\" content=\"article\" \/>\n<meta property=\"og:title\" content=\"Saumon fum\u00e9 betterave 100g - \u05e6\u05e8\u05e4\u05ea\u05d9 \u05d3\u05d2\u05d9\u05dd \u05de\u05e2\u05d5\u05e9\u05e0\u05d9\u05dd\" \/>\n<meta property=\"og:description\" content=\"Soigneusement s\u00e9lectionn\u00e9 et sublim\u00e9 avec d\u00e9licatesse et inventivit\u00e9 dans sa marinade de betterave pendant pr\u00e8s de 72 heures, le saumon est issu d\u2019une recette unique de SARFATI. Sa couleur rouge et orange d\u00e9corera votre plateau.\" \/>\n<meta property=\"og:url\" content=\"https:\/\/www.sarfati.co.il\/fr\/product\/saumon-fume-betterave-200g\/\" \/>\n<meta property=\"og:site_name\" content=\"\u05e6\u05e8\u05e4\u05ea\u05d9 \u05d3\u05d2\u05d9\u05dd \u05de\u05e2\u05d5\u05e9\u05e0\u05d9\u05dd\" \/>\n<meta property=\"article:modified_time\" content=\"2026-03-11T10:46:13+00:00\" \/>\n<meta property=\"og:image\" content=\"https:\/\/www.sarfati.co.il\/wp-content\/uploads\/\u05e1\u05dc\u05e7-1.jpg\" \/>\n\t<meta property=\"og:image:width\" content=\"953\" \/>\n\t<meta property=\"og:image:height\" content=\"666\" \/>\n\t<meta property=\"og:image:type\" content=\"image\/jpeg\" \/>\n<meta name=\"twitter:card\" content=\"summary_large_image\" \/>\n<script type=\"application\/ld+json\" class=\"yoast-schema-graph\">{\"@context\":\"https:\\\/\\\/schema.org\",\"@graph\":[{\"@type\":\"WebPage\",\"@id\":\"https:\\\/\\\/www.sarfati.co.il\\\/fr\\\/product\\\/saumon-fume-betterave-200g\\\/\",\"url\":\"https:\\\/\\\/www.sarfati.co.il\\\/fr\\\/product\\\/saumon-fume-betterave-200g\\\/\",\"name\":\"Saumon fum\u00e9 betterave 100g - \u05e6\u05e8\u05e4\u05ea\u05d9 \u05d3\u05d2\u05d9\u05dd \u05de\u05e2\u05d5\u05e9\u05e0\u05d9\u05dd\",\"isPartOf\":{\"@id\":\"https:\\\/\\\/www.sarfati.co.il\\\/fr\\\/#website\"},\"primaryImageOfPage\":{\"@id\":\"https:\\\/\\\/www.sarfati.co.il\\\/fr\\\/product\\\/saumon-fume-betterave-200g\\\/#primaryimage\"},\"image\":{\"@id\":\"https:\\\/\\\/www.sarfati.co.il\\\/fr\\\/product\\\/saumon-fume-betterave-200g\\\/#primaryimage\"},\"thumbnailUrl\":\"https:\\\/\\\/www.sarfati.co.il\\\/wp-content\\\/uploads\\\/\u05e1\u05dc\u05e7-1.jpg\",\"datePublished\":\"2023-09-05T07:07:32+00:00\",\"dateModified\":\"2026-03-11T10:46:13+00:00\",\"breadcrumb\":{\"@id\":\"https:\\\/\\\/www.sarfati.co.il\\\/fr\\\/product\\\/saumon-fume-betterave-200g\\\/#breadcrumb\"},\"inLanguage\":\"fr-FR\",\"potentialAction\":[{\"@type\":\"ReadAction\",\"target\":[\"https:\\\/\\\/www.sarfati.co.il\\\/fr\\\/product\\\/saumon-fume-betterave-200g\\\/\"]}]},{\"@type\":\"ImageObject\",\"inLanguage\":\"fr-FR\",\"@id\":\"https:\\\/\\\/www.sarfati.co.il\\\/fr\\\/product\\\/saumon-fume-betterave-200g\\\/#primaryimage\",\"url\":\"https:\\\/\\\/www.sarfati.co.il\\\/wp-content\\\/uploads\\\/\u05e1\u05dc\u05e7-1.jpg\",\"contentUrl\":\"https:\\\/\\\/www.sarfati.co.il\\\/wp-content\\\/uploads\\\/\u05e1\u05dc\u05e7-1.jpg\",\"width\":953,\"height\":666},{\"@type\":\"BreadcrumbList\",\"@id\":\"https:\\\/\\\/www.sarfati.co.il\\\/fr\\\/product\\\/saumon-fume-betterave-200g\\\/#breadcrumb\",\"itemListElement\":[{\"@type\":\"ListItem\",\"position\":1,\"name\":\"\u05d3\u05e3 \u05d4\u05d1\u05d9\u05ea\",\"item\":\"https:\\\/\\\/www.sarfati.co.il\\\/fr\\\/domicile\\\/\"},{\"@type\":\"ListItem\",\"position\":2,\"name\":\"\u05d7\u05e0\u05d5\u05ea\",\"item\":\"https:\\\/\\\/www.sarfati.co.il\\\/shop\\\/\"},{\"@type\":\"ListItem\",\"position\":3,\"name\":\"Saumon fum\u00e9 betterave 100g\"}]},{\"@type\":\"WebSite\",\"@id\":\"https:\\\/\\\/www.sarfati.co.il\\\/fr\\\/#website\",\"url\":\"https:\\\/\\\/www.sarfati.co.il\\\/fr\\\/\",\"name\":\"\u05e6\u05e8\u05e4\u05ea\u05d9 \u05d3\u05d2\u05d9\u05dd \u05de\u05e2\u05d5\u05e9\u05e0\u05d9\u05dd\",\"description\":\"\",\"publisher\":{\"@id\":\"https:\\\/\\\/www.sarfati.co.il\\\/fr\\\/#organization\"},\"potentialAction\":[{\"@type\":\"SearchAction\",\"target\":{\"@type\":\"EntryPoint\",\"urlTemplate\":\"https:\\\/\\\/www.sarfati.co.il\\\/fr\\\/?s={search_term_string}\"},\"query-input\":{\"@type\":\"PropertyValueSpecification\",\"valueRequired\":true,\"valueName\":\"search_term_string\"}}],\"inLanguage\":\"fr-FR\"},{\"@type\":\"Organization\",\"@id\":\"https:\\\/\\\/www.sarfati.co.il\\\/fr\\\/#organization\",\"name\":\"\u05e6\u05e8\u05e4\u05ea\u05d9 \u05d3\u05d2\u05d9\u05dd \u05de\u05e2\u05d5\u05e9\u05e0\u05d9\u05dd\",\"url\":\"https:\\\/\\\/www.sarfati.co.il\\\/fr\\\/\",\"logo\":{\"@type\":\"ImageObject\",\"inLanguage\":\"fr-FR\",\"@id\":\"https:\\\/\\\/www.sarfati.co.il\\\/fr\\\/#\\\/schema\\\/logo\\\/image\\\/\",\"url\":\"https:\\\/\\\/www.sarfati.co.il\\\/wp-content\\\/uploads\\\/2023\\\/06\\\/logo-01.png\",\"contentUrl\":\"https:\\\/\\\/www.sarfati.co.il\\\/wp-content\\\/uploads\\\/2023\\\/06\\\/logo-01.png\",\"width\":376,\"height\":209,\"caption\":\"\u05e6\u05e8\u05e4\u05ea\u05d9 \u05d3\u05d2\u05d9\u05dd \u05de\u05e2\u05d5\u05e9\u05e0\u05d9\u05dd\"},\"image\":{\"@id\":\"https:\\\/\\\/www.sarfati.co.il\\\/fr\\\/#\\\/schema\\\/logo\\\/image\\\/\"}}]}<\/script>\n<!-- \/ Yoast SEO plugin. -->","yoast_head_json":{"title":"Saumon fum\u00e9 betterave 100g - \u05e6\u05e8\u05e4\u05ea\u05d9 \u05d3\u05d2\u05d9\u05dd \u05de\u05e2\u05d5\u05e9\u05e0\u05d9\u05dd","robots":{"index":"index","follow":"follow","max-snippet":"max-snippet:-1","max-image-preview":"max-image-preview:large","max-video-preview":"max-video-preview:-1"},"canonical":"https:\/\/www.sarfati.co.il\/fr\/product\/saumon-fume-betterave-200g\/","og_locale":"fr_FR","og_type":"article","og_title":"Saumon fum\u00e9 betterave 100g - \u05e6\u05e8\u05e4\u05ea\u05d9 \u05d3\u05d2\u05d9\u05dd \u05de\u05e2\u05d5\u05e9\u05e0\u05d9\u05dd","og_description":"Soigneusement s\u00e9lectionn\u00e9 et sublim\u00e9 avec d\u00e9licatesse et inventivit\u00e9 dans sa marinade de betterave pendant pr\u00e8s de 72 heures, le saumon est issu d\u2019une recette unique de SARFATI. Sa couleur rouge et orange d\u00e9corera votre plateau.","og_url":"https:\/\/www.sarfati.co.il\/fr\/product\/saumon-fume-betterave-200g\/","og_site_name":"\u05e6\u05e8\u05e4\u05ea\u05d9 \u05d3\u05d2\u05d9\u05dd \u05de\u05e2\u05d5\u05e9\u05e0\u05d9\u05dd","article_modified_time":"2026-03-11T10:46:13+00:00","og_image":[{"width":953,"height":666,"url":"https:\/\/www.sarfati.co.il\/wp-content\/uploads\/\u05e1\u05dc\u05e7-1.jpg","type":"image\/jpeg"}],"twitter_card":"summary_large_image","schema":{"@context":"https:\/\/schema.org","@graph":[{"@type":"WebPage","@id":"https:\/\/www.sarfati.co.il\/fr\/product\/saumon-fume-betterave-200g\/","url":"https:\/\/www.sarfati.co.il\/fr\/product\/saumon-fume-betterave-200g\/","name":"Saumon fum\u00e9 betterave 100g - \u05e6\u05e8\u05e4\u05ea\u05d9 \u05d3\u05d2\u05d9\u05dd \u05de\u05e2\u05d5\u05e9\u05e0\u05d9\u05dd","isPartOf":{"@id":"https:\/\/www.sarfati.co.il\/fr\/#website"},"primaryImageOfPage":{"@id":"https:\/\/www.sarfati.co.il\/fr\/product\/saumon-fume-betterave-200g\/#primaryimage"},"image":{"@id":"https:\/\/www.sarfati.co.il\/fr\/product\/saumon-fume-betterave-200g\/#primaryimage"},"thumbnailUrl":"https:\/\/www.sarfati.co.il\/wp-content\/uploads\/\u05e1\u05dc\u05e7-1.jpg","datePublished":"2023-09-05T07:07:32+00:00","dateModified":"2026-03-11T10:46:13+00:00","breadcrumb":{"@id":"https:\/\/www.sarfati.co.il\/fr\/product\/saumon-fume-betterave-200g\/#breadcrumb"},"inLanguage":"fr-FR","potentialAction":[{"@type":"ReadAction","target":["https:\/\/www.sarfati.co.il\/fr\/product\/saumon-fume-betterave-200g\/"]}]},{"@type":"ImageObject","inLanguage":"fr-FR","@id":"https:\/\/www.sarfati.co.il\/fr\/product\/saumon-fume-betterave-200g\/#primaryimage","url":"https:\/\/www.sarfati.co.il\/wp-content\/uploads\/\u05e1\u05dc\u05e7-1.jpg","contentUrl":"https:\/\/www.sarfati.co.il\/wp-content\/uploads\/\u05e1\u05dc\u05e7-1.jpg","width":953,"height":666},{"@type":"BreadcrumbList","@id":"https:\/\/www.sarfati.co.il\/fr\/product\/saumon-fume-betterave-200g\/#breadcrumb","itemListElement":[{"@type":"ListItem","position":1,"name":"\u05d3\u05e3 \u05d4\u05d1\u05d9\u05ea","item":"https:\/\/www.sarfati.co.il\/fr\/domicile\/"},{"@type":"ListItem","position":2,"name":"\u05d7\u05e0\u05d5\u05ea","item":"https:\/\/www.sarfati.co.il\/shop\/"},{"@type":"ListItem","position":3,"name":"Saumon fum\u00e9 betterave 100g"}]},{"@type":"WebSite","@id":"https:\/\/www.sarfati.co.il\/fr\/#website","url":"https:\/\/www.sarfati.co.il\/fr\/","name":"\u05e6\u05e8\u05e4\u05ea\u05d9 \u05d3\u05d2\u05d9\u05dd \u05de\u05e2\u05d5\u05e9\u05e0\u05d9\u05dd","description":"","publisher":{"@id":"https:\/\/www.sarfati.co.il\/fr\/#organization"},"potentialAction":[{"@type":"SearchAction","target":{"@type":"EntryPoint","urlTemplate":"https:\/\/www.sarfati.co.il\/fr\/?s={search_term_string}"},"query-input":{"@type":"PropertyValueSpecification","valueRequired":true,"valueName":"search_term_string"}}],"inLanguage":"fr-FR"},{"@type":"Organization","@id":"https:\/\/www.sarfati.co.il\/fr\/#organization","name":"\u05e6\u05e8\u05e4\u05ea\u05d9 \u05d3\u05d2\u05d9\u05dd \u05de\u05e2\u05d5\u05e9\u05e0\u05d9\u05dd","url":"https:\/\/www.sarfati.co.il\/fr\/","logo":{"@type":"ImageObject","inLanguage":"fr-FR","@id":"https:\/\/www.sarfati.co.il\/fr\/#\/schema\/logo\/image\/","url":"https:\/\/www.sarfati.co.il\/wp-content\/uploads\/2023\/06\/logo-01.png","contentUrl":"https:\/\/www.sarfati.co.il\/wp-content\/uploads\/2023\/06\/logo-01.png","width":376,"height":209,"caption":"\u05e6\u05e8\u05e4\u05ea\u05d9 \u05d3\u05d2\u05d9\u05dd \u05de\u05e2\u05d5\u05e9\u05e0\u05d9\u05dd"},"image":{"@id":"https:\/\/www.sarfati.co.il\/fr\/#\/schema\/logo\/image\/"}}]}},"_links":{"self":[{"href":"https:\/\/www.sarfati.co.il\/fr\/wp-json\/wp\/v2\/product\/4782","targetHints":{"allow":["GET"]}}],"collection":[{"href":"https:\/\/www.sarfati.co.il\/fr\/wp-json\/wp\/v2\/product"}],"about":[{"href":"https:\/\/www.sarfati.co.il\/fr\/wp-json\/wp\/v2\/types\/product"}],"replies":[{"embeddable":true,"href":"https:\/\/www.sarfati.co.il\/fr\/wp-json\/wp\/v2\/comments?post=4782"}],"wp:featuredmedia":[{"embeddable":true,"href":"https:\/\/www.sarfati.co.il\/fr\/wp-json\/wp\/v2\/media\/3978"}],"wp:attachment":[{"href":"https:\/\/www.sarfati.co.il\/fr\/wp-json\/wp\/v2\/media?parent=4782"}],"wp:term":[{"taxonomy":"product_brand","embeddable":true,"href":"https:\/\/www.sarfati.co.il\/fr\/wp-json\/wp\/v2\/product_brand?post=4782"},{"taxonomy":"product_cat","embeddable":true,"href":"https:\/\/www.sarfati.co.il\/fr\/wp-json\/wp\/v2\/product_cat?post=4782"},{"taxonomy":"product_tag","embeddable":true,"href":"https:\/\/www.sarfati.co.il\/fr\/wp-json\/wp\/v2\/product_tag?post=4782"}],"curies":[{"name":"wp","href":"https:\/\/api.w.org\/{rel}","templated":true}]}}