{"id":4800,"date":"2023-09-13T12:21:28","date_gmt":"2023-09-13T09:21:28","guid":{"rendered":"https:\/\/www.sarfati.co.il\/product\/plateau-de-saumon-fume-tranche-finement-3\/"},"modified":"2025-03-18T15:47:13","modified_gmt":"2025-03-18T13:47:13","slug":"plateau-de-saumon-fume-tranche-finement-3","status":"publish","type":"product","link":"https:\/\/www.sarfati.co.il\/fr\/product\/plateau-de-saumon-fume-tranche-finement-3\/","title":{"rendered":"Plateau de saumon fum\u00e9 tranch\u00e9 finement"},"content":{"rendered":"<p><strong>Un plateau d\u2019un kilo de saumon fum\u00e9 classique, coup\u00e9 en fines tranches. Parfait pour les occasions, \u00e0 l\u2019ap\u00e9ritif ou \u00e0 l\u2019ap\u00e9ritif <\/strong><strong>.<\/strong><\/p>\n<p><strong>R\u00e9servation par t\u00e9l\u00e9phone 2 jours \u00e0 l\u2019avance 086825888<\/strong><\/p>\n","protected":false},"excerpt":{"rendered":"<p>Une grande vari\u00e9t\u00e9 de plateaux qui rendront n\u2019importe quel \u00e9v\u00e9nement plus prestigieux pour vous !&amp;nbsp.&amp;nbsp.&amp;nbsp<strong><u>.<\/u><\/strong><\/p>\n<p>&nbsp;<\/p>\n","protected":false},"featured_media":3912,"comment_status":"open","ping_status":"closed","template":"","meta":[],"product_brand":[],"product_cat":[311,148,220],"product_tag":[334],"class_list":{"0":"post-4800","1":"product","2":"type-product","3":"status-publish","4":"has-post-thumbnail","6":"product_cat-casher-pour-pessah-badatz-beit-yossef","7":"product_cat-kosher-badatzde-la-eidah-haharedit","8":"product_cat-plateaux-de-poisson-fume","9":"product_tag-casher-pour-pessah-2","11":"first","12":"instock","13":"shipping-taxable","14":"purchasable","15":"product-type-simple"},"yoast_head":"<!-- This site is optimized with the Yoast SEO plugin v27.3 - https:\/\/yoast.com\/product\/yoast-seo-wordpress\/ -->\n<title>Plateau de saumon fum\u00e9 tranch\u00e9 finement - \u05e6\u05e8\u05e4\u05ea\u05d9 \u05d3\u05d2\u05d9\u05dd \u05de\u05e2\u05d5\u05e9\u05e0\u05d9\u05dd<\/title>\n<meta name=\"robots\" content=\"index, follow, max-snippet:-1, max-image-preview:large, max-video-preview:-1\" \/>\n<link rel=\"canonical\" href=\"https:\/\/www.sarfati.co.il\/fr\/product\/plateau-de-saumon-fume-tranche-finement-3\/\" \/>\n<meta property=\"og:locale\" content=\"fr_FR\" \/>\n<meta property=\"og:type\" content=\"article\" \/>\n<meta property=\"og:title\" content=\"Plateau de saumon fum\u00e9 tranch\u00e9 finement - \u05e6\u05e8\u05e4\u05ea\u05d9 \u05d3\u05d2\u05d9\u05dd \u05de\u05e2\u05d5\u05e9\u05e0\u05d9\u05dd\" \/>\n<meta property=\"og:description\" content=\"Une grande vari\u00e9t\u00e9 de plateaux qui rendront n\u2019importe quel \u00e9v\u00e9nement plus prestigieux pour vous !&amp;nbsp.&amp;nbsp.&amp;nbsp. &nbsp;\" \/>\n<meta property=\"og:url\" content=\"https:\/\/www.sarfati.co.il\/fr\/product\/plateau-de-saumon-fume-tranche-finement-3\/\" \/>\n<meta property=\"og:site_name\" content=\"\u05e6\u05e8\u05e4\u05ea\u05d9 \u05d3\u05d2\u05d9\u05dd \u05de\u05e2\u05d5\u05e9\u05e0\u05d9\u05dd\" \/>\n<meta property=\"article:modified_time\" content=\"2025-03-18T13:47:13+00:00\" \/>\n<meta property=\"og:image\" content=\"https:\/\/www.sarfati.co.il\/wp-content\/uploads\/459\u05e9\u05d7-\u05de\u05d2\u05e9-\u05e1\u05dc\u05de\u05d5\u05df-\u05de\u05e2\u05d5\u05e9\u05df-\u05e7\u05dc\u05d0\u05e1\u05d9-\u05e4\u05e8\u05d5\u05e1-\u05d3\u05e7-e1708465961209.jpg\" \/>\n\t<meta property=\"og:image:width\" content=\"417\" \/>\n\t<meta property=\"og:image:height\" content=\"500\" \/>\n\t<meta property=\"og:image:type\" content=\"image\/jpeg\" \/>\n<meta name=\"twitter:card\" content=\"summary_large_image\" \/>\n<script type=\"application\/ld+json\" class=\"yoast-schema-graph\">{\"@context\":\"https:\\\/\\\/schema.org\",\"@graph\":[{\"@type\":\"WebPage\",\"@id\":\"https:\\\/\\\/www.sarfati.co.il\\\/fr\\\/product\\\/plateau-de-saumon-fume-tranche-finement-3\\\/\",\"url\":\"https:\\\/\\\/www.sarfati.co.il\\\/fr\\\/product\\\/plateau-de-saumon-fume-tranche-finement-3\\\/\",\"name\":\"Plateau de saumon fum\u00e9 tranch\u00e9 finement - \u05e6\u05e8\u05e4\u05ea\u05d9 \u05d3\u05d2\u05d9\u05dd \u05de\u05e2\u05d5\u05e9\u05e0\u05d9\u05dd\",\"isPartOf\":{\"@id\":\"https:\\\/\\\/www.sarfati.co.il\\\/fr\\\/#website\"},\"primaryImageOfPage\":{\"@id\":\"https:\\\/\\\/www.sarfati.co.il\\\/fr\\\/product\\\/plateau-de-saumon-fume-tranche-finement-3\\\/#primaryimage\"},\"image\":{\"@id\":\"https:\\\/\\\/www.sarfati.co.il\\\/fr\\\/product\\\/plateau-de-saumon-fume-tranche-finement-3\\\/#primaryimage\"},\"thumbnailUrl\":\"https:\\\/\\\/www.sarfati.co.il\\\/wp-content\\\/uploads\\\/459\u05e9\u05d7-\u05de\u05d2\u05e9-\u05e1\u05dc\u05de\u05d5\u05df-\u05de\u05e2\u05d5\u05e9\u05df-\u05e7\u05dc\u05d0\u05e1\u05d9-\u05e4\u05e8\u05d5\u05e1-\u05d3\u05e7-e1708465961209.jpg\",\"datePublished\":\"2023-09-13T09:21:28+00:00\",\"dateModified\":\"2025-03-18T13:47:13+00:00\",\"breadcrumb\":{\"@id\":\"https:\\\/\\\/www.sarfati.co.il\\\/fr\\\/product\\\/plateau-de-saumon-fume-tranche-finement-3\\\/#breadcrumb\"},\"inLanguage\":\"fr-FR\",\"potentialAction\":[{\"@type\":\"ReadAction\",\"target\":[\"https:\\\/\\\/www.sarfati.co.il\\\/fr\\\/product\\\/plateau-de-saumon-fume-tranche-finement-3\\\/\"]}]},{\"@type\":\"ImageObject\",\"inLanguage\":\"fr-FR\",\"@id\":\"https:\\\/\\\/www.sarfati.co.il\\\/fr\\\/product\\\/plateau-de-saumon-fume-tranche-finement-3\\\/#primaryimage\",\"url\":\"https:\\\/\\\/www.sarfati.co.il\\\/wp-content\\\/uploads\\\/459\u05e9\u05d7-\u05de\u05d2\u05e9-\u05e1\u05dc\u05de\u05d5\u05df-\u05de\u05e2\u05d5\u05e9\u05df-\u05e7\u05dc\u05d0\u05e1\u05d9-\u05e4\u05e8\u05d5\u05e1-\u05d3\u05e7-e1708465961209.jpg\",\"contentUrl\":\"https:\\\/\\\/www.sarfati.co.il\\\/wp-content\\\/uploads\\\/459\u05e9\u05d7-\u05de\u05d2\u05e9-\u05e1\u05dc\u05de\u05d5\u05df-\u05de\u05e2\u05d5\u05e9\u05df-\u05e7\u05dc\u05d0\u05e1\u05d9-\u05e4\u05e8\u05d5\u05e1-\u05d3\u05e7-e1708465961209.jpg\",\"width\":417,\"height\":500},{\"@type\":\"BreadcrumbList\",\"@id\":\"https:\\\/\\\/www.sarfati.co.il\\\/fr\\\/product\\\/plateau-de-saumon-fume-tranche-finement-3\\\/#breadcrumb\",\"itemListElement\":[{\"@type\":\"ListItem\",\"position\":1,\"name\":\"\u05d3\u05e3 \u05d4\u05d1\u05d9\u05ea\",\"item\":\"https:\\\/\\\/www.sarfati.co.il\\\/fr\\\/domicile\\\/\"},{\"@type\":\"ListItem\",\"position\":2,\"name\":\"\u05d7\u05e0\u05d5\u05ea\",\"item\":\"https:\\\/\\\/www.sarfati.co.il\\\/shop\\\/\"},{\"@type\":\"ListItem\",\"position\":3,\"name\":\"Plateau de saumon fum\u00e9 tranch\u00e9 finement\"}]},{\"@type\":\"WebSite\",\"@id\":\"https:\\\/\\\/www.sarfati.co.il\\\/fr\\\/#website\",\"url\":\"https:\\\/\\\/www.sarfati.co.il\\\/fr\\\/\",\"name\":\"\u05e6\u05e8\u05e4\u05ea\u05d9 \u05d3\u05d2\u05d9\u05dd \u05de\u05e2\u05d5\u05e9\u05e0\u05d9\u05dd\",\"description\":\"\",\"publisher\":{\"@id\":\"https:\\\/\\\/www.sarfati.co.il\\\/fr\\\/#organization\"},\"potentialAction\":[{\"@type\":\"SearchAction\",\"target\":{\"@type\":\"EntryPoint\",\"urlTemplate\":\"https:\\\/\\\/www.sarfati.co.il\\\/fr\\\/?s={search_term_string}\"},\"query-input\":{\"@type\":\"PropertyValueSpecification\",\"valueRequired\":true,\"valueName\":\"search_term_string\"}}],\"inLanguage\":\"fr-FR\"},{\"@type\":\"Organization\",\"@id\":\"https:\\\/\\\/www.sarfati.co.il\\\/fr\\\/#organization\",\"name\":\"\u05e6\u05e8\u05e4\u05ea\u05d9 \u05d3\u05d2\u05d9\u05dd \u05de\u05e2\u05d5\u05e9\u05e0\u05d9\u05dd\",\"url\":\"https:\\\/\\\/www.sarfati.co.il\\\/fr\\\/\",\"logo\":{\"@type\":\"ImageObject\",\"inLanguage\":\"fr-FR\",\"@id\":\"https:\\\/\\\/www.sarfati.co.il\\\/fr\\\/#\\\/schema\\\/logo\\\/image\\\/\",\"url\":\"https:\\\/\\\/www.sarfati.co.il\\\/wp-content\\\/uploads\\\/2023\\\/06\\\/logo-01.png\",\"contentUrl\":\"https:\\\/\\\/www.sarfati.co.il\\\/wp-content\\\/uploads\\\/2023\\\/06\\\/logo-01.png\",\"width\":376,\"height\":209,\"caption\":\"\u05e6\u05e8\u05e4\u05ea\u05d9 \u05d3\u05d2\u05d9\u05dd \u05de\u05e2\u05d5\u05e9\u05e0\u05d9\u05dd\"},\"image\":{\"@id\":\"https:\\\/\\\/www.sarfati.co.il\\\/fr\\\/#\\\/schema\\\/logo\\\/image\\\/\"}}]}<\/script>\n<!-- \/ Yoast SEO plugin. -->","yoast_head_json":{"title":"Plateau de saumon fum\u00e9 tranch\u00e9 finement - \u05e6\u05e8\u05e4\u05ea\u05d9 \u05d3\u05d2\u05d9\u05dd \u05de\u05e2\u05d5\u05e9\u05e0\u05d9\u05dd","robots":{"index":"index","follow":"follow","max-snippet":"max-snippet:-1","max-image-preview":"max-image-preview:large","max-video-preview":"max-video-preview:-1"},"canonical":"https:\/\/www.sarfati.co.il\/fr\/product\/plateau-de-saumon-fume-tranche-finement-3\/","og_locale":"fr_FR","og_type":"article","og_title":"Plateau de saumon fum\u00e9 tranch\u00e9 finement - \u05e6\u05e8\u05e4\u05ea\u05d9 \u05d3\u05d2\u05d9\u05dd \u05de\u05e2\u05d5\u05e9\u05e0\u05d9\u05dd","og_description":"Une grande vari\u00e9t\u00e9 de plateaux qui rendront n\u2019importe quel \u00e9v\u00e9nement plus prestigieux pour vous !&amp;nbsp.&amp;nbsp.&amp;nbsp. &nbsp;","og_url":"https:\/\/www.sarfati.co.il\/fr\/product\/plateau-de-saumon-fume-tranche-finement-3\/","og_site_name":"\u05e6\u05e8\u05e4\u05ea\u05d9 \u05d3\u05d2\u05d9\u05dd \u05de\u05e2\u05d5\u05e9\u05e0\u05d9\u05dd","article_modified_time":"2025-03-18T13:47:13+00:00","og_image":[{"width":417,"height":500,"url":"https:\/\/www.sarfati.co.il\/wp-content\/uploads\/459\u05e9\u05d7-\u05de\u05d2\u05e9-\u05e1\u05dc\u05de\u05d5\u05df-\u05de\u05e2\u05d5\u05e9\u05df-\u05e7\u05dc\u05d0\u05e1\u05d9-\u05e4\u05e8\u05d5\u05e1-\u05d3\u05e7-e1708465961209.jpg","type":"image\/jpeg"}],"twitter_card":"summary_large_image","schema":{"@context":"https:\/\/schema.org","@graph":[{"@type":"WebPage","@id":"https:\/\/www.sarfati.co.il\/fr\/product\/plateau-de-saumon-fume-tranche-finement-3\/","url":"https:\/\/www.sarfati.co.il\/fr\/product\/plateau-de-saumon-fume-tranche-finement-3\/","name":"Plateau de saumon fum\u00e9 tranch\u00e9 finement - \u05e6\u05e8\u05e4\u05ea\u05d9 \u05d3\u05d2\u05d9\u05dd \u05de\u05e2\u05d5\u05e9\u05e0\u05d9\u05dd","isPartOf":{"@id":"https:\/\/www.sarfati.co.il\/fr\/#website"},"primaryImageOfPage":{"@id":"https:\/\/www.sarfati.co.il\/fr\/product\/plateau-de-saumon-fume-tranche-finement-3\/#primaryimage"},"image":{"@id":"https:\/\/www.sarfati.co.il\/fr\/product\/plateau-de-saumon-fume-tranche-finement-3\/#primaryimage"},"thumbnailUrl":"https:\/\/www.sarfati.co.il\/wp-content\/uploads\/459\u05e9\u05d7-\u05de\u05d2\u05e9-\u05e1\u05dc\u05de\u05d5\u05df-\u05de\u05e2\u05d5\u05e9\u05df-\u05e7\u05dc\u05d0\u05e1\u05d9-\u05e4\u05e8\u05d5\u05e1-\u05d3\u05e7-e1708465961209.jpg","datePublished":"2023-09-13T09:21:28+00:00","dateModified":"2025-03-18T13:47:13+00:00","breadcrumb":{"@id":"https:\/\/www.sarfati.co.il\/fr\/product\/plateau-de-saumon-fume-tranche-finement-3\/#breadcrumb"},"inLanguage":"fr-FR","potentialAction":[{"@type":"ReadAction","target":["https:\/\/www.sarfati.co.il\/fr\/product\/plateau-de-saumon-fume-tranche-finement-3\/"]}]},{"@type":"ImageObject","inLanguage":"fr-FR","@id":"https:\/\/www.sarfati.co.il\/fr\/product\/plateau-de-saumon-fume-tranche-finement-3\/#primaryimage","url":"https:\/\/www.sarfati.co.il\/wp-content\/uploads\/459\u05e9\u05d7-\u05de\u05d2\u05e9-\u05e1\u05dc\u05de\u05d5\u05df-\u05de\u05e2\u05d5\u05e9\u05df-\u05e7\u05dc\u05d0\u05e1\u05d9-\u05e4\u05e8\u05d5\u05e1-\u05d3\u05e7-e1708465961209.jpg","contentUrl":"https:\/\/www.sarfati.co.il\/wp-content\/uploads\/459\u05e9\u05d7-\u05de\u05d2\u05e9-\u05e1\u05dc\u05de\u05d5\u05df-\u05de\u05e2\u05d5\u05e9\u05df-\u05e7\u05dc\u05d0\u05e1\u05d9-\u05e4\u05e8\u05d5\u05e1-\u05d3\u05e7-e1708465961209.jpg","width":417,"height":500},{"@type":"BreadcrumbList","@id":"https:\/\/www.sarfati.co.il\/fr\/product\/plateau-de-saumon-fume-tranche-finement-3\/#breadcrumb","itemListElement":[{"@type":"ListItem","position":1,"name":"\u05d3\u05e3 \u05d4\u05d1\u05d9\u05ea","item":"https:\/\/www.sarfati.co.il\/fr\/domicile\/"},{"@type":"ListItem","position":2,"name":"\u05d7\u05e0\u05d5\u05ea","item":"https:\/\/www.sarfati.co.il\/shop\/"},{"@type":"ListItem","position":3,"name":"Plateau de saumon fum\u00e9 tranch\u00e9 finement"}]},{"@type":"WebSite","@id":"https:\/\/www.sarfati.co.il\/fr\/#website","url":"https:\/\/www.sarfati.co.il\/fr\/","name":"\u05e6\u05e8\u05e4\u05ea\u05d9 \u05d3\u05d2\u05d9\u05dd \u05de\u05e2\u05d5\u05e9\u05e0\u05d9\u05dd","description":"","publisher":{"@id":"https:\/\/www.sarfati.co.il\/fr\/#organization"},"potentialAction":[{"@type":"SearchAction","target":{"@type":"EntryPoint","urlTemplate":"https:\/\/www.sarfati.co.il\/fr\/?s={search_term_string}"},"query-input":{"@type":"PropertyValueSpecification","valueRequired":true,"valueName":"search_term_string"}}],"inLanguage":"fr-FR"},{"@type":"Organization","@id":"https:\/\/www.sarfati.co.il\/fr\/#organization","name":"\u05e6\u05e8\u05e4\u05ea\u05d9 \u05d3\u05d2\u05d9\u05dd \u05de\u05e2\u05d5\u05e9\u05e0\u05d9\u05dd","url":"https:\/\/www.sarfati.co.il\/fr\/","logo":{"@type":"ImageObject","inLanguage":"fr-FR","@id":"https:\/\/www.sarfati.co.il\/fr\/#\/schema\/logo\/image\/","url":"https:\/\/www.sarfati.co.il\/wp-content\/uploads\/2023\/06\/logo-01.png","contentUrl":"https:\/\/www.sarfati.co.il\/wp-content\/uploads\/2023\/06\/logo-01.png","width":376,"height":209,"caption":"\u05e6\u05e8\u05e4\u05ea\u05d9 \u05d3\u05d2\u05d9\u05dd \u05de\u05e2\u05d5\u05e9\u05e0\u05d9\u05dd"},"image":{"@id":"https:\/\/www.sarfati.co.il\/fr\/#\/schema\/logo\/image\/"}}]}},"_links":{"self":[{"href":"https:\/\/www.sarfati.co.il\/fr\/wp-json\/wp\/v2\/product\/4800","targetHints":{"allow":["GET"]}}],"collection":[{"href":"https:\/\/www.sarfati.co.il\/fr\/wp-json\/wp\/v2\/product"}],"about":[{"href":"https:\/\/www.sarfati.co.il\/fr\/wp-json\/wp\/v2\/types\/product"}],"replies":[{"embeddable":true,"href":"https:\/\/www.sarfati.co.il\/fr\/wp-json\/wp\/v2\/comments?post=4800"}],"wp:featuredmedia":[{"embeddable":true,"href":"https:\/\/www.sarfati.co.il\/fr\/wp-json\/wp\/v2\/media\/3912"}],"wp:attachment":[{"href":"https:\/\/www.sarfati.co.il\/fr\/wp-json\/wp\/v2\/media?parent=4800"}],"wp:term":[{"taxonomy":"product_brand","embeddable":true,"href":"https:\/\/www.sarfati.co.il\/fr\/wp-json\/wp\/v2\/product_brand?post=4800"},{"taxonomy":"product_cat","embeddable":true,"href":"https:\/\/www.sarfati.co.il\/fr\/wp-json\/wp\/v2\/product_cat?post=4800"},{"taxonomy":"product_tag","embeddable":true,"href":"https:\/\/www.sarfati.co.il\/fr\/wp-json\/wp\/v2\/product_tag?post=4800"}],"curies":[{"name":"wp","href":"https:\/\/api.w.org\/{rel}","templated":true}]}}