{"id":4812,"date":"2023-09-13T12:50:03","date_gmt":"2023-09-13T09:50:03","guid":{"rendered":"https:\/\/www.sarfati.co.il\/product\/saumon-fume-sans-sucre-sashimi-en-tranches-200g\/"},"modified":"2025-04-02T13:18:29","modified_gmt":"2025-04-02T10:18:29","slug":"saumon-fume-sans-sucre-sashimi-en-tranches-200g","status":"publish","type":"product","link":"https:\/\/www.sarfati.co.il\/fr\/product\/saumon-fume-sans-sucre-sashimi-en-tranches-200g\/","title":{"rendered":"Saumon fum\u00e9 sans sucre tranch\u00e9 sashimi 100g"},"content":{"rendered":"<div class=\"flex-1 overflow-hidden\">\n<div class=\"react-scroll-to-bottom--css-xtxxt-79elbk h-full\">\n<div class=\"react-scroll-to-bottom--css-xtxxt-1n7m0yu\">\n<div class=\"flex flex-col pb-9 text-sm\">\n<div class=\"w-full text-token-text-primary\" data-testid=\"conversation-turn-13\">\n<div class=\"px-4 py-2 justify-center text-base md:gap-6 m-auto\">\n<div class=\"flex flex-1 text-base mx-auto gap-3 md:px-5 lg:px-1 xl:px-5 md:max-w-3xl lg:max-w-[40rem] xl:max-w-[48rem] group final-completion\">\n<div class=\"relative flex w-full flex-col agent-turn\">\n<div class=\"flex-col gap-1 md:gap-3\">\n<div class=\"flex flex-grow flex-col max-w-full\">\n<div class=\"min-h-[20px] text-message flex flex-col items-start gap-3 whitespace-pre-wrap break-words [.text-message+&amp;]:mt-5 overflow-x-auto\" data-message-author-role=\"assistant\" data-message-id=\"525ebefb-d3a1-46d5-a05d-21cff76290be\">\n<div class=\"markdown prose w-full break-words dark:prose-invert light\">\n<p>Le saumon fum\u00e9 \u00e0 froid sans sucre est un saumon qui subit un processus de d\u00e9capage avec du sel puis de fumage \u00e0 l\u2019aide d\u2019une technique unique avec du bois naturel qui permet de le maintenir \u00e0 basse temp\u00e9rature pendant le fumage, sans ajouter de sucre au processus.<\/p>\n<p>Lorsqu\u2019il est fum\u00e9 \u00e0 froid, le saumon est obtenu avec une saveur fum\u00e9e d\u00e9licate et agr\u00e9able sans ajout de sucre, de conservateurs et de colorants alimentaires. C\u2019est une excellente option pour les personnes qui cherchent \u00e0 r\u00e9duire ou \u00e0 \u00e9viter la consommation de sucre dans leur alimentation. <\/p>\n<p>Ingredients : saumon frais, sel.<br \/>\nConservation : Au r\u00e9frig\u00e9rateur. Apr\u00e8s ouverture, consommer dans les 48 heures.<br \/>\nSaumon norv\u00e9gien. Vendu frais. Congelable.  <\/p>\n<p>&nbsp;<\/p>\n<\/div>\n<\/div>\n<\/div>\n<div class=\"mt-1 flex justify-start gap-3 empty:hidden\">\n<div class=\"text-gray-400 flex self-end lg:self-center justify-center lg:justify-start mt-0 -ml-1 visible\">\n<p>&nbsp;<\/p>\n<div class=\"flex items-center gap-1.5 text-xs\"><\/div>\n<div class=\"flex\"><\/div>\n<\/div>\n<\/div>\n<\/div>\n<div class=\"absolute\">\n<div class=\"flex w-full gap-2 items-center justify-center\"><\/div>\n<\/div>\n<\/div>\n<\/div>\n<\/div>\n<\/div>\n<\/div>\n<\/div>\n<\/div>\n<\/div>\n<div class=\"w-full pt-2 md:pt-0 dark:border-white\/20 md:border-transparent md:dark:border-transparent md:w-[calc(100%-.5rem)]\">\n<form class=\"stretch mx-2 flex flex-row gap-3 last:mb-2 md:mx-4 md:last:mb-6 lg:mx-auto lg:max-w-2xl xl:max-w-3xl\">\n<div class=\"relative flex h-full flex-1 items-stretch md:flex-col\">\n<div class=\"flex w-full items-center\"><\/div>\n<\/div>\n<\/form>\n<\/div>\n","protected":false},"excerpt":{"rendered":"<p>Le saumon fum\u00e9 \u00e0 froid sans sucre est un saumon qui subit un processus de d\u00e9capage avec du sel puis de fumage \u00e0 l\u2019aide d\u2019une technique unique avec du bois naturel qui permet de le maintenir \u00e0 basse temp\u00e9rature pendant le fumage, sans ajouter de sucre au processus. Lorsqu\u2019il est fum\u00e9 \u00e0 froid, le saumon [&hellip;]<\/p>\n","protected":false},"featured_media":3938,"comment_status":"open","ping_status":"closed","template":"","meta":[],"product_brand":[],"product_cat":[311,148,194,158],"product_tag":[334],"class_list":{"0":"post-4812","1":"product","2":"type-product","3":"status-publish","4":"has-post-thumbnail","6":"product_cat-casher-pour-pessah-badatz-beit-yossef","7":"product_cat-kosher-badatzde-la-eidah-haharedit","8":"product_cat-poisson-fume-a-froid","9":"product_cat-poisson-fume-et-marine","10":"product_tag-casher-pour-pessah-2","12":"first","13":"instock","14":"shipping-taxable","15":"purchasable","16":"product-type-variable"},"yoast_head":"<!-- This site is optimized with the Yoast SEO plugin v27.3 - https:\/\/yoast.com\/product\/yoast-seo-wordpress\/ -->\n<title>Saumon fum\u00e9 sans sucre tranch\u00e9 sashimi 100g - \u05e6\u05e8\u05e4\u05ea\u05d9 \u05d3\u05d2\u05d9\u05dd \u05de\u05e2\u05d5\u05e9\u05e0\u05d9\u05dd<\/title>\n<meta name=\"robots\" content=\"index, follow, max-snippet:-1, max-image-preview:large, max-video-preview:-1\" \/>\n<link rel=\"canonical\" href=\"https:\/\/www.sarfati.co.il\/fr\/product\/saumon-fume-sans-sucre-sashimi-en-tranches-200g\/\" \/>\n<meta property=\"og:locale\" content=\"fr_FR\" \/>\n<meta property=\"og:type\" content=\"article\" \/>\n<meta property=\"og:title\" content=\"Saumon fum\u00e9 sans sucre tranch\u00e9 sashimi 100g - \u05e6\u05e8\u05e4\u05ea\u05d9 \u05d3\u05d2\u05d9\u05dd \u05de\u05e2\u05d5\u05e9\u05e0\u05d9\u05dd\" \/>\n<meta property=\"og:description\" content=\"Le saumon fum\u00e9 \u00e0 froid sans sucre est un saumon qui subit un processus de d\u00e9capage avec du sel puis de fumage \u00e0 l\u2019aide d\u2019une technique unique avec du bois naturel qui permet de le maintenir \u00e0 basse temp\u00e9rature pendant le fumage, sans ajouter de sucre au processus. Lorsqu\u2019il est fum\u00e9 \u00e0 froid, le saumon [&hellip;]\" \/>\n<meta property=\"og:url\" content=\"https:\/\/www.sarfati.co.il\/fr\/product\/saumon-fume-sans-sucre-sashimi-en-tranches-200g\/\" \/>\n<meta property=\"og:site_name\" content=\"\u05e6\u05e8\u05e4\u05ea\u05d9 \u05d3\u05d2\u05d9\u05dd \u05de\u05e2\u05d5\u05e9\u05e0\u05d9\u05dd\" \/>\n<meta property=\"article:modified_time\" content=\"2025-04-02T10:18:29+00:00\" \/>\n<meta property=\"og:image\" content=\"https:\/\/www.sarfati.co.il\/wp-content\/uploads\/\u05dc\u05dc\u05d0-\u05e1\u05d5\u05db\u05e8-\u05e4\u05e8\u05d5\u05e1-\u05e1\u05e9\u05d9\u05de\u05d9.jpg\" \/>\n\t<meta property=\"og:image:width\" content=\"807\" \/>\n\t<meta property=\"og:image:height\" content=\"1002\" \/>\n\t<meta property=\"og:image:type\" content=\"image\/jpeg\" \/>\n<meta name=\"twitter:card\" content=\"summary_large_image\" \/>\n<meta name=\"twitter:label1\" content=\"Dur\u00e9e de lecture estim\u00e9e\" \/>\n\t<meta name=\"twitter:data1\" content=\"1 minute\" \/>\n<script type=\"application\/ld+json\" class=\"yoast-schema-graph\">{\"@context\":\"https:\\\/\\\/schema.org\",\"@graph\":[{\"@type\":\"WebPage\",\"@id\":\"https:\\\/\\\/www.sarfati.co.il\\\/fr\\\/product\\\/saumon-fume-sans-sucre-sashimi-en-tranches-200g\\\/\",\"url\":\"https:\\\/\\\/www.sarfati.co.il\\\/fr\\\/product\\\/saumon-fume-sans-sucre-sashimi-en-tranches-200g\\\/\",\"name\":\"Saumon fum\u00e9 sans sucre tranch\u00e9 sashimi 100g - \u05e6\u05e8\u05e4\u05ea\u05d9 \u05d3\u05d2\u05d9\u05dd \u05de\u05e2\u05d5\u05e9\u05e0\u05d9\u05dd\",\"isPartOf\":{\"@id\":\"https:\\\/\\\/www.sarfati.co.il\\\/fr\\\/#website\"},\"primaryImageOfPage\":{\"@id\":\"https:\\\/\\\/www.sarfati.co.il\\\/fr\\\/product\\\/saumon-fume-sans-sucre-sashimi-en-tranches-200g\\\/#primaryimage\"},\"image\":{\"@id\":\"https:\\\/\\\/www.sarfati.co.il\\\/fr\\\/product\\\/saumon-fume-sans-sucre-sashimi-en-tranches-200g\\\/#primaryimage\"},\"thumbnailUrl\":\"https:\\\/\\\/www.sarfati.co.il\\\/wp-content\\\/uploads\\\/\u05dc\u05dc\u05d0-\u05e1\u05d5\u05db\u05e8-\u05e4\u05e8\u05d5\u05e1-\u05e1\u05e9\u05d9\u05de\u05d9.jpg\",\"datePublished\":\"2023-09-13T09:50:03+00:00\",\"dateModified\":\"2025-04-02T10:18:29+00:00\",\"breadcrumb\":{\"@id\":\"https:\\\/\\\/www.sarfati.co.il\\\/fr\\\/product\\\/saumon-fume-sans-sucre-sashimi-en-tranches-200g\\\/#breadcrumb\"},\"inLanguage\":\"fr-FR\",\"potentialAction\":[{\"@type\":\"ReadAction\",\"target\":[\"https:\\\/\\\/www.sarfati.co.il\\\/fr\\\/product\\\/saumon-fume-sans-sucre-sashimi-en-tranches-200g\\\/\"]}]},{\"@type\":\"ImageObject\",\"inLanguage\":\"fr-FR\",\"@id\":\"https:\\\/\\\/www.sarfati.co.il\\\/fr\\\/product\\\/saumon-fume-sans-sucre-sashimi-en-tranches-200g\\\/#primaryimage\",\"url\":\"https:\\\/\\\/www.sarfati.co.il\\\/wp-content\\\/uploads\\\/\u05dc\u05dc\u05d0-\u05e1\u05d5\u05db\u05e8-\u05e4\u05e8\u05d5\u05e1-\u05e1\u05e9\u05d9\u05de\u05d9.jpg\",\"contentUrl\":\"https:\\\/\\\/www.sarfati.co.il\\\/wp-content\\\/uploads\\\/\u05dc\u05dc\u05d0-\u05e1\u05d5\u05db\u05e8-\u05e4\u05e8\u05d5\u05e1-\u05e1\u05e9\u05d9\u05de\u05d9.jpg\",\"width\":807,\"height\":1002},{\"@type\":\"BreadcrumbList\",\"@id\":\"https:\\\/\\\/www.sarfati.co.il\\\/fr\\\/product\\\/saumon-fume-sans-sucre-sashimi-en-tranches-200g\\\/#breadcrumb\",\"itemListElement\":[{\"@type\":\"ListItem\",\"position\":1,\"name\":\"\u05d3\u05e3 \u05d4\u05d1\u05d9\u05ea\",\"item\":\"https:\\\/\\\/www.sarfati.co.il\\\/fr\\\/domicile\\\/\"},{\"@type\":\"ListItem\",\"position\":2,\"name\":\"\u05d7\u05e0\u05d5\u05ea\",\"item\":\"https:\\\/\\\/www.sarfati.co.il\\\/shop\\\/\"},{\"@type\":\"ListItem\",\"position\":3,\"name\":\"Saumon fum\u00e9 sans sucre tranch\u00e9 sashimi 100g\"}]},{\"@type\":\"WebSite\",\"@id\":\"https:\\\/\\\/www.sarfati.co.il\\\/fr\\\/#website\",\"url\":\"https:\\\/\\\/www.sarfati.co.il\\\/fr\\\/\",\"name\":\"\u05e6\u05e8\u05e4\u05ea\u05d9 \u05d3\u05d2\u05d9\u05dd \u05de\u05e2\u05d5\u05e9\u05e0\u05d9\u05dd\",\"description\":\"\",\"publisher\":{\"@id\":\"https:\\\/\\\/www.sarfati.co.il\\\/fr\\\/#organization\"},\"potentialAction\":[{\"@type\":\"SearchAction\",\"target\":{\"@type\":\"EntryPoint\",\"urlTemplate\":\"https:\\\/\\\/www.sarfati.co.il\\\/fr\\\/?s={search_term_string}\"},\"query-input\":{\"@type\":\"PropertyValueSpecification\",\"valueRequired\":true,\"valueName\":\"search_term_string\"}}],\"inLanguage\":\"fr-FR\"},{\"@type\":\"Organization\",\"@id\":\"https:\\\/\\\/www.sarfati.co.il\\\/fr\\\/#organization\",\"name\":\"\u05e6\u05e8\u05e4\u05ea\u05d9 \u05d3\u05d2\u05d9\u05dd \u05de\u05e2\u05d5\u05e9\u05e0\u05d9\u05dd\",\"url\":\"https:\\\/\\\/www.sarfati.co.il\\\/fr\\\/\",\"logo\":{\"@type\":\"ImageObject\",\"inLanguage\":\"fr-FR\",\"@id\":\"https:\\\/\\\/www.sarfati.co.il\\\/fr\\\/#\\\/schema\\\/logo\\\/image\\\/\",\"url\":\"https:\\\/\\\/www.sarfati.co.il\\\/wp-content\\\/uploads\\\/2023\\\/06\\\/logo-01.png\",\"contentUrl\":\"https:\\\/\\\/www.sarfati.co.il\\\/wp-content\\\/uploads\\\/2023\\\/06\\\/logo-01.png\",\"width\":376,\"height\":209,\"caption\":\"\u05e6\u05e8\u05e4\u05ea\u05d9 \u05d3\u05d2\u05d9\u05dd \u05de\u05e2\u05d5\u05e9\u05e0\u05d9\u05dd\"},\"image\":{\"@id\":\"https:\\\/\\\/www.sarfati.co.il\\\/fr\\\/#\\\/schema\\\/logo\\\/image\\\/\"}}]}<\/script>\n<!-- \/ Yoast SEO plugin. -->","yoast_head_json":{"title":"Saumon fum\u00e9 sans sucre tranch\u00e9 sashimi 100g - \u05e6\u05e8\u05e4\u05ea\u05d9 \u05d3\u05d2\u05d9\u05dd \u05de\u05e2\u05d5\u05e9\u05e0\u05d9\u05dd","robots":{"index":"index","follow":"follow","max-snippet":"max-snippet:-1","max-image-preview":"max-image-preview:large","max-video-preview":"max-video-preview:-1"},"canonical":"https:\/\/www.sarfati.co.il\/fr\/product\/saumon-fume-sans-sucre-sashimi-en-tranches-200g\/","og_locale":"fr_FR","og_type":"article","og_title":"Saumon fum\u00e9 sans sucre tranch\u00e9 sashimi 100g - \u05e6\u05e8\u05e4\u05ea\u05d9 \u05d3\u05d2\u05d9\u05dd \u05de\u05e2\u05d5\u05e9\u05e0\u05d9\u05dd","og_description":"Le saumon fum\u00e9 \u00e0 froid sans sucre est un saumon qui subit un processus de d\u00e9capage avec du sel puis de fumage \u00e0 l\u2019aide d\u2019une technique unique avec du bois naturel qui permet de le maintenir \u00e0 basse temp\u00e9rature pendant le fumage, sans ajouter de sucre au processus. Lorsqu\u2019il est fum\u00e9 \u00e0 froid, le saumon [&hellip;]","og_url":"https:\/\/www.sarfati.co.il\/fr\/product\/saumon-fume-sans-sucre-sashimi-en-tranches-200g\/","og_site_name":"\u05e6\u05e8\u05e4\u05ea\u05d9 \u05d3\u05d2\u05d9\u05dd \u05de\u05e2\u05d5\u05e9\u05e0\u05d9\u05dd","article_modified_time":"2025-04-02T10:18:29+00:00","og_image":[{"width":807,"height":1002,"url":"https:\/\/www.sarfati.co.il\/wp-content\/uploads\/\u05dc\u05dc\u05d0-\u05e1\u05d5\u05db\u05e8-\u05e4\u05e8\u05d5\u05e1-\u05e1\u05e9\u05d9\u05de\u05d9.jpg","type":"image\/jpeg"}],"twitter_card":"summary_large_image","twitter_misc":{"Dur\u00e9e de lecture estim\u00e9e":"1 minute"},"schema":{"@context":"https:\/\/schema.org","@graph":[{"@type":"WebPage","@id":"https:\/\/www.sarfati.co.il\/fr\/product\/saumon-fume-sans-sucre-sashimi-en-tranches-200g\/","url":"https:\/\/www.sarfati.co.il\/fr\/product\/saumon-fume-sans-sucre-sashimi-en-tranches-200g\/","name":"Saumon fum\u00e9 sans sucre tranch\u00e9 sashimi 100g - \u05e6\u05e8\u05e4\u05ea\u05d9 \u05d3\u05d2\u05d9\u05dd \u05de\u05e2\u05d5\u05e9\u05e0\u05d9\u05dd","isPartOf":{"@id":"https:\/\/www.sarfati.co.il\/fr\/#website"},"primaryImageOfPage":{"@id":"https:\/\/www.sarfati.co.il\/fr\/product\/saumon-fume-sans-sucre-sashimi-en-tranches-200g\/#primaryimage"},"image":{"@id":"https:\/\/www.sarfati.co.il\/fr\/product\/saumon-fume-sans-sucre-sashimi-en-tranches-200g\/#primaryimage"},"thumbnailUrl":"https:\/\/www.sarfati.co.il\/wp-content\/uploads\/\u05dc\u05dc\u05d0-\u05e1\u05d5\u05db\u05e8-\u05e4\u05e8\u05d5\u05e1-\u05e1\u05e9\u05d9\u05de\u05d9.jpg","datePublished":"2023-09-13T09:50:03+00:00","dateModified":"2025-04-02T10:18:29+00:00","breadcrumb":{"@id":"https:\/\/www.sarfati.co.il\/fr\/product\/saumon-fume-sans-sucre-sashimi-en-tranches-200g\/#breadcrumb"},"inLanguage":"fr-FR","potentialAction":[{"@type":"ReadAction","target":["https:\/\/www.sarfati.co.il\/fr\/product\/saumon-fume-sans-sucre-sashimi-en-tranches-200g\/"]}]},{"@type":"ImageObject","inLanguage":"fr-FR","@id":"https:\/\/www.sarfati.co.il\/fr\/product\/saumon-fume-sans-sucre-sashimi-en-tranches-200g\/#primaryimage","url":"https:\/\/www.sarfati.co.il\/wp-content\/uploads\/\u05dc\u05dc\u05d0-\u05e1\u05d5\u05db\u05e8-\u05e4\u05e8\u05d5\u05e1-\u05e1\u05e9\u05d9\u05de\u05d9.jpg","contentUrl":"https:\/\/www.sarfati.co.il\/wp-content\/uploads\/\u05dc\u05dc\u05d0-\u05e1\u05d5\u05db\u05e8-\u05e4\u05e8\u05d5\u05e1-\u05e1\u05e9\u05d9\u05de\u05d9.jpg","width":807,"height":1002},{"@type":"BreadcrumbList","@id":"https:\/\/www.sarfati.co.il\/fr\/product\/saumon-fume-sans-sucre-sashimi-en-tranches-200g\/#breadcrumb","itemListElement":[{"@type":"ListItem","position":1,"name":"\u05d3\u05e3 \u05d4\u05d1\u05d9\u05ea","item":"https:\/\/www.sarfati.co.il\/fr\/domicile\/"},{"@type":"ListItem","position":2,"name":"\u05d7\u05e0\u05d5\u05ea","item":"https:\/\/www.sarfati.co.il\/shop\/"},{"@type":"ListItem","position":3,"name":"Saumon fum\u00e9 sans sucre tranch\u00e9 sashimi 100g"}]},{"@type":"WebSite","@id":"https:\/\/www.sarfati.co.il\/fr\/#website","url":"https:\/\/www.sarfati.co.il\/fr\/","name":"\u05e6\u05e8\u05e4\u05ea\u05d9 \u05d3\u05d2\u05d9\u05dd \u05de\u05e2\u05d5\u05e9\u05e0\u05d9\u05dd","description":"","publisher":{"@id":"https:\/\/www.sarfati.co.il\/fr\/#organization"},"potentialAction":[{"@type":"SearchAction","target":{"@type":"EntryPoint","urlTemplate":"https:\/\/www.sarfati.co.il\/fr\/?s={search_term_string}"},"query-input":{"@type":"PropertyValueSpecification","valueRequired":true,"valueName":"search_term_string"}}],"inLanguage":"fr-FR"},{"@type":"Organization","@id":"https:\/\/www.sarfati.co.il\/fr\/#organization","name":"\u05e6\u05e8\u05e4\u05ea\u05d9 \u05d3\u05d2\u05d9\u05dd \u05de\u05e2\u05d5\u05e9\u05e0\u05d9\u05dd","url":"https:\/\/www.sarfati.co.il\/fr\/","logo":{"@type":"ImageObject","inLanguage":"fr-FR","@id":"https:\/\/www.sarfati.co.il\/fr\/#\/schema\/logo\/image\/","url":"https:\/\/www.sarfati.co.il\/wp-content\/uploads\/2023\/06\/logo-01.png","contentUrl":"https:\/\/www.sarfati.co.il\/wp-content\/uploads\/2023\/06\/logo-01.png","width":376,"height":209,"caption":"\u05e6\u05e8\u05e4\u05ea\u05d9 \u05d3\u05d2\u05d9\u05dd \u05de\u05e2\u05d5\u05e9\u05e0\u05d9\u05dd"},"image":{"@id":"https:\/\/www.sarfati.co.il\/fr\/#\/schema\/logo\/image\/"}}]}},"_links":{"self":[{"href":"https:\/\/www.sarfati.co.il\/fr\/wp-json\/wp\/v2\/product\/4812","targetHints":{"allow":["GET"]}}],"collection":[{"href":"https:\/\/www.sarfati.co.il\/fr\/wp-json\/wp\/v2\/product"}],"about":[{"href":"https:\/\/www.sarfati.co.il\/fr\/wp-json\/wp\/v2\/types\/product"}],"replies":[{"embeddable":true,"href":"https:\/\/www.sarfati.co.il\/fr\/wp-json\/wp\/v2\/comments?post=4812"}],"wp:featuredmedia":[{"embeddable":true,"href":"https:\/\/www.sarfati.co.il\/fr\/wp-json\/wp\/v2\/media\/3938"}],"wp:attachment":[{"href":"https:\/\/www.sarfati.co.il\/fr\/wp-json\/wp\/v2\/media?parent=4812"}],"wp:term":[{"taxonomy":"product_brand","embeddable":true,"href":"https:\/\/www.sarfati.co.il\/fr\/wp-json\/wp\/v2\/product_brand?post=4812"},{"taxonomy":"product_cat","embeddable":true,"href":"https:\/\/www.sarfati.co.il\/fr\/wp-json\/wp\/v2\/product_cat?post=4812"},{"taxonomy":"product_tag","embeddable":true,"href":"https:\/\/www.sarfati.co.il\/fr\/wp-json\/wp\/v2\/product_tag?post=4812"}],"curies":[{"name":"wp","href":"https:\/\/api.w.org\/{rel}","templated":true}]}}