{"id":4905,"date":"2023-07-16T13:06:44","date_gmt":"2023-07-16T10:06:44","guid":{"rendered":"https:\/\/www.sarfati.co.il\/product\/steak-de-thon-rouge-premium-130-g\/"},"modified":"2025-01-12T12:34:13","modified_gmt":"2025-01-12T10:34:13","slug":"steak-de-thon-rouge-premium-130-g","status":"publish","type":"product","link":"https:\/\/www.sarfati.co.il\/fr\/product\/steak-de-thon-rouge-premium-130-g\/","title":{"rendered":"Steak de thon rouge premium 130 g"},"content":{"rendered":"<p>Un excellent produit apr\u00e8s d\u00e9cong\u00e9lation, vous pouvez faire du tartare, du carpaccio ou cuire \u00e0 la po\u00eale.<\/p>\n<p>Recette recommand\u00e9e pour cuisiner : Assaisonner de sel, de poivre et de graines de coriandre concass\u00e9es et cuire dans une po\u00eale avec un un peu d\u2019huile.<\/p>\n<p>Casher : Kosher Mehadrin, Grand Rabbinat de Hevel Modiin.<br \/>\nBadatz Beit Yosef.<br \/>\nChaque filet varie de 130 grammes \u00e0 200 grammes, Le prix final sera d\u00e9termin\u00e9 apr\u00e8s avoir pesee la commande.<\/p>\n","protected":false},"excerpt":{"rendered":"<p>Un excellent produit apr\u00e8s d\u00e9cong\u00e9lation, vous pouvez faire du tartare, du carpaccio ou cuire \u00e0 la po\u00eale. Recette recommand\u00e9e pour cuisiner : Assaisonner de sel, de poivre et de graines de coriandre concass\u00e9es et cuire dans une po\u00eale avec un un peu d\u2019huile. Casher : Kosher Mehadrin, Grand Rabbinat de Hevel Modiin. Badatz Beit Yosef. [&hellip;]<\/p>\n","protected":false},"featured_media":4400,"comment_status":"open","ping_status":"closed","template":"","meta":[],"product_brand":[],"product_cat":[172,197],"product_tag":[],"class_list":{"0":"post-4905","1":"product","2":"type-product","3":"status-publish","4":"has-post-thumbnail","6":"product_cat-poisson-congele","7":"product_cat-rabbinat-casher-mehadrin-de-la-region-de-modiin-rabbi-aharon-butbul-shlita","9":"first","10":"instock","11":"featured","12":"shipping-taxable","13":"purchasable","14":"product-type-variable"},"yoast_head":"<!-- This site is optimized with the Yoast SEO plugin v27.3 - https:\/\/yoast.com\/product\/yoast-seo-wordpress\/ -->\n<title>Steak de thon rouge premium 130 g - \u05e6\u05e8\u05e4\u05ea\u05d9 \u05d3\u05d2\u05d9\u05dd \u05de\u05e2\u05d5\u05e9\u05e0\u05d9\u05dd<\/title>\n<meta name=\"robots\" content=\"index, follow, max-snippet:-1, max-image-preview:large, max-video-preview:-1\" \/>\n<link rel=\"canonical\" href=\"https:\/\/www.sarfati.co.il\/fr\/product\/steak-de-thon-rouge-premium-130-g\/\" \/>\n<meta property=\"og:locale\" content=\"fr_FR\" \/>\n<meta property=\"og:type\" content=\"article\" \/>\n<meta property=\"og:title\" content=\"Steak de thon rouge premium 130 g - \u05e6\u05e8\u05e4\u05ea\u05d9 \u05d3\u05d2\u05d9\u05dd \u05de\u05e2\u05d5\u05e9\u05e0\u05d9\u05dd\" \/>\n<meta property=\"og:description\" content=\"Un excellent produit apr\u00e8s d\u00e9cong\u00e9lation, vous pouvez faire du tartare, du carpaccio ou cuire \u00e0 la po\u00eale. Recette recommand\u00e9e pour cuisiner : Assaisonner de sel, de poivre et de graines de coriandre concass\u00e9es et cuire dans une po\u00eale avec un un peu d\u2019huile. Casher : Kosher Mehadrin, Grand Rabbinat de Hevel Modiin. Badatz Beit Yosef. [&hellip;]\" \/>\n<meta property=\"og:url\" content=\"https:\/\/www.sarfati.co.il\/fr\/product\/steak-de-thon-rouge-premium-130-g\/\" \/>\n<meta property=\"og:site_name\" content=\"\u05e6\u05e8\u05e4\u05ea\u05d9 \u05d3\u05d2\u05d9\u05dd \u05de\u05e2\u05d5\u05e9\u05e0\u05d9\u05dd\" \/>\n<meta property=\"article:modified_time\" content=\"2025-01-12T10:34:13+00:00\" \/>\n<meta property=\"og:image\" content=\"https:\/\/www.sarfati.co.il\/wp-content\/uploads\/\u05e1\u05d8\u05d9\u05d9\u05e7-\u05d8\u05d5\u05e0\u05d4-\u05d0\u05d3\u05d5\u05de\u05d4-2.jpg\" \/>\n\t<meta property=\"og:image:width\" content=\"640\" \/>\n\t<meta property=\"og:image:height\" content=\"456\" \/>\n\t<meta property=\"og:image:type\" content=\"image\/jpeg\" \/>\n<meta name=\"twitter:card\" content=\"summary_large_image\" \/>\n<meta name=\"twitter:label1\" content=\"Dur\u00e9e de lecture estim\u00e9e\" \/>\n\t<meta name=\"twitter:data1\" content=\"1 minute\" \/>\n<script type=\"application\/ld+json\" class=\"yoast-schema-graph\">{\"@context\":\"https:\\\/\\\/schema.org\",\"@graph\":[{\"@type\":\"WebPage\",\"@id\":\"https:\\\/\\\/www.sarfati.co.il\\\/fr\\\/product\\\/steak-de-thon-rouge-premium-130-g\\\/\",\"url\":\"https:\\\/\\\/www.sarfati.co.il\\\/fr\\\/product\\\/steak-de-thon-rouge-premium-130-g\\\/\",\"name\":\"Steak de thon rouge premium 130 g - \u05e6\u05e8\u05e4\u05ea\u05d9 \u05d3\u05d2\u05d9\u05dd \u05de\u05e2\u05d5\u05e9\u05e0\u05d9\u05dd\",\"isPartOf\":{\"@id\":\"https:\\\/\\\/www.sarfati.co.il\\\/fr\\\/#website\"},\"primaryImageOfPage\":{\"@id\":\"https:\\\/\\\/www.sarfati.co.il\\\/fr\\\/product\\\/steak-de-thon-rouge-premium-130-g\\\/#primaryimage\"},\"image\":{\"@id\":\"https:\\\/\\\/www.sarfati.co.il\\\/fr\\\/product\\\/steak-de-thon-rouge-premium-130-g\\\/#primaryimage\"},\"thumbnailUrl\":\"https:\\\/\\\/www.sarfati.co.il\\\/wp-content\\\/uploads\\\/\u05e1\u05d8\u05d9\u05d9\u05e7-\u05d8\u05d5\u05e0\u05d4-\u05d0\u05d3\u05d5\u05de\u05d4-2.jpg\",\"datePublished\":\"2023-07-16T10:06:44+00:00\",\"dateModified\":\"2025-01-12T10:34:13+00:00\",\"breadcrumb\":{\"@id\":\"https:\\\/\\\/www.sarfati.co.il\\\/fr\\\/product\\\/steak-de-thon-rouge-premium-130-g\\\/#breadcrumb\"},\"inLanguage\":\"fr-FR\",\"potentialAction\":[{\"@type\":\"ReadAction\",\"target\":[\"https:\\\/\\\/www.sarfati.co.il\\\/fr\\\/product\\\/steak-de-thon-rouge-premium-130-g\\\/\"]}]},{\"@type\":\"ImageObject\",\"inLanguage\":\"fr-FR\",\"@id\":\"https:\\\/\\\/www.sarfati.co.il\\\/fr\\\/product\\\/steak-de-thon-rouge-premium-130-g\\\/#primaryimage\",\"url\":\"https:\\\/\\\/www.sarfati.co.il\\\/wp-content\\\/uploads\\\/\u05e1\u05d8\u05d9\u05d9\u05e7-\u05d8\u05d5\u05e0\u05d4-\u05d0\u05d3\u05d5\u05de\u05d4-2.jpg\",\"contentUrl\":\"https:\\\/\\\/www.sarfati.co.il\\\/wp-content\\\/uploads\\\/\u05e1\u05d8\u05d9\u05d9\u05e7-\u05d8\u05d5\u05e0\u05d4-\u05d0\u05d3\u05d5\u05de\u05d4-2.jpg\",\"width\":640,\"height\":456},{\"@type\":\"BreadcrumbList\",\"@id\":\"https:\\\/\\\/www.sarfati.co.il\\\/fr\\\/product\\\/steak-de-thon-rouge-premium-130-g\\\/#breadcrumb\",\"itemListElement\":[{\"@type\":\"ListItem\",\"position\":1,\"name\":\"\u05d3\u05e3 \u05d4\u05d1\u05d9\u05ea\",\"item\":\"https:\\\/\\\/www.sarfati.co.il\\\/fr\\\/domicile\\\/\"},{\"@type\":\"ListItem\",\"position\":2,\"name\":\"\u05d7\u05e0\u05d5\u05ea\",\"item\":\"https:\\\/\\\/www.sarfati.co.il\\\/shop\\\/\"},{\"@type\":\"ListItem\",\"position\":3,\"name\":\"Steak de thon rouge premium 130 g\"}]},{\"@type\":\"WebSite\",\"@id\":\"https:\\\/\\\/www.sarfati.co.il\\\/fr\\\/#website\",\"url\":\"https:\\\/\\\/www.sarfati.co.il\\\/fr\\\/\",\"name\":\"\u05e6\u05e8\u05e4\u05ea\u05d9 \u05d3\u05d2\u05d9\u05dd \u05de\u05e2\u05d5\u05e9\u05e0\u05d9\u05dd\",\"description\":\"\",\"publisher\":{\"@id\":\"https:\\\/\\\/www.sarfati.co.il\\\/fr\\\/#organization\"},\"potentialAction\":[{\"@type\":\"SearchAction\",\"target\":{\"@type\":\"EntryPoint\",\"urlTemplate\":\"https:\\\/\\\/www.sarfati.co.il\\\/fr\\\/?s={search_term_string}\"},\"query-input\":{\"@type\":\"PropertyValueSpecification\",\"valueRequired\":true,\"valueName\":\"search_term_string\"}}],\"inLanguage\":\"fr-FR\"},{\"@type\":\"Organization\",\"@id\":\"https:\\\/\\\/www.sarfati.co.il\\\/fr\\\/#organization\",\"name\":\"\u05e6\u05e8\u05e4\u05ea\u05d9 \u05d3\u05d2\u05d9\u05dd \u05de\u05e2\u05d5\u05e9\u05e0\u05d9\u05dd\",\"url\":\"https:\\\/\\\/www.sarfati.co.il\\\/fr\\\/\",\"logo\":{\"@type\":\"ImageObject\",\"inLanguage\":\"fr-FR\",\"@id\":\"https:\\\/\\\/www.sarfati.co.il\\\/fr\\\/#\\\/schema\\\/logo\\\/image\\\/\",\"url\":\"https:\\\/\\\/www.sarfati.co.il\\\/wp-content\\\/uploads\\\/2023\\\/06\\\/logo-01.png\",\"contentUrl\":\"https:\\\/\\\/www.sarfati.co.il\\\/wp-content\\\/uploads\\\/2023\\\/06\\\/logo-01.png\",\"width\":376,\"height\":209,\"caption\":\"\u05e6\u05e8\u05e4\u05ea\u05d9 \u05d3\u05d2\u05d9\u05dd \u05de\u05e2\u05d5\u05e9\u05e0\u05d9\u05dd\"},\"image\":{\"@id\":\"https:\\\/\\\/www.sarfati.co.il\\\/fr\\\/#\\\/schema\\\/logo\\\/image\\\/\"}}]}<\/script>\n<!-- \/ Yoast SEO plugin. -->","yoast_head_json":{"title":"Steak de thon rouge premium 130 g - \u05e6\u05e8\u05e4\u05ea\u05d9 \u05d3\u05d2\u05d9\u05dd \u05de\u05e2\u05d5\u05e9\u05e0\u05d9\u05dd","robots":{"index":"index","follow":"follow","max-snippet":"max-snippet:-1","max-image-preview":"max-image-preview:large","max-video-preview":"max-video-preview:-1"},"canonical":"https:\/\/www.sarfati.co.il\/fr\/product\/steak-de-thon-rouge-premium-130-g\/","og_locale":"fr_FR","og_type":"article","og_title":"Steak de thon rouge premium 130 g - \u05e6\u05e8\u05e4\u05ea\u05d9 \u05d3\u05d2\u05d9\u05dd \u05de\u05e2\u05d5\u05e9\u05e0\u05d9\u05dd","og_description":"Un excellent produit apr\u00e8s d\u00e9cong\u00e9lation, vous pouvez faire du tartare, du carpaccio ou cuire \u00e0 la po\u00eale. Recette recommand\u00e9e pour cuisiner : Assaisonner de sel, de poivre et de graines de coriandre concass\u00e9es et cuire dans une po\u00eale avec un un peu d\u2019huile. Casher : Kosher Mehadrin, Grand Rabbinat de Hevel Modiin. Badatz Beit Yosef. [&hellip;]","og_url":"https:\/\/www.sarfati.co.il\/fr\/product\/steak-de-thon-rouge-premium-130-g\/","og_site_name":"\u05e6\u05e8\u05e4\u05ea\u05d9 \u05d3\u05d2\u05d9\u05dd \u05de\u05e2\u05d5\u05e9\u05e0\u05d9\u05dd","article_modified_time":"2025-01-12T10:34:13+00:00","og_image":[{"width":640,"height":456,"url":"https:\/\/www.sarfati.co.il\/wp-content\/uploads\/\u05e1\u05d8\u05d9\u05d9\u05e7-\u05d8\u05d5\u05e0\u05d4-\u05d0\u05d3\u05d5\u05de\u05d4-2.jpg","type":"image\/jpeg"}],"twitter_card":"summary_large_image","twitter_misc":{"Dur\u00e9e de lecture estim\u00e9e":"1 minute"},"schema":{"@context":"https:\/\/schema.org","@graph":[{"@type":"WebPage","@id":"https:\/\/www.sarfati.co.il\/fr\/product\/steak-de-thon-rouge-premium-130-g\/","url":"https:\/\/www.sarfati.co.il\/fr\/product\/steak-de-thon-rouge-premium-130-g\/","name":"Steak de thon rouge premium 130 g - \u05e6\u05e8\u05e4\u05ea\u05d9 \u05d3\u05d2\u05d9\u05dd \u05de\u05e2\u05d5\u05e9\u05e0\u05d9\u05dd","isPartOf":{"@id":"https:\/\/www.sarfati.co.il\/fr\/#website"},"primaryImageOfPage":{"@id":"https:\/\/www.sarfati.co.il\/fr\/product\/steak-de-thon-rouge-premium-130-g\/#primaryimage"},"image":{"@id":"https:\/\/www.sarfati.co.il\/fr\/product\/steak-de-thon-rouge-premium-130-g\/#primaryimage"},"thumbnailUrl":"https:\/\/www.sarfati.co.il\/wp-content\/uploads\/\u05e1\u05d8\u05d9\u05d9\u05e7-\u05d8\u05d5\u05e0\u05d4-\u05d0\u05d3\u05d5\u05de\u05d4-2.jpg","datePublished":"2023-07-16T10:06:44+00:00","dateModified":"2025-01-12T10:34:13+00:00","breadcrumb":{"@id":"https:\/\/www.sarfati.co.il\/fr\/product\/steak-de-thon-rouge-premium-130-g\/#breadcrumb"},"inLanguage":"fr-FR","potentialAction":[{"@type":"ReadAction","target":["https:\/\/www.sarfati.co.il\/fr\/product\/steak-de-thon-rouge-premium-130-g\/"]}]},{"@type":"ImageObject","inLanguage":"fr-FR","@id":"https:\/\/www.sarfati.co.il\/fr\/product\/steak-de-thon-rouge-premium-130-g\/#primaryimage","url":"https:\/\/www.sarfati.co.il\/wp-content\/uploads\/\u05e1\u05d8\u05d9\u05d9\u05e7-\u05d8\u05d5\u05e0\u05d4-\u05d0\u05d3\u05d5\u05de\u05d4-2.jpg","contentUrl":"https:\/\/www.sarfati.co.il\/wp-content\/uploads\/\u05e1\u05d8\u05d9\u05d9\u05e7-\u05d8\u05d5\u05e0\u05d4-\u05d0\u05d3\u05d5\u05de\u05d4-2.jpg","width":640,"height":456},{"@type":"BreadcrumbList","@id":"https:\/\/www.sarfati.co.il\/fr\/product\/steak-de-thon-rouge-premium-130-g\/#breadcrumb","itemListElement":[{"@type":"ListItem","position":1,"name":"\u05d3\u05e3 \u05d4\u05d1\u05d9\u05ea","item":"https:\/\/www.sarfati.co.il\/fr\/domicile\/"},{"@type":"ListItem","position":2,"name":"\u05d7\u05e0\u05d5\u05ea","item":"https:\/\/www.sarfati.co.il\/shop\/"},{"@type":"ListItem","position":3,"name":"Steak de thon rouge premium 130 g"}]},{"@type":"WebSite","@id":"https:\/\/www.sarfati.co.il\/fr\/#website","url":"https:\/\/www.sarfati.co.il\/fr\/","name":"\u05e6\u05e8\u05e4\u05ea\u05d9 \u05d3\u05d2\u05d9\u05dd \u05de\u05e2\u05d5\u05e9\u05e0\u05d9\u05dd","description":"","publisher":{"@id":"https:\/\/www.sarfati.co.il\/fr\/#organization"},"potentialAction":[{"@type":"SearchAction","target":{"@type":"EntryPoint","urlTemplate":"https:\/\/www.sarfati.co.il\/fr\/?s={search_term_string}"},"query-input":{"@type":"PropertyValueSpecification","valueRequired":true,"valueName":"search_term_string"}}],"inLanguage":"fr-FR"},{"@type":"Organization","@id":"https:\/\/www.sarfati.co.il\/fr\/#organization","name":"\u05e6\u05e8\u05e4\u05ea\u05d9 \u05d3\u05d2\u05d9\u05dd \u05de\u05e2\u05d5\u05e9\u05e0\u05d9\u05dd","url":"https:\/\/www.sarfati.co.il\/fr\/","logo":{"@type":"ImageObject","inLanguage":"fr-FR","@id":"https:\/\/www.sarfati.co.il\/fr\/#\/schema\/logo\/image\/","url":"https:\/\/www.sarfati.co.il\/wp-content\/uploads\/2023\/06\/logo-01.png","contentUrl":"https:\/\/www.sarfati.co.il\/wp-content\/uploads\/2023\/06\/logo-01.png","width":376,"height":209,"caption":"\u05e6\u05e8\u05e4\u05ea\u05d9 \u05d3\u05d2\u05d9\u05dd \u05de\u05e2\u05d5\u05e9\u05e0\u05d9\u05dd"},"image":{"@id":"https:\/\/www.sarfati.co.il\/fr\/#\/schema\/logo\/image\/"}}]}},"_links":{"self":[{"href":"https:\/\/www.sarfati.co.il\/fr\/wp-json\/wp\/v2\/product\/4905","targetHints":{"allow":["GET"]}}],"collection":[{"href":"https:\/\/www.sarfati.co.il\/fr\/wp-json\/wp\/v2\/product"}],"about":[{"href":"https:\/\/www.sarfati.co.il\/fr\/wp-json\/wp\/v2\/types\/product"}],"replies":[{"embeddable":true,"href":"https:\/\/www.sarfati.co.il\/fr\/wp-json\/wp\/v2\/comments?post=4905"}],"wp:featuredmedia":[{"embeddable":true,"href":"https:\/\/www.sarfati.co.il\/fr\/wp-json\/wp\/v2\/media\/4400"}],"wp:attachment":[{"href":"https:\/\/www.sarfati.co.il\/fr\/wp-json\/wp\/v2\/media?parent=4905"}],"wp:term":[{"taxonomy":"product_brand","embeddable":true,"href":"https:\/\/www.sarfati.co.il\/fr\/wp-json\/wp\/v2\/product_brand?post=4905"},{"taxonomy":"product_cat","embeddable":true,"href":"https:\/\/www.sarfati.co.il\/fr\/wp-json\/wp\/v2\/product_cat?post=4905"},{"taxonomy":"product_tag","embeddable":true,"href":"https:\/\/www.sarfati.co.il\/fr\/wp-json\/wp\/v2\/product_tag?post=4905"}],"curies":[{"name":"wp","href":"https:\/\/api.w.org\/{rel}","templated":true}]}}