{"id":4974,"date":"2023-08-21T14:06:01","date_gmt":"2023-08-21T11:06:01","guid":{"rendered":"https:\/\/www.sarfati.co.il\/product\/daurade-en-fumeehot-360g\/"},"modified":"2026-03-19T10:05:55","modified_gmt":"2026-03-19T08:05:55","slug":"daurade-en-fumeehot-360g","status":"publish","type":"product","link":"https:\/\/www.sarfati.co.il\/fr\/product\/daurade-en-fumeehot-360g\/","title":{"rendered":"Daurade fum\u00e9e \u00e0 chaud\/360gr"},"content":{"rendered":"<p>Daurade fum\u00e9e \u00e0 chaud pr\u00eate \u00e0 consommer.<\/p>\n<p>La daurade fum\u00e9e \u00e0 chaud, une pr\u00e9paration culinaire qui ravira les amateurs de poissons. Ce plat d\u00e9licieux est id\u00e9al pour un repas en plat principal. <\/p>\n<p>La daurade est un poisson \u00e0 la chair tendre et tendre, qui est parfaitement adapt\u00e9 \u00e0 la technique de fumage.<\/p>\n<p>La daurade fum\u00e9e \u00e0 chaud se marie parfaitement avec des l\u00e9gumes grill\u00e9s ou une salade fra\u00eeche pour un repas \u00e9quilibr\u00e9 et d\u00e9licieux.<\/p>\n<p>Il peut \u00e9galement \u00eatre consomm\u00e9 froid \u00e0 l\u2019ap\u00e9ritif.<\/p>\n<p>Pour manger la daurade chaude<\/p>\n<p>Mode d\u2019emploi : Chauffer au micro-ondes ou placer le sac scell\u00e9 dans de l\u2019eau bouillante.<\/p>\n<p>Casherout: Badatz haeda haredit<\/p>\n<p>Il est important de noter que chaque poisson a un poids diff\u00e9rent et que vous serez donc factur\u00e9 en fonction du poids apr\u00e8s pes\u00e9e.<\/p>\n","protected":false},"excerpt":{"rendered":"<p>Daurade fum\u00e9e \u00e0 chaud pr\u00eate \u00e0 consommer. La daurade fum\u00e9e \u00e0 chaud, une pr\u00e9paration culinaire qui ravira les amateurs de poissons. Ce plat d\u00e9licieux est id\u00e9al pour un repas en plat principal. La daurade est un poisson \u00e0 la chair tendre et tendre, qui est parfaitement adapt\u00e9 \u00e0 la technique de fumage. La daurade fum\u00e9e [&hellip;]<\/p>\n","protected":false},"featured_media":3994,"comment_status":"open","ping_status":"closed","template":"","meta":[],"product_brand":[],"product_cat":[311,148,146,158],"product_tag":[334],"class_list":{"0":"post-4974","1":"product","2":"type-product","3":"status-publish","4":"has-post-thumbnail","6":"product_cat-casher-pour-pessah-badatz-beit-yossef","7":"product_cat-kosher-badatzde-la-eidah-haharedit","8":"product_cat-poisson-fume-a-chaud","9":"product_cat-poisson-fume-et-marine","10":"product_tag-casher-pour-pessah-2","12":"first","13":"instock","14":"shipping-taxable","15":"purchasable","16":"product-type-simple"},"yoast_head":"<!-- This site is optimized with the Yoast SEO plugin v27.3 - https:\/\/yoast.com\/product\/yoast-seo-wordpress\/ -->\n<title>Daurade fum\u00e9e \u00e0 chaud\/360gr - \u05e6\u05e8\u05e4\u05ea\u05d9 \u05d3\u05d2\u05d9\u05dd \u05de\u05e2\u05d5\u05e9\u05e0\u05d9\u05dd<\/title>\n<meta name=\"robots\" content=\"index, follow, max-snippet:-1, max-image-preview:large, max-video-preview:-1\" \/>\n<link rel=\"canonical\" href=\"https:\/\/www.sarfati.co.il\/fr\/product\/daurade-en-fumeehot-360g\/\" \/>\n<meta property=\"og:locale\" content=\"fr_FR\" \/>\n<meta property=\"og:type\" content=\"article\" \/>\n<meta property=\"og:title\" content=\"Daurade fum\u00e9e \u00e0 chaud\/360gr - \u05e6\u05e8\u05e4\u05ea\u05d9 \u05d3\u05d2\u05d9\u05dd \u05de\u05e2\u05d5\u05e9\u05e0\u05d9\u05dd\" \/>\n<meta property=\"og:description\" content=\"Daurade fum\u00e9e \u00e0 chaud pr\u00eate \u00e0 consommer. La daurade fum\u00e9e \u00e0 chaud, une pr\u00e9paration culinaire qui ravira les amateurs de poissons. Ce plat d\u00e9licieux est id\u00e9al pour un repas en plat principal. La daurade est un poisson \u00e0 la chair tendre et tendre, qui est parfaitement adapt\u00e9 \u00e0 la technique de fumage. La daurade fum\u00e9e [&hellip;]\" \/>\n<meta property=\"og:url\" content=\"https:\/\/www.sarfati.co.il\/fr\/product\/daurade-en-fumeehot-360g\/\" \/>\n<meta property=\"og:site_name\" content=\"\u05e6\u05e8\u05e4\u05ea\u05d9 \u05d3\u05d2\u05d9\u05dd \u05de\u05e2\u05d5\u05e9\u05e0\u05d9\u05dd\" \/>\n<meta property=\"article:modified_time\" content=\"2026-03-19T08:05:55+00:00\" \/>\n<meta property=\"og:image\" content=\"https:\/\/www.sarfati.co.il\/wp-content\/uploads\/-\u05e2\u05d9\u05e9\u05d5\u05df-\u05d7\u05dd-e1708543740679.jpg\" \/>\n\t<meta property=\"og:image:width\" content=\"1280\" \/>\n\t<meta property=\"og:image:height\" content=\"998\" \/>\n\t<meta property=\"og:image:type\" content=\"image\/jpeg\" \/>\n<meta name=\"twitter:card\" content=\"summary_large_image\" \/>\n<meta name=\"twitter:label1\" content=\"Dur\u00e9e de lecture estim\u00e9e\" \/>\n\t<meta name=\"twitter:data1\" content=\"1 minute\" \/>\n<script type=\"application\/ld+json\" class=\"yoast-schema-graph\">{\"@context\":\"https:\\\/\\\/schema.org\",\"@graph\":[{\"@type\":\"WebPage\",\"@id\":\"https:\\\/\\\/www.sarfati.co.il\\\/fr\\\/product\\\/daurade-en-fumeehot-360g\\\/\",\"url\":\"https:\\\/\\\/www.sarfati.co.il\\\/fr\\\/product\\\/daurade-en-fumeehot-360g\\\/\",\"name\":\"Daurade fum\u00e9e \u00e0 chaud\\\/360gr - \u05e6\u05e8\u05e4\u05ea\u05d9 \u05d3\u05d2\u05d9\u05dd \u05de\u05e2\u05d5\u05e9\u05e0\u05d9\u05dd\",\"isPartOf\":{\"@id\":\"https:\\\/\\\/www.sarfati.co.il\\\/fr\\\/#website\"},\"primaryImageOfPage\":{\"@id\":\"https:\\\/\\\/www.sarfati.co.il\\\/fr\\\/product\\\/daurade-en-fumeehot-360g\\\/#primaryimage\"},\"image\":{\"@id\":\"https:\\\/\\\/www.sarfati.co.il\\\/fr\\\/product\\\/daurade-en-fumeehot-360g\\\/#primaryimage\"},\"thumbnailUrl\":\"https:\\\/\\\/www.sarfati.co.il\\\/wp-content\\\/uploads\\\/-\u05e2\u05d9\u05e9\u05d5\u05df-\u05d7\u05dd-e1708543740679.jpg\",\"datePublished\":\"2023-08-21T11:06:01+00:00\",\"dateModified\":\"2026-03-19T08:05:55+00:00\",\"breadcrumb\":{\"@id\":\"https:\\\/\\\/www.sarfati.co.il\\\/fr\\\/product\\\/daurade-en-fumeehot-360g\\\/#breadcrumb\"},\"inLanguage\":\"fr-FR\",\"potentialAction\":[{\"@type\":\"ReadAction\",\"target\":[\"https:\\\/\\\/www.sarfati.co.il\\\/fr\\\/product\\\/daurade-en-fumeehot-360g\\\/\"]}]},{\"@type\":\"ImageObject\",\"inLanguage\":\"fr-FR\",\"@id\":\"https:\\\/\\\/www.sarfati.co.il\\\/fr\\\/product\\\/daurade-en-fumeehot-360g\\\/#primaryimage\",\"url\":\"https:\\\/\\\/www.sarfati.co.il\\\/wp-content\\\/uploads\\\/-\u05e2\u05d9\u05e9\u05d5\u05df-\u05d7\u05dd-e1708543740679.jpg\",\"contentUrl\":\"https:\\\/\\\/www.sarfati.co.il\\\/wp-content\\\/uploads\\\/-\u05e2\u05d9\u05e9\u05d5\u05df-\u05d7\u05dd-e1708543740679.jpg\",\"width\":1280,\"height\":998},{\"@type\":\"BreadcrumbList\",\"@id\":\"https:\\\/\\\/www.sarfati.co.il\\\/fr\\\/product\\\/daurade-en-fumeehot-360g\\\/#breadcrumb\",\"itemListElement\":[{\"@type\":\"ListItem\",\"position\":1,\"name\":\"\u05d3\u05e3 \u05d4\u05d1\u05d9\u05ea\",\"item\":\"https:\\\/\\\/www.sarfati.co.il\\\/fr\\\/domicile\\\/\"},{\"@type\":\"ListItem\",\"position\":2,\"name\":\"\u05d7\u05e0\u05d5\u05ea\",\"item\":\"https:\\\/\\\/www.sarfati.co.il\\\/shop\\\/\"},{\"@type\":\"ListItem\",\"position\":3,\"name\":\"Daurade fum\u00e9e \u00e0 chaud\\\/360gr\"}]},{\"@type\":\"WebSite\",\"@id\":\"https:\\\/\\\/www.sarfati.co.il\\\/fr\\\/#website\",\"url\":\"https:\\\/\\\/www.sarfati.co.il\\\/fr\\\/\",\"name\":\"\u05e6\u05e8\u05e4\u05ea\u05d9 \u05d3\u05d2\u05d9\u05dd \u05de\u05e2\u05d5\u05e9\u05e0\u05d9\u05dd\",\"description\":\"\",\"publisher\":{\"@id\":\"https:\\\/\\\/www.sarfati.co.il\\\/fr\\\/#organization\"},\"potentialAction\":[{\"@type\":\"SearchAction\",\"target\":{\"@type\":\"EntryPoint\",\"urlTemplate\":\"https:\\\/\\\/www.sarfati.co.il\\\/fr\\\/?s={search_term_string}\"},\"query-input\":{\"@type\":\"PropertyValueSpecification\",\"valueRequired\":true,\"valueName\":\"search_term_string\"}}],\"inLanguage\":\"fr-FR\"},{\"@type\":\"Organization\",\"@id\":\"https:\\\/\\\/www.sarfati.co.il\\\/fr\\\/#organization\",\"name\":\"\u05e6\u05e8\u05e4\u05ea\u05d9 \u05d3\u05d2\u05d9\u05dd \u05de\u05e2\u05d5\u05e9\u05e0\u05d9\u05dd\",\"url\":\"https:\\\/\\\/www.sarfati.co.il\\\/fr\\\/\",\"logo\":{\"@type\":\"ImageObject\",\"inLanguage\":\"fr-FR\",\"@id\":\"https:\\\/\\\/www.sarfati.co.il\\\/fr\\\/#\\\/schema\\\/logo\\\/image\\\/\",\"url\":\"https:\\\/\\\/www.sarfati.co.il\\\/wp-content\\\/uploads\\\/2023\\\/06\\\/logo-01.png\",\"contentUrl\":\"https:\\\/\\\/www.sarfati.co.il\\\/wp-content\\\/uploads\\\/2023\\\/06\\\/logo-01.png\",\"width\":376,\"height\":209,\"caption\":\"\u05e6\u05e8\u05e4\u05ea\u05d9 \u05d3\u05d2\u05d9\u05dd \u05de\u05e2\u05d5\u05e9\u05e0\u05d9\u05dd\"},\"image\":{\"@id\":\"https:\\\/\\\/www.sarfati.co.il\\\/fr\\\/#\\\/schema\\\/logo\\\/image\\\/\"}}]}<\/script>\n<!-- \/ Yoast SEO plugin. -->","yoast_head_json":{"title":"Daurade fum\u00e9e \u00e0 chaud\/360gr - \u05e6\u05e8\u05e4\u05ea\u05d9 \u05d3\u05d2\u05d9\u05dd \u05de\u05e2\u05d5\u05e9\u05e0\u05d9\u05dd","robots":{"index":"index","follow":"follow","max-snippet":"max-snippet:-1","max-image-preview":"max-image-preview:large","max-video-preview":"max-video-preview:-1"},"canonical":"https:\/\/www.sarfati.co.il\/fr\/product\/daurade-en-fumeehot-360g\/","og_locale":"fr_FR","og_type":"article","og_title":"Daurade fum\u00e9e \u00e0 chaud\/360gr - \u05e6\u05e8\u05e4\u05ea\u05d9 \u05d3\u05d2\u05d9\u05dd \u05de\u05e2\u05d5\u05e9\u05e0\u05d9\u05dd","og_description":"Daurade fum\u00e9e \u00e0 chaud pr\u00eate \u00e0 consommer. La daurade fum\u00e9e \u00e0 chaud, une pr\u00e9paration culinaire qui ravira les amateurs de poissons. Ce plat d\u00e9licieux est id\u00e9al pour un repas en plat principal. La daurade est un poisson \u00e0 la chair tendre et tendre, qui est parfaitement adapt\u00e9 \u00e0 la technique de fumage. La daurade fum\u00e9e [&hellip;]","og_url":"https:\/\/www.sarfati.co.il\/fr\/product\/daurade-en-fumeehot-360g\/","og_site_name":"\u05e6\u05e8\u05e4\u05ea\u05d9 \u05d3\u05d2\u05d9\u05dd \u05de\u05e2\u05d5\u05e9\u05e0\u05d9\u05dd","article_modified_time":"2026-03-19T08:05:55+00:00","og_image":[{"width":1280,"height":998,"url":"https:\/\/www.sarfati.co.il\/wp-content\/uploads\/-\u05e2\u05d9\u05e9\u05d5\u05df-\u05d7\u05dd-e1708543740679.jpg","type":"image\/jpeg"}],"twitter_card":"summary_large_image","twitter_misc":{"Dur\u00e9e de lecture estim\u00e9e":"1 minute"},"schema":{"@context":"https:\/\/schema.org","@graph":[{"@type":"WebPage","@id":"https:\/\/www.sarfati.co.il\/fr\/product\/daurade-en-fumeehot-360g\/","url":"https:\/\/www.sarfati.co.il\/fr\/product\/daurade-en-fumeehot-360g\/","name":"Daurade fum\u00e9e \u00e0 chaud\/360gr - \u05e6\u05e8\u05e4\u05ea\u05d9 \u05d3\u05d2\u05d9\u05dd \u05de\u05e2\u05d5\u05e9\u05e0\u05d9\u05dd","isPartOf":{"@id":"https:\/\/www.sarfati.co.il\/fr\/#website"},"primaryImageOfPage":{"@id":"https:\/\/www.sarfati.co.il\/fr\/product\/daurade-en-fumeehot-360g\/#primaryimage"},"image":{"@id":"https:\/\/www.sarfati.co.il\/fr\/product\/daurade-en-fumeehot-360g\/#primaryimage"},"thumbnailUrl":"https:\/\/www.sarfati.co.il\/wp-content\/uploads\/-\u05e2\u05d9\u05e9\u05d5\u05df-\u05d7\u05dd-e1708543740679.jpg","datePublished":"2023-08-21T11:06:01+00:00","dateModified":"2026-03-19T08:05:55+00:00","breadcrumb":{"@id":"https:\/\/www.sarfati.co.il\/fr\/product\/daurade-en-fumeehot-360g\/#breadcrumb"},"inLanguage":"fr-FR","potentialAction":[{"@type":"ReadAction","target":["https:\/\/www.sarfati.co.il\/fr\/product\/daurade-en-fumeehot-360g\/"]}]},{"@type":"ImageObject","inLanguage":"fr-FR","@id":"https:\/\/www.sarfati.co.il\/fr\/product\/daurade-en-fumeehot-360g\/#primaryimage","url":"https:\/\/www.sarfati.co.il\/wp-content\/uploads\/-\u05e2\u05d9\u05e9\u05d5\u05df-\u05d7\u05dd-e1708543740679.jpg","contentUrl":"https:\/\/www.sarfati.co.il\/wp-content\/uploads\/-\u05e2\u05d9\u05e9\u05d5\u05df-\u05d7\u05dd-e1708543740679.jpg","width":1280,"height":998},{"@type":"BreadcrumbList","@id":"https:\/\/www.sarfati.co.il\/fr\/product\/daurade-en-fumeehot-360g\/#breadcrumb","itemListElement":[{"@type":"ListItem","position":1,"name":"\u05d3\u05e3 \u05d4\u05d1\u05d9\u05ea","item":"https:\/\/www.sarfati.co.il\/fr\/domicile\/"},{"@type":"ListItem","position":2,"name":"\u05d7\u05e0\u05d5\u05ea","item":"https:\/\/www.sarfati.co.il\/shop\/"},{"@type":"ListItem","position":3,"name":"Daurade fum\u00e9e \u00e0 chaud\/360gr"}]},{"@type":"WebSite","@id":"https:\/\/www.sarfati.co.il\/fr\/#website","url":"https:\/\/www.sarfati.co.il\/fr\/","name":"\u05e6\u05e8\u05e4\u05ea\u05d9 \u05d3\u05d2\u05d9\u05dd \u05de\u05e2\u05d5\u05e9\u05e0\u05d9\u05dd","description":"","publisher":{"@id":"https:\/\/www.sarfati.co.il\/fr\/#organization"},"potentialAction":[{"@type":"SearchAction","target":{"@type":"EntryPoint","urlTemplate":"https:\/\/www.sarfati.co.il\/fr\/?s={search_term_string}"},"query-input":{"@type":"PropertyValueSpecification","valueRequired":true,"valueName":"search_term_string"}}],"inLanguage":"fr-FR"},{"@type":"Organization","@id":"https:\/\/www.sarfati.co.il\/fr\/#organization","name":"\u05e6\u05e8\u05e4\u05ea\u05d9 \u05d3\u05d2\u05d9\u05dd \u05de\u05e2\u05d5\u05e9\u05e0\u05d9\u05dd","url":"https:\/\/www.sarfati.co.il\/fr\/","logo":{"@type":"ImageObject","inLanguage":"fr-FR","@id":"https:\/\/www.sarfati.co.il\/fr\/#\/schema\/logo\/image\/","url":"https:\/\/www.sarfati.co.il\/wp-content\/uploads\/2023\/06\/logo-01.png","contentUrl":"https:\/\/www.sarfati.co.il\/wp-content\/uploads\/2023\/06\/logo-01.png","width":376,"height":209,"caption":"\u05e6\u05e8\u05e4\u05ea\u05d9 \u05d3\u05d2\u05d9\u05dd \u05de\u05e2\u05d5\u05e9\u05e0\u05d9\u05dd"},"image":{"@id":"https:\/\/www.sarfati.co.il\/fr\/#\/schema\/logo\/image\/"}}]}},"_links":{"self":[{"href":"https:\/\/www.sarfati.co.il\/fr\/wp-json\/wp\/v2\/product\/4974","targetHints":{"allow":["GET"]}}],"collection":[{"href":"https:\/\/www.sarfati.co.il\/fr\/wp-json\/wp\/v2\/product"}],"about":[{"href":"https:\/\/www.sarfati.co.il\/fr\/wp-json\/wp\/v2\/types\/product"}],"replies":[{"embeddable":true,"href":"https:\/\/www.sarfati.co.il\/fr\/wp-json\/wp\/v2\/comments?post=4974"}],"wp:featuredmedia":[{"embeddable":true,"href":"https:\/\/www.sarfati.co.il\/fr\/wp-json\/wp\/v2\/media\/3994"}],"wp:attachment":[{"href":"https:\/\/www.sarfati.co.il\/fr\/wp-json\/wp\/v2\/media?parent=4974"}],"wp:term":[{"taxonomy":"product_brand","embeddable":true,"href":"https:\/\/www.sarfati.co.il\/fr\/wp-json\/wp\/v2\/product_brand?post=4974"},{"taxonomy":"product_cat","embeddable":true,"href":"https:\/\/www.sarfati.co.il\/fr\/wp-json\/wp\/v2\/product_cat?post=4974"},{"taxonomy":"product_tag","embeddable":true,"href":"https:\/\/www.sarfati.co.il\/fr\/wp-json\/wp\/v2\/product_tag?post=4974"}],"curies":[{"name":"wp","href":"https:\/\/api.w.org\/{rel}","templated":true}]}}