{"id":5012,"date":"2023-09-05T10:07:22","date_gmt":"2023-09-05T07:07:22","guid":{"rendered":"https:\/\/www.sarfati.co.il\/product\/plateau-de-melange-de-poisson-fume\/"},"modified":"2026-03-19T10:05:30","modified_gmt":"2026-03-19T08:05:30","slug":"plateau-de-melange-de-poisson-fume","status":"publish","type":"product","link":"https:\/\/www.sarfati.co.il\/fr\/product\/plateau-de-melange-de-poisson-fume\/","title":{"rendered":"Plateau de m\u00e9lange de poisson fum\u00e9"},"content":{"rendered":"<p>Le <b>plateau de m\u00e9lange de poisson fum\u00e9 \u00e0 chaud contient du saumon fum\u00e9 \u00e0 chaud, du saumon fum\u00e9 \u00e0 froid, du thon fum\u00e9 \u00e0 chaud, du thon fum\u00e9 \u00e0 froid, du maquereau fum\u00e9 \u00e0 froid, du maquereau fum\u00e9 \u00e0 chaud et du hareng fum\u00e9 \u00e0 froid.<\/b><\/p>\n<p>Vous pouvez remplacer le thon rouge par du thon blanc afin que le plateau soit casher Badatz, la communaut\u00e9 ultra-orthodoxe<\/p>\n<p>, vous pouvez remplacer le thon rouge par du thon blanc afin que le plateau soit casher pour Pessah.<\/p>\n<p><strong>Commande \u00e0 l\u2019avance par t\u00e9l\u00e9phone 086825888<\/strong><\/p>\n","protected":false},"excerpt":{"rendered":"<p>Une grande vari\u00e9t\u00e9 de plateaux qui rendront n\u2019importe quel \u00e9v\u00e9nement plus prestigieux pour vous !&amp;nbsp.&amp;nbsp.&amp;nbsp<strong><u>.&amp;<\/u><\/strong>nbsp.&amp;nbsp.&amp;nbsp.<\/p>\n","protected":false},"featured_media":3858,"comment_status":"open","ping_status":"closed","template":"","meta":[],"product_brand":[],"product_cat":[311,220,194,158,197],"product_tag":[334],"class_list":{"0":"post-5012","1":"product","2":"type-product","3":"status-publish","4":"has-post-thumbnail","6":"product_cat-casher-pour-pessah-badatz-beit-yossef","7":"product_cat-plateaux-de-poisson-fume","8":"product_cat-poisson-fume-a-froid","9":"product_cat-poisson-fume-et-marine","10":"product_cat-rabbinat-casher-mehadrin-de-la-region-de-modiin-rabbi-aharon-butbul-shlita","11":"product_tag-casher-pour-pessah-2","13":"first","14":"instock","15":"shipping-taxable","16":"purchasable","17":"product-type-simple"},"yoast_head":"<!-- This site is optimized with the Yoast SEO plugin v27.3 - https:\/\/yoast.com\/product\/yoast-seo-wordpress\/ -->\n<title>Plateau de m\u00e9lange de poisson fum\u00e9 - \u05e6\u05e8\u05e4\u05ea\u05d9 \u05d3\u05d2\u05d9\u05dd \u05de\u05e2\u05d5\u05e9\u05e0\u05d9\u05dd<\/title>\n<meta name=\"robots\" content=\"index, follow, max-snippet:-1, max-image-preview:large, max-video-preview:-1\" \/>\n<link rel=\"canonical\" href=\"https:\/\/www.sarfati.co.il\/fr\/product\/plateau-de-melange-de-poisson-fume\/\" \/>\n<meta property=\"og:locale\" content=\"fr_FR\" \/>\n<meta property=\"og:type\" content=\"article\" \/>\n<meta property=\"og:title\" content=\"Plateau de m\u00e9lange de poisson fum\u00e9 - \u05e6\u05e8\u05e4\u05ea\u05d9 \u05d3\u05d2\u05d9\u05dd \u05de\u05e2\u05d5\u05e9\u05e0\u05d9\u05dd\" \/>\n<meta property=\"og:description\" content=\"Une grande vari\u00e9t\u00e9 de plateaux qui rendront n\u2019importe quel \u00e9v\u00e9nement plus prestigieux pour vous !&amp;nbsp.&amp;nbsp.&amp;nbsp.&amp;nbsp.&amp;nbsp.&amp;nbsp.\" \/>\n<meta property=\"og:url\" content=\"https:\/\/www.sarfati.co.il\/fr\/product\/plateau-de-melange-de-poisson-fume\/\" \/>\n<meta property=\"og:site_name\" content=\"\u05e6\u05e8\u05e4\u05ea\u05d9 \u05d3\u05d2\u05d9\u05dd \u05de\u05e2\u05d5\u05e9\u05e0\u05d9\u05dd\" \/>\n<meta property=\"article:modified_time\" content=\"2026-03-19T08:05:30+00:00\" \/>\n<meta property=\"og:image\" content=\"https:\/\/www.sarfati.co.il\/wp-content\/uploads\/-\u05d3\u05d2\u05d9\u05dd-\u05de\u05e2\u05d5\u05e9\u05e0\u05d9\u05dd-e1694595846808.jpg\" \/>\n\t<meta property=\"og:image:width\" content=\"640\" \/>\n\t<meta property=\"og:image:height\" content=\"480\" \/>\n\t<meta property=\"og:image:type\" content=\"image\/jpeg\" \/>\n<meta name=\"twitter:card\" content=\"summary_large_image\" \/>\n<script type=\"application\/ld+json\" class=\"yoast-schema-graph\">{\"@context\":\"https:\\\/\\\/schema.org\",\"@graph\":[{\"@type\":\"WebPage\",\"@id\":\"https:\\\/\\\/www.sarfati.co.il\\\/fr\\\/product\\\/plateau-de-melange-de-poisson-fume\\\/\",\"url\":\"https:\\\/\\\/www.sarfati.co.il\\\/fr\\\/product\\\/plateau-de-melange-de-poisson-fume\\\/\",\"name\":\"Plateau de m\u00e9lange de poisson fum\u00e9 - \u05e6\u05e8\u05e4\u05ea\u05d9 \u05d3\u05d2\u05d9\u05dd \u05de\u05e2\u05d5\u05e9\u05e0\u05d9\u05dd\",\"isPartOf\":{\"@id\":\"https:\\\/\\\/www.sarfati.co.il\\\/fr\\\/#website\"},\"primaryImageOfPage\":{\"@id\":\"https:\\\/\\\/www.sarfati.co.il\\\/fr\\\/product\\\/plateau-de-melange-de-poisson-fume\\\/#primaryimage\"},\"image\":{\"@id\":\"https:\\\/\\\/www.sarfati.co.il\\\/fr\\\/product\\\/plateau-de-melange-de-poisson-fume\\\/#primaryimage\"},\"thumbnailUrl\":\"https:\\\/\\\/www.sarfati.co.il\\\/wp-content\\\/uploads\\\/-\u05d3\u05d2\u05d9\u05dd-\u05de\u05e2\u05d5\u05e9\u05e0\u05d9\u05dd-e1694595846808.jpg\",\"datePublished\":\"2023-09-05T07:07:22+00:00\",\"dateModified\":\"2026-03-19T08:05:30+00:00\",\"breadcrumb\":{\"@id\":\"https:\\\/\\\/www.sarfati.co.il\\\/fr\\\/product\\\/plateau-de-melange-de-poisson-fume\\\/#breadcrumb\"},\"inLanguage\":\"fr-FR\",\"potentialAction\":[{\"@type\":\"ReadAction\",\"target\":[\"https:\\\/\\\/www.sarfati.co.il\\\/fr\\\/product\\\/plateau-de-melange-de-poisson-fume\\\/\"]}]},{\"@type\":\"ImageObject\",\"inLanguage\":\"fr-FR\",\"@id\":\"https:\\\/\\\/www.sarfati.co.il\\\/fr\\\/product\\\/plateau-de-melange-de-poisson-fume\\\/#primaryimage\",\"url\":\"https:\\\/\\\/www.sarfati.co.il\\\/wp-content\\\/uploads\\\/-\u05d3\u05d2\u05d9\u05dd-\u05de\u05e2\u05d5\u05e9\u05e0\u05d9\u05dd-e1694595846808.jpg\",\"contentUrl\":\"https:\\\/\\\/www.sarfati.co.il\\\/wp-content\\\/uploads\\\/-\u05d3\u05d2\u05d9\u05dd-\u05de\u05e2\u05d5\u05e9\u05e0\u05d9\u05dd-e1694595846808.jpg\",\"width\":640,\"height\":480},{\"@type\":\"BreadcrumbList\",\"@id\":\"https:\\\/\\\/www.sarfati.co.il\\\/fr\\\/product\\\/plateau-de-melange-de-poisson-fume\\\/#breadcrumb\",\"itemListElement\":[{\"@type\":\"ListItem\",\"position\":1,\"name\":\"\u05d3\u05e3 \u05d4\u05d1\u05d9\u05ea\",\"item\":\"https:\\\/\\\/www.sarfati.co.il\\\/fr\\\/domicile\\\/\"},{\"@type\":\"ListItem\",\"position\":2,\"name\":\"\u05d7\u05e0\u05d5\u05ea\",\"item\":\"https:\\\/\\\/www.sarfati.co.il\\\/shop\\\/\"},{\"@type\":\"ListItem\",\"position\":3,\"name\":\"Plateau de m\u00e9lange de poisson fum\u00e9\"}]},{\"@type\":\"WebSite\",\"@id\":\"https:\\\/\\\/www.sarfati.co.il\\\/fr\\\/#website\",\"url\":\"https:\\\/\\\/www.sarfati.co.il\\\/fr\\\/\",\"name\":\"\u05e6\u05e8\u05e4\u05ea\u05d9 \u05d3\u05d2\u05d9\u05dd \u05de\u05e2\u05d5\u05e9\u05e0\u05d9\u05dd\",\"description\":\"\",\"publisher\":{\"@id\":\"https:\\\/\\\/www.sarfati.co.il\\\/fr\\\/#organization\"},\"potentialAction\":[{\"@type\":\"SearchAction\",\"target\":{\"@type\":\"EntryPoint\",\"urlTemplate\":\"https:\\\/\\\/www.sarfati.co.il\\\/fr\\\/?s={search_term_string}\"},\"query-input\":{\"@type\":\"PropertyValueSpecification\",\"valueRequired\":true,\"valueName\":\"search_term_string\"}}],\"inLanguage\":\"fr-FR\"},{\"@type\":\"Organization\",\"@id\":\"https:\\\/\\\/www.sarfati.co.il\\\/fr\\\/#organization\",\"name\":\"\u05e6\u05e8\u05e4\u05ea\u05d9 \u05d3\u05d2\u05d9\u05dd \u05de\u05e2\u05d5\u05e9\u05e0\u05d9\u05dd\",\"url\":\"https:\\\/\\\/www.sarfati.co.il\\\/fr\\\/\",\"logo\":{\"@type\":\"ImageObject\",\"inLanguage\":\"fr-FR\",\"@id\":\"https:\\\/\\\/www.sarfati.co.il\\\/fr\\\/#\\\/schema\\\/logo\\\/image\\\/\",\"url\":\"https:\\\/\\\/www.sarfati.co.il\\\/wp-content\\\/uploads\\\/2023\\\/06\\\/logo-01.png\",\"contentUrl\":\"https:\\\/\\\/www.sarfati.co.il\\\/wp-content\\\/uploads\\\/2023\\\/06\\\/logo-01.png\",\"width\":376,\"height\":209,\"caption\":\"\u05e6\u05e8\u05e4\u05ea\u05d9 \u05d3\u05d2\u05d9\u05dd \u05de\u05e2\u05d5\u05e9\u05e0\u05d9\u05dd\"},\"image\":{\"@id\":\"https:\\\/\\\/www.sarfati.co.il\\\/fr\\\/#\\\/schema\\\/logo\\\/image\\\/\"}}]}<\/script>\n<!-- \/ Yoast SEO plugin. -->","yoast_head_json":{"title":"Plateau de m\u00e9lange de poisson fum\u00e9 - \u05e6\u05e8\u05e4\u05ea\u05d9 \u05d3\u05d2\u05d9\u05dd \u05de\u05e2\u05d5\u05e9\u05e0\u05d9\u05dd","robots":{"index":"index","follow":"follow","max-snippet":"max-snippet:-1","max-image-preview":"max-image-preview:large","max-video-preview":"max-video-preview:-1"},"canonical":"https:\/\/www.sarfati.co.il\/fr\/product\/plateau-de-melange-de-poisson-fume\/","og_locale":"fr_FR","og_type":"article","og_title":"Plateau de m\u00e9lange de poisson fum\u00e9 - \u05e6\u05e8\u05e4\u05ea\u05d9 \u05d3\u05d2\u05d9\u05dd \u05de\u05e2\u05d5\u05e9\u05e0\u05d9\u05dd","og_description":"Une grande vari\u00e9t\u00e9 de plateaux qui rendront n\u2019importe quel \u00e9v\u00e9nement plus prestigieux pour vous !&amp;nbsp.&amp;nbsp.&amp;nbsp.&amp;nbsp.&amp;nbsp.&amp;nbsp.","og_url":"https:\/\/www.sarfati.co.il\/fr\/product\/plateau-de-melange-de-poisson-fume\/","og_site_name":"\u05e6\u05e8\u05e4\u05ea\u05d9 \u05d3\u05d2\u05d9\u05dd \u05de\u05e2\u05d5\u05e9\u05e0\u05d9\u05dd","article_modified_time":"2026-03-19T08:05:30+00:00","og_image":[{"width":640,"height":480,"url":"https:\/\/www.sarfati.co.il\/wp-content\/uploads\/-\u05d3\u05d2\u05d9\u05dd-\u05de\u05e2\u05d5\u05e9\u05e0\u05d9\u05dd-e1694595846808.jpg","type":"image\/jpeg"}],"twitter_card":"summary_large_image","schema":{"@context":"https:\/\/schema.org","@graph":[{"@type":"WebPage","@id":"https:\/\/www.sarfati.co.il\/fr\/product\/plateau-de-melange-de-poisson-fume\/","url":"https:\/\/www.sarfati.co.il\/fr\/product\/plateau-de-melange-de-poisson-fume\/","name":"Plateau de m\u00e9lange de poisson fum\u00e9 - \u05e6\u05e8\u05e4\u05ea\u05d9 \u05d3\u05d2\u05d9\u05dd \u05de\u05e2\u05d5\u05e9\u05e0\u05d9\u05dd","isPartOf":{"@id":"https:\/\/www.sarfati.co.il\/fr\/#website"},"primaryImageOfPage":{"@id":"https:\/\/www.sarfati.co.il\/fr\/product\/plateau-de-melange-de-poisson-fume\/#primaryimage"},"image":{"@id":"https:\/\/www.sarfati.co.il\/fr\/product\/plateau-de-melange-de-poisson-fume\/#primaryimage"},"thumbnailUrl":"https:\/\/www.sarfati.co.il\/wp-content\/uploads\/-\u05d3\u05d2\u05d9\u05dd-\u05de\u05e2\u05d5\u05e9\u05e0\u05d9\u05dd-e1694595846808.jpg","datePublished":"2023-09-05T07:07:22+00:00","dateModified":"2026-03-19T08:05:30+00:00","breadcrumb":{"@id":"https:\/\/www.sarfati.co.il\/fr\/product\/plateau-de-melange-de-poisson-fume\/#breadcrumb"},"inLanguage":"fr-FR","potentialAction":[{"@type":"ReadAction","target":["https:\/\/www.sarfati.co.il\/fr\/product\/plateau-de-melange-de-poisson-fume\/"]}]},{"@type":"ImageObject","inLanguage":"fr-FR","@id":"https:\/\/www.sarfati.co.il\/fr\/product\/plateau-de-melange-de-poisson-fume\/#primaryimage","url":"https:\/\/www.sarfati.co.il\/wp-content\/uploads\/-\u05d3\u05d2\u05d9\u05dd-\u05de\u05e2\u05d5\u05e9\u05e0\u05d9\u05dd-e1694595846808.jpg","contentUrl":"https:\/\/www.sarfati.co.il\/wp-content\/uploads\/-\u05d3\u05d2\u05d9\u05dd-\u05de\u05e2\u05d5\u05e9\u05e0\u05d9\u05dd-e1694595846808.jpg","width":640,"height":480},{"@type":"BreadcrumbList","@id":"https:\/\/www.sarfati.co.il\/fr\/product\/plateau-de-melange-de-poisson-fume\/#breadcrumb","itemListElement":[{"@type":"ListItem","position":1,"name":"\u05d3\u05e3 \u05d4\u05d1\u05d9\u05ea","item":"https:\/\/www.sarfati.co.il\/fr\/domicile\/"},{"@type":"ListItem","position":2,"name":"\u05d7\u05e0\u05d5\u05ea","item":"https:\/\/www.sarfati.co.il\/shop\/"},{"@type":"ListItem","position":3,"name":"Plateau de m\u00e9lange de poisson fum\u00e9"}]},{"@type":"WebSite","@id":"https:\/\/www.sarfati.co.il\/fr\/#website","url":"https:\/\/www.sarfati.co.il\/fr\/","name":"\u05e6\u05e8\u05e4\u05ea\u05d9 \u05d3\u05d2\u05d9\u05dd \u05de\u05e2\u05d5\u05e9\u05e0\u05d9\u05dd","description":"","publisher":{"@id":"https:\/\/www.sarfati.co.il\/fr\/#organization"},"potentialAction":[{"@type":"SearchAction","target":{"@type":"EntryPoint","urlTemplate":"https:\/\/www.sarfati.co.il\/fr\/?s={search_term_string}"},"query-input":{"@type":"PropertyValueSpecification","valueRequired":true,"valueName":"search_term_string"}}],"inLanguage":"fr-FR"},{"@type":"Organization","@id":"https:\/\/www.sarfati.co.il\/fr\/#organization","name":"\u05e6\u05e8\u05e4\u05ea\u05d9 \u05d3\u05d2\u05d9\u05dd \u05de\u05e2\u05d5\u05e9\u05e0\u05d9\u05dd","url":"https:\/\/www.sarfati.co.il\/fr\/","logo":{"@type":"ImageObject","inLanguage":"fr-FR","@id":"https:\/\/www.sarfati.co.il\/fr\/#\/schema\/logo\/image\/","url":"https:\/\/www.sarfati.co.il\/wp-content\/uploads\/2023\/06\/logo-01.png","contentUrl":"https:\/\/www.sarfati.co.il\/wp-content\/uploads\/2023\/06\/logo-01.png","width":376,"height":209,"caption":"\u05e6\u05e8\u05e4\u05ea\u05d9 \u05d3\u05d2\u05d9\u05dd \u05de\u05e2\u05d5\u05e9\u05e0\u05d9\u05dd"},"image":{"@id":"https:\/\/www.sarfati.co.il\/fr\/#\/schema\/logo\/image\/"}}]}},"_links":{"self":[{"href":"https:\/\/www.sarfati.co.il\/fr\/wp-json\/wp\/v2\/product\/5012","targetHints":{"allow":["GET"]}}],"collection":[{"href":"https:\/\/www.sarfati.co.il\/fr\/wp-json\/wp\/v2\/product"}],"about":[{"href":"https:\/\/www.sarfati.co.il\/fr\/wp-json\/wp\/v2\/types\/product"}],"replies":[{"embeddable":true,"href":"https:\/\/www.sarfati.co.il\/fr\/wp-json\/wp\/v2\/comments?post=5012"}],"wp:featuredmedia":[{"embeddable":true,"href":"https:\/\/www.sarfati.co.il\/fr\/wp-json\/wp\/v2\/media\/3858"}],"wp:attachment":[{"href":"https:\/\/www.sarfati.co.il\/fr\/wp-json\/wp\/v2\/media?parent=5012"}],"wp:term":[{"taxonomy":"product_brand","embeddable":true,"href":"https:\/\/www.sarfati.co.il\/fr\/wp-json\/wp\/v2\/product_brand?post=5012"},{"taxonomy":"product_cat","embeddable":true,"href":"https:\/\/www.sarfati.co.il\/fr\/wp-json\/wp\/v2\/product_cat?post=5012"},{"taxonomy":"product_tag","embeddable":true,"href":"https:\/\/www.sarfati.co.il\/fr\/wp-json\/wp\/v2\/product_tag?post=5012"}],"curies":[{"name":"wp","href":"https:\/\/api.w.org\/{rel}","templated":true}]}}